{"id":7007,"date":"2026-04-12T18:00:42","date_gmt":"2026-04-12T16:00:42","guid":{"rendered":"https:\/\/faismoifondrebyc.com\/?post_type=product&#038;p=7007"},"modified":"2026-04-12T18:00:22","modified_gmt":"2026-04-12T16:00:22","slug":"bruleur-santiag","status":"publish","type":"product","link":"https:\/\/faismoifondrebyc.com\/index.php\/product\/bruleur-santiag\/","title":{"rendered":"Br\u00fbleur Santiag"},"content":{"rendered":"<p>Br\u00fbleur Santiag\u00a0 avec son design unique inspir\u00e9 de l\u2019univers western apporte une note d\u00e9corative ludique et chaleureuse qui attire l\u2019\u0153il et invite \u00e0 la d\u00e9tente.<\/p>\n<p>Les br\u00fbleurs s\u2019utilisent avec des\u00a0<a href=\"https:\/\/faismoifondrebyc.com\/index.php\/product-category\/fondants-parfumes\/\">fondants parfum\u00e9s<\/a>, disponibles dans la boutique.\u00a0Placez un morceau de cire parfum\u00e9e de la senteur de votre choix sur le haut du br\u00fbleur ou dans la coupelle.\u00a0Allumez une\u00a0<a href=\"https:\/\/faismoifondrebyc.com\/index.php\/product\/bougie-chauffe-plat\/\">bougie chauffe-plat<\/a> et placez la \u00e0 l\u2019int\u00e9rieur du br\u00fbleur. La cire parfum\u00e9e va fondre et diffuser d\u00e9licatement la senteur dans votre int\u00e9rieur pour un moment de d\u00e9tente, et supprimer toutes les mauvaises odeurs. Une fois Br\u00fbleur Oeuf allum\u00e9, vous pourrez profiter de son motif.<\/p>\n<p><strong>Pr\u00e9cautions :\u00a0<\/strong><\/p>\n<ul>\n<li>Les br\u00fbleurs doivent rester hors de port\u00e9e des enfants et des animaux<\/li>\n<li>Ne pas laisser un br\u00fbleur sans surveillance<\/li>\n<li>\u00c9teignez votre bougie chauffe-plat avant de quitter une pi\u00e8ce<\/li>\n<li>\u00c9loignez vos br\u00fbleurs des objets inflammables<\/li>\n<li>Placez votre br\u00fble-parfum allum\u00e9 sur une surface stable<\/li>\n<li>Disposez votre br\u00fbleur \u00e0 l\u2019abri des courants d\u2019air pour \u00e9viter tout risque d\u2019incendie<\/li>\n<\/ul>\n","protected":false},"excerpt":{"rendered":"<p>Br\u00fbleur Santiag<\/p>\n","protected":false},"featured_media":6998,"template":"","meta":{"site-sidebar-layout":"default","site-content-layout":"","ast-site-content-layout":"default","site-content-style":"default","site-sidebar-style":"default","ast-global-header-display":"","ast-banner-title-visibility":"","ast-main-header-display":"","ast-hfb-above-header-display":"","ast-hfb-below-header-display":"","ast-hfb-mobile-header-display":"","site-post-title":"","ast-breadcrumbs-content":"","ast-featured-img":"","footer-sml-layout":"","ast-disable-related-posts":"","theme-transparent-header-meta":"default","adv-header-id-meta":"","stick-header-meta":"default","header-above-stick-meta":"","header-main-stick-meta":"","header-below-stick-meta":"","astra-migrate-meta-layouts":"set","ast-page-background-enabled":"default","ast-page-background-meta":{"desktop":{"background-color":"var(--ast-global-color-4)","background-image":"","background-repeat":"repeat","background-position":"center center","background-size":"auto","background-attachment":"scroll","background-type":"","background-media":"","overlay-type":"","overlay-color":"","overlay-opacity":"","overlay-gradient":""},"tablet":{"background-color":"","background-image":"","background-repeat":"repeat","background-position":"center center","background-size":"auto","background-attachment":"scroll","background-type":"","background-media":"","overlay-type":"","overlay-color":"","overlay-opacity":"","overlay-gradient":""},"mobile":{"background-color":"","background-image":"","background-repeat":"repeat","background-position":"center center","background-size":"auto","background-attachment":"scroll","background-type":"","background-media":"","overlay-type":"","overlay-color":"","overlay-opacity":"","overlay-gradient":""}},"ast-content-background-meta":{"desktop":{"background-color":"var(--ast-global-color-5)","background-image":"","background-repeat":"repeat","background-position":"center center","background-size":"auto","background-attachment":"scroll","background-type":"","background-media":"","overlay-type":"","overlay-color":"","overlay-opacity":"","overlay-gradient":""},"tablet":{"background-color":"var(--ast-global-color-5)","background-image":"","background-repeat":"repeat","background-position":"center center","background-size":"auto","background-attachment":"scroll","background-type":"","background-media":"","overlay-type":"","overlay-color":"","overlay-opacity":"","overlay-gradient":""},"mobile":{"background-color":"var(--ast-global-color-5)","background-image":"","background-repeat":"repeat","background-position":"center center","background-size":"auto","background-attachment":"scroll","background-type":"","background-media":"","overlay-type":"","overlay-color":"","overlay-opacity":"","overlay-gradient":""}}},"product_brand":[],"product_cat":[25,104],"product_tag":[],"class_list":{"0":"post-7007","1":"product","2":"type-product","3":"status-publish","4":"has-post-thumbnail","6":"product_cat-brule-parfum","7":"product_cat-flower-power","8":"desktop-align-left","9":"tablet-align-left","10":"mobile-align-left","11":"ast-product-gallery-layout-horizontal-slider","12":"ast-product-tabs-layout-horizontal","14":"first","15":"instock","16":"shipping-taxable","17":"purchasable","18":"product-type-simple"},"yoast_head":"<!-- This site is optimized with the Yoast SEO plugin v27.2 - https:\/\/yoast.com\/product\/yoast-seo-wordpress\/ -->\n<title>Br\u00fbleur Santiag - Fais moi fondre<\/title>\n<meta name=\"description\" content=\"Br\u00fbleur Orange en c\u00e9ramique, en forme de pot de confiture arbore une finition rouge cerise brillante et un couvercle \u00e0 carreaux rouges et blancs.\" \/>\n<meta name=\"robots\" content=\"index, follow, max-snippet:-1, max-image-preview:large, max-video-preview:-1\" \/>\n<link rel=\"canonical\" href=\"https:\/\/faismoifondrebyc.com\/index.php\/product\/bruleur-santiag\/\" \/>\n<meta property=\"og:locale\" content=\"fr_FR\" \/>\n<meta property=\"og:type\" content=\"article\" \/>\n<meta property=\"og:title\" content=\"Br\u00fbleur Santiag - Fais moi fondre\" \/>\n<meta property=\"og:description\" content=\"Br\u00fbleur Orange en c\u00e9ramique, en forme de pot de confiture arbore une finition rouge cerise brillante et un couvercle \u00e0 carreaux rouges et blancs.\" \/>\n<meta property=\"og:url\" content=\"https:\/\/faismoifondrebyc.com\/index.php\/product\/bruleur-santiag\/\" \/>\n<meta property=\"og:site_name\" content=\"Fais moi fondre\" \/>\n<meta property=\"article:publisher\" content=\"https:\/\/www.facebook.com\/faismoifondrebyC\" \/>\n<meta property=\"og:image\" content=\"https:\/\/faismoifondrebyc.com\/wp-content\/uploads\/2026\/04\/6.jpg\" \/>\n\t<meta property=\"og:image:width\" content=\"1181\" \/>\n\t<meta property=\"og:image:height\" content=\"1181\" \/>\n\t<meta property=\"og:image:type\" content=\"image\/jpeg\" \/>\n<meta name=\"twitter:card\" content=\"summary_large_image\" \/>\n<meta name=\"twitter:label1\" content=\"Dur\u00e9e de lecture estim\u00e9e\" \/>\n\t<meta name=\"twitter:data1\" content=\"2 minutes\" \/>\n<script type=\"application\/ld+json\" class=\"yoast-schema-graph\">{\"@context\":\"https:\/\/schema.org\",\"@graph\":[{\"@type\":\"WebPage\",\"@id\":\"https:\/\/faismoifondrebyc.com\/index.php\/product\/bruleur-santiag\/\",\"url\":\"https:\/\/faismoifondrebyc.com\/index.php\/product\/bruleur-santiag\/\",\"name\":\"Br\u00fbleur Santiag - Fais moi fondre\",\"isPartOf\":{\"@id\":\"https:\/\/faismoifondrebyc.com\/#website\"},\"primaryImageOfPage\":{\"@id\":\"https:\/\/faismoifondrebyc.com\/index.php\/product\/bruleur-santiag\/#primaryimage\"},\"image\":{\"@id\":\"https:\/\/faismoifondrebyc.com\/index.php\/product\/bruleur-santiag\/#primaryimage\"},\"thumbnailUrl\":\"https:\/\/faismoifondrebyc.com\/wp-content\/uploads\/2026\/04\/6.jpg\",\"datePublished\":\"2026-04-12T16:00:42+00:00\",\"description\":\"Br\u00fbleur Orange en c\u00e9ramique, en forme de pot de confiture arbore une finition rouge cerise brillante et un couvercle \u00e0 carreaux rouges et blancs.\",\"breadcrumb\":{\"@id\":\"https:\/\/faismoifondrebyc.com\/index.php\/product\/bruleur-santiag\/#breadcrumb\"},\"inLanguage\":\"fr-FR\",\"potentialAction\":[{\"@type\":\"ReadAction\",\"target\":[\"https:\/\/faismoifondrebyc.com\/index.php\/product\/bruleur-santiag\/\"]}]},{\"@type\":\"ImageObject\",\"inLanguage\":\"fr-FR\",\"@id\":\"https:\/\/faismoifondrebyc.com\/index.php\/product\/bruleur-santiag\/#primaryimage\",\"url\":\"https:\/\/faismoifondrebyc.com\/wp-content\/uploads\/2026\/04\/6.jpg\",\"contentUrl\":\"https:\/\/faismoifondrebyc.com\/wp-content\/uploads\/2026\/04\/6.jpg\",\"width\":1181,\"height\":1181},{\"@type\":\"BreadcrumbList\",\"@id\":\"https:\/\/faismoifondrebyc.com\/index.php\/product\/bruleur-santiag\/#breadcrumb\",\"itemListElement\":[{\"@type\":\"ListItem\",\"position\":1,\"name\":\"Accueil\",\"item\":\"https:\/\/faismoifondrebyc.com\/\"},{\"@type\":\"ListItem\",\"position\":2,\"name\":\"Boutique\",\"item\":\"https:\/\/faismoifondrebyc.com\/index.php\/boutique\/\"},{\"@type\":\"ListItem\",\"position\":3,\"name\":\"Br\u00fbleur Santiag\"}]},{\"@type\":\"WebSite\",\"@id\":\"https:\/\/faismoifondrebyc.com\/#website\",\"url\":\"https:\/\/faismoifondrebyc.com\/\",\"name\":\"Fais moi fondre by C\",\"description\":\"cr\u00e9atrice de senteurs\",\"publisher\":{\"@id\":\"https:\/\/faismoifondrebyc.com\/#organization\"},\"potentialAction\":[{\"@type\":\"SearchAction\",\"target\":{\"@type\":\"EntryPoint\",\"urlTemplate\":\"https:\/\/faismoifondrebyc.com\/?s={search_term_string}\"},\"query-input\":{\"@type\":\"PropertyValueSpecification\",\"valueRequired\":true,\"valueName\":\"search_term_string\"}}],\"inLanguage\":\"fr-FR\"},{\"@type\":\"Organization\",\"@id\":\"https:\/\/faismoifondrebyc.com\/#organization\",\"name\":\"Fais moi fondre by C\",\"url\":\"https:\/\/faismoifondrebyc.com\/\",\"logo\":{\"@type\":\"ImageObject\",\"inLanguage\":\"fr-FR\",\"@id\":\"https:\/\/faismoifondrebyc.com\/#\/schema\/logo\/image\/\",\"url\":\"https:\/\/faismoifondrebyc.com\/wp-content\/uploads\/2023\/03\/cropped-Sans-titre-1.png\",\"contentUrl\":\"https:\/\/faismoifondrebyc.com\/wp-content\/uploads\/2023\/03\/cropped-Sans-titre-1.png\",\"width\":1080,\"height\":1080,\"caption\":\"Fais moi fondre by C\"},\"image\":{\"@id\":\"https:\/\/faismoifondrebyc.com\/#\/schema\/logo\/image\/\"},\"sameAs\":[\"https:\/\/www.facebook.com\/faismoifondrebyC\",\"https:\/\/www.instagram.com\/faismoifondrebyc\/\"]}]}<\/script>\n<!-- \/ Yoast SEO plugin. -->","yoast_head_json":{"title":"Br\u00fbleur Santiag - Fais moi fondre","description":"Br\u00fbleur Orange en c\u00e9ramique, en forme de pot de confiture arbore une finition rouge cerise brillante et un couvercle \u00e0 carreaux rouges et blancs.","robots":{"index":"index","follow":"follow","max-snippet":"max-snippet:-1","max-image-preview":"max-image-preview:large","max-video-preview":"max-video-preview:-1"},"canonical":"https:\/\/faismoifondrebyc.com\/index.php\/product\/bruleur-santiag\/","og_locale":"fr_FR","og_type":"article","og_title":"Br\u00fbleur Santiag - Fais moi fondre","og_description":"Br\u00fbleur Orange en c\u00e9ramique, en forme de pot de confiture arbore une finition rouge cerise brillante et un couvercle \u00e0 carreaux rouges et blancs.","og_url":"https:\/\/faismoifondrebyc.com\/index.php\/product\/bruleur-santiag\/","og_site_name":"Fais moi fondre","article_publisher":"https:\/\/www.facebook.com\/faismoifondrebyC","og_image":[{"width":1181,"height":1181,"url":"https:\/\/faismoifondrebyc.com\/wp-content\/uploads\/2026\/04\/6.jpg","type":"image\/jpeg"}],"twitter_card":"summary_large_image","twitter_misc":{"Dur\u00e9e de lecture estim\u00e9e":"2 minutes"},"schema":{"@context":"https:\/\/schema.org","@graph":[{"@type":"WebPage","@id":"https:\/\/faismoifondrebyc.com\/index.php\/product\/bruleur-santiag\/","url":"https:\/\/faismoifondrebyc.com\/index.php\/product\/bruleur-santiag\/","name":"Br\u00fbleur Santiag - Fais moi fondre","isPartOf":{"@id":"https:\/\/faismoifondrebyc.com\/#website"},"primaryImageOfPage":{"@id":"https:\/\/faismoifondrebyc.com\/index.php\/product\/bruleur-santiag\/#primaryimage"},"image":{"@id":"https:\/\/faismoifondrebyc.com\/index.php\/product\/bruleur-santiag\/#primaryimage"},"thumbnailUrl":"https:\/\/faismoifondrebyc.com\/wp-content\/uploads\/2026\/04\/6.jpg","datePublished":"2026-04-12T16:00:42+00:00","description":"Br\u00fbleur Orange en c\u00e9ramique, en forme de pot de confiture arbore une finition rouge cerise brillante et un couvercle \u00e0 carreaux rouges et blancs.","breadcrumb":{"@id":"https:\/\/faismoifondrebyc.com\/index.php\/product\/bruleur-santiag\/#breadcrumb"},"inLanguage":"fr-FR","potentialAction":[{"@type":"ReadAction","target":["https:\/\/faismoifondrebyc.com\/index.php\/product\/bruleur-santiag\/"]}]},{"@type":"ImageObject","inLanguage":"fr-FR","@id":"https:\/\/faismoifondrebyc.com\/index.php\/product\/bruleur-santiag\/#primaryimage","url":"https:\/\/faismoifondrebyc.com\/wp-content\/uploads\/2026\/04\/6.jpg","contentUrl":"https:\/\/faismoifondrebyc.com\/wp-content\/uploads\/2026\/04\/6.jpg","width":1181,"height":1181},{"@type":"BreadcrumbList","@id":"https:\/\/faismoifondrebyc.com\/index.php\/product\/bruleur-santiag\/#breadcrumb","itemListElement":[{"@type":"ListItem","position":1,"name":"Accueil","item":"https:\/\/faismoifondrebyc.com\/"},{"@type":"ListItem","position":2,"name":"Boutique","item":"https:\/\/faismoifondrebyc.com\/index.php\/boutique\/"},{"@type":"ListItem","position":3,"name":"Br\u00fbleur Santiag"}]},{"@type":"WebSite","@id":"https:\/\/faismoifondrebyc.com\/#website","url":"https:\/\/faismoifondrebyc.com\/","name":"Fais moi fondre by C","description":"cr\u00e9atrice de senteurs","publisher":{"@id":"https:\/\/faismoifondrebyc.com\/#organization"},"potentialAction":[{"@type":"SearchAction","target":{"@type":"EntryPoint","urlTemplate":"https:\/\/faismoifondrebyc.com\/?s={search_term_string}"},"query-input":{"@type":"PropertyValueSpecification","valueRequired":true,"valueName":"search_term_string"}}],"inLanguage":"fr-FR"},{"@type":"Organization","@id":"https:\/\/faismoifondrebyc.com\/#organization","name":"Fais moi fondre by C","url":"https:\/\/faismoifondrebyc.com\/","logo":{"@type":"ImageObject","inLanguage":"fr-FR","@id":"https:\/\/faismoifondrebyc.com\/#\/schema\/logo\/image\/","url":"https:\/\/faismoifondrebyc.com\/wp-content\/uploads\/2023\/03\/cropped-Sans-titre-1.png","contentUrl":"https:\/\/faismoifondrebyc.com\/wp-content\/uploads\/2023\/03\/cropped-Sans-titre-1.png","width":1080,"height":1080,"caption":"Fais moi fondre by C"},"image":{"@id":"https:\/\/faismoifondrebyc.com\/#\/schema\/logo\/image\/"},"sameAs":["https:\/\/www.facebook.com\/faismoifondrebyC","https:\/\/www.instagram.com\/faismoifondrebyc\/"]}]}},"_links":{"self":[{"href":"https:\/\/faismoifondrebyc.com\/index.php\/wp-json\/wp\/v2\/product\/7007","targetHints":{"allow":["GET"]}}],"collection":[{"href":"https:\/\/faismoifondrebyc.com\/index.php\/wp-json\/wp\/v2\/product"}],"about":[{"href":"https:\/\/faismoifondrebyc.com\/index.php\/wp-json\/wp\/v2\/types\/product"}],"version-history":[{"count":1,"href":"https:\/\/faismoifondrebyc.com\/index.php\/wp-json\/wp\/v2\/product\/7007\/revisions"}],"predecessor-version":[{"id":7008,"href":"https:\/\/faismoifondrebyc.com\/index.php\/wp-json\/wp\/v2\/product\/7007\/revisions\/7008"}],"wp:featuredmedia":[{"embeddable":true,"href":"https:\/\/faismoifondrebyc.com\/index.php\/wp-json\/wp\/v2\/media\/6998"}],"wp:attachment":[{"href":"https:\/\/faismoifondrebyc.com\/index.php\/wp-json\/wp\/v2\/media?parent=7007"}],"wp:term":[{"taxonomy":"product_brand","embeddable":true,"href":"https:\/\/faismoifondrebyc.com\/index.php\/wp-json\/wp\/v2\/product_brand?post=7007"},{"taxonomy":"product_cat","embeddable":true,"href":"https:\/\/faismoifondrebyc.com\/index.php\/wp-json\/wp\/v2\/product_cat?post=7007"},{"taxonomy":"product_tag","embeddable":true,"href":"https:\/\/faismoifondrebyc.com\/index.php\/wp-json\/wp\/v2\/product_tag?post=7007"}],"curies":[{"name":"wp","href":"https:\/\/api.w.org\/{rel}","templated":true}]}}