{"id":6993,"date":"2026-04-12T18:00:22","date_gmt":"2026-04-12T16:00:22","guid":{"rendered":"https:\/\/faismoifondrebyc.com\/?post_type=product&#038;p=6993"},"modified":"2026-04-12T17:48:13","modified_gmt":"2026-04-12T15:48:13","slug":"bougie-tomate-basilic","status":"publish","type":"product","link":"https:\/\/faismoifondrebyc.com\/index.php\/product\/bougie-tomate-basilic\/","title":{"rendered":"Bougie Tomate Basilic"},"content":{"rendered":"<div>\n<div class=\"flex h-svh w-screen flex-col\">\n<div class=\"relative z-0 flex min-h-0 w-full flex-1\">\n<div class=\"relative flex min-h-0 w-full flex-1\">\n<div class=\"@container\/main relative flex min-w-0 flex-1 flex-col -translate-y-[calc(env(safe-area-inset-bottom,0px)\/2)] pt-[calc(env(safe-area-inset-bottom,0px)\/2)]\">\n<div class=\"@w-sm\/main:[scrollbar-gutter:var(--stage-scroll-gutter)] touch:[scrollbar-width:none] group\/scroll-root relative flex min-h-0 min-w-0 flex-1 flex-col [scrollbar-gutter:stable] not-print:overflow-x-clip not-print:overflow-y-auto group-data-stream-active\/scroll-root:[overflow-anchor:none] scroll-pt-(--header-height) [--sticky-padding-top:var(--header-height)] [--sticky-padding-bottom:0px] [--scroll-root-safe-area-inset-top:calc(var(--sticky-padding-top)+env(safe-area-inset-top,0px))] [--scroll-root-safe-area-inset-bottom:calc(var(--sticky-padding-bottom)+var(--screen-keyboard-height,0px)+env(safe-area-inset-bottom,0px))] [--scroll-root-safe-area-height:calc(100lvh-var(--scroll-root-safe-area-inset-top)-var(--scroll-root-safe-area-inset-bottom))] has-data-[fixed-header=less-than-xl]:@w-xl\/main:scroll-pt-0 has-data-[fixed-header=less-than-xl]:@w-xl\/main:[--sticky-padding-top:0px] has-data-[fixed-header=less-than-xxl]:@w-2xl\/main:scroll-pt-0 has-data-[fixed-header=less-than-xxl]:@w-2xl\/main:[--sticky-padding-top:0px]\" data-scroll-root=\"\" data-scroll-from-top=\"\">\n<h3 data-section-id=\"lpqpw4\" data-start=\"2040\" data-end=\"2085\"><span role=\"text\"><strong data-start=\"2044\" data-end=\"2085\">Bougie parfum\u00e9e \u2013 Tomate Basilic \ud83c\udf45\ud83c\udf3f<\/strong><\/span><\/h3>\n<p data-start=\"2087\" data-end=\"2228\">Apportez une bouff\u00e9e de fra\u00eecheur \u00e0 votre int\u00e9rieur avec <strong data-start=\"2144\" data-end=\"2162\">Tomate Basilic<\/strong>, une senteur verte et aromatique inspir\u00e9e d\u2019un jardin ensoleill\u00e9.<\/p>\n<p data-start=\"2230\" data-end=\"2329\">Sa <strong data-start=\"2233\" data-end=\"2280\">marguerite d\u00e9licatement pos\u00e9e sur le dessus<\/strong> en fait une pi\u00e8ce aussi d\u00e9corative qu\u2019olfactive.<\/p>\n<p data-start=\"2331\" data-end=\"2484\">\u2728 <strong data-start=\"2333\" data-end=\"2355\">Pyramide olfactive<\/strong><br data-start=\"2355\" data-end=\"2358\" \/>\ud83c\udf3f <strong data-start=\"2361\" data-end=\"2378\">Notes de t\u00eate<\/strong> : accord vert<br data-start=\"2392\" data-end=\"2395\" \/>\ud83c\udf45 <strong data-start=\"2398\" data-end=\"2415\">Notes de c\u0153ur<\/strong> : tomate fra\u00eeche, basilic<br data-start=\"2441\" data-end=\"2444\" \/>\ud83c\udf6c <strong data-start=\"2447\" data-end=\"2464\">Notes de fond<\/strong> : accord gourmand<\/p>\n<p data-start=\"2486\" data-end=\"2578\">\u2728 <strong data-start=\"2488\" data-end=\"2524\">Une ambiance fra\u00eeche et v\u00e9g\u00e9tale<\/strong><br data-start=\"2524\" data-end=\"2527\" \/>Parfaite pour une sensation de propre et de nature.<\/p>\n<p data-start=\"2580\" data-end=\"2635\">\ud83d\udd6f\ufe0f <strong data-start=\"2584\" data-end=\"2600\">175g de cire<\/strong><br data-start=\"2600\" data-end=\"2603\" \/>\u23f3 <strong data-start=\"2605\" data-end=\"2633\">Jusqu\u2019\u00e0 45h de diffusion<\/strong><\/p>\n<p data-start=\"2637\" data-end=\"2724\">\ud83c\udf3c <strong data-start=\"2640\" data-end=\"2660\">D\u00e9tail signature<\/strong><br data-start=\"2660\" data-end=\"2663\" \/>Une marguerite florale pour une touche naturelle et \u00e9l\u00e9gante.<\/p>\n<p data-start=\"2726\" data-end=\"2803\"><strong data-start=\"2810\" data-end=\"2915\">Tomate Basilic, c\u2019est une bouff\u00e9e d\u2019air frais\u2026 un parfum v\u00e9g\u00e9tal qui fait entrer la nature chez vous.<\/strong><\/p>\n<p data-start=\"2917\" data-end=\"2964\">\ud83c\udf3f \u00c0 allumer pour un instant de pure fra\u00eecheur.<\/p>\n<div id=\"thread\" class=\"group\/thread flex flex-col min-h-full\">\n<div class=\"composer-parent flex flex-1 flex-col focus-visible:outline-0\" role=\"presentation\">\n<div class=\"relative basis-auto flex-col -mb-(--composer-overlap-px) pb-(--composer-overlap-px) [--composer-overlap-px:28px] grow flex\">\n<div class=\"flex flex-col text-sm pb-25\">\n<section class=\"text-token-text-primary w-full focus:outline-none [--shadow-height:45px] has-data-writing-block:pointer-events-none has-data-writing-block:-mt-(--shadow-height) has-data-writing-block:pt-(--shadow-height) [&amp;:has([data-writing-block])&gt;*]:pointer-events-auto scroll-mt-[calc(var(--header-height)+min(200px,max(70px,20svh)))]\" dir=\"auto\" data-turn-id=\"request-WEB:44a0946c-4e0a-48e0-acdb-fe1ad8ed8a05-14\" data-testid=\"conversation-turn-30\" data-scroll-anchor=\"true\" data-turn=\"assistant\">\n<div class=\"text-base my-auto mx-auto pb-10 [--thread-content-margin:var(--thread-content-margin-xs,calc(var(--spacing)*4))] @w-sm\/main:[--thread-content-margin:var(--thread-content-margin-sm,calc(var(--spacing)*6))] @w-lg\/main:[--thread-content-margin:var(--thread-content-margin-lg,calc(var(--spacing)*16))] px-(--thread-content-margin)\">\n<div class=\"[--thread-content-max-width:40rem] @w-lg\/main:[--thread-content-max-width:48rem] mx-auto max-w-(--thread-content-max-width) flex-1 group\/turn-messages focus-visible:outline-hidden relative flex w-full min-w-0 flex-col agent-turn\">\n<div class=\"mt-3 w-full empty:hidden\">\n<div class=\"text-center\"><span style=\"font-size: 16px;\">La cire de soja peut afficher un effet de givre \u00e0 sa surface ou d\u00e9velopper des craquelures. Cela vous garantie une cire enti\u00e8rement naturelle et eco responsable venant d\u2019Europe.<\/span><\/div>\n<\/div>\n<\/div>\n<\/div>\n<\/section>\n<\/div>\n<\/div>\n<\/div>\n<\/div>\n<p><span style=\"font-size: 1.1em; font-weight: bold;\">Conseils d\u2019utilisations<\/span><\/p>\n<\/div>\n<\/div>\n<\/div>\n<\/div>\n<\/div>\n<\/div>\n<p>Laisser la bougie br\u00fbler suffisamment longtemps (1 \u00e0 2 heures) pour que toute la surface de la cire fonde et forme une \u00ab piscine \u00bb jusqu\u2019au bord du contenant. Mais Si vous ne laissez pas la bougie br\u00fbler assez longtemps avant de l\u2019\u00e9teindre. Elle va se creuser et former un puit de plus en plus profond. La bougie poss\u00e8de une sorte de m\u00e9moire et reprendra le trou de br\u00fblage pr\u00e9c\u00e9dent au lieu de fondre uniform\u00e9ment jusqu\u2019\u00e0 total totale \u00e9puisement de la cire.<\/p>\n<p>Il faut recouper la m\u00e8che \u00e0 environ 0,5cm avant chaque utilisation pour \u00e9viter la surchauffe et la fum\u00e9e noire. Les bougies en cire de soja ne produisent pas de suie toxique comme les bougies en paraffine. Lorsque la m\u00e8che est trop longue, il peut se former un d\u00e9p\u00f4t de carbone au bout, ce qui peut causer de la fum\u00e9e. Recouper votre m\u00e8che \u00e9vitera ce d\u00e9sagr\u00e9ment et rendra la combustion plus sure et plus lente, la bougie durera plus longtemps.<\/p>\n<p>La cire v\u00e9g\u00e9tale est facile \u00e0 nettoyer avec de l\u2019eau chaude et du savon. Ne jetez-pas les restes dans votre \u00e9vier, vous boucherez vos canalisations ! S\u2019il reste un peu de cire dans vos containers, faites chauffer un peu le verre, essuyez la cire fondue avec un chiffon sec. Vous pourrez donc ensuite nettoyer votre contenant normalement et le recycler \u00e0 votre convenance.<\/p>\n<h6>Pr\u00e9cautions d\u2019utilisations:<\/h6>\n<p>Retirez les r\u00e9sidus de m\u00e8che ou d\u2019allumette pr\u00e9sente \u00e0 l\u2019int\u00e9rieur de la bougie parfum\u00e9e pour \u00e9viter qu\u2019elle ne fume.<br \/>\nDisposez la bougie parfum\u00e9e sur une surface plane et \u00e0 l\u2019abri des courants d\u2019air pour \u00e9viter les risques d\u2019incendies.<br \/>\n<span style=\"font-size: 16px;\">\u00a0la Bougie Tomate Basilic <\/span>doit rester hors de port\u00e9e des enfants et des animaux.<br \/>\nNe laissez jamais une bougie parfum\u00e9e sans surveillance. Eteignez vos bougies parfum\u00e9es avant d\u2019aller dormir et avant de quitter la pi\u00e8ce ou votre domicile.<br \/>\nVeillez toujours \u00e0 ce que la bougie parfum\u00e9e soit \u00e9loign\u00e9e des objets inflammables.<\/p>\n<h6><strong>Ingr\u00e9dients:<\/strong><\/h6>\n<div>La cire de soja europ\u00e9enne que nous utilisons est d\u2019<span class=\"sac\">excellente<\/span>\u00a0qualit\u00e9, elle permet une diffusion de parfum plus longue! Elle est issue de culture sans OGM ni pesticide, de plus la cire de soja est \u00e9conomique, \u00e9cologique, biod\u00e9gradable et facile \u00e0 nettoyer. La bougie \u00e0 base de cire v\u00e9g\u00e9tale de soja ne d\u00e9gage pas de substances toxiques et assure une\u00a0<span class=\"sac\">excellente\u00a0<\/span>diffusion du parfum.<\/div>\n<p>Les m\u00e8ches sont en coton tress\u00e9 ne contiennent pas de plombs, elles sont minutieusement choisies pour obtenir une qualit\u00e9 de diffusion optimale.<\/p>\n<p>Les fragrances utilis\u00e9es dans nos bougies Taureau ont \u00e9t\u00e9 con\u00e7ue par un parfumeur professionnel de la ville de Grasse, capitale mondialement connu pour la cr\u00e9ation de parfums. Les huiles sont sans CMR (canc\u00e9rig\u00e8ne, mutag\u00e8ne, repro toxique) et r\u00e9pondent aux normes IFRA (international fragrance association).<\/p>\n","protected":false},"excerpt":{"rendered":"<p>\u2728 <strong data-start=\"2333\" data-end=\"2355\">Pyramide olfactive<\/strong><br data-start=\"2355\" data-end=\"2358\" \/>\ud83c\udf3f <strong data-start=\"2361\" data-end=\"2378\">Notes de t\u00eate<\/strong> : accord vert<br data-start=\"2392\" data-end=\"2395\" \/>\ud83c\udf45 <strong data-start=\"2398\" data-end=\"2415\">Notes de c\u0153ur<\/strong> : tomate fra\u00eeche, basilic<br data-start=\"2441\" data-end=\"2444\" \/>\ud83c\udf6c <strong data-start=\"2447\" data-end=\"2464\">Notes de fond<\/strong> : accord gourmand<\/p>\n","protected":false},"featured_media":6986,"template":"","meta":{"site-sidebar-layout":"default","site-content-layout":"","ast-site-content-layout":"default","site-content-style":"default","site-sidebar-style":"default","ast-global-header-display":"","ast-banner-title-visibility":"","ast-main-header-display":"","ast-hfb-above-header-display":"","ast-hfb-below-header-display":"","ast-hfb-mobile-header-display":"","site-post-title":"","ast-breadcrumbs-content":"","ast-featured-img":"","footer-sml-layout":"","ast-disable-related-posts":"","theme-transparent-header-meta":"default","adv-header-id-meta":"","stick-header-meta":"default","header-above-stick-meta":"","header-main-stick-meta":"","header-below-stick-meta":"","astra-migrate-meta-layouts":"set","ast-page-background-enabled":"default","ast-page-background-meta":{"desktop":{"background-color":"var(--ast-global-color-4)","background-image":"","background-repeat":"repeat","background-position":"center center","background-size":"auto","background-attachment":"scroll","background-type":"","background-media":"","overlay-type":"","overlay-color":"","overlay-opacity":"","overlay-gradient":""},"tablet":{"background-color":"","background-image":"","background-repeat":"repeat","background-position":"center center","background-size":"auto","background-attachment":"scroll","background-type":"","background-media":"","overlay-type":"","overlay-color":"","overlay-opacity":"","overlay-gradient":""},"mobile":{"background-color":"","background-image":"","background-repeat":"repeat","background-position":"center center","background-size":"auto","background-attachment":"scroll","background-type":"","background-media":"","overlay-type":"","overlay-color":"","overlay-opacity":"","overlay-gradient":""}},"ast-content-background-meta":{"desktop":{"background-color":"var(--ast-global-color-5)","background-image":"","background-repeat":"repeat","background-position":"center center","background-size":"auto","background-attachment":"scroll","background-type":"","background-media":"","overlay-type":"","overlay-color":"","overlay-opacity":"","overlay-gradient":""},"tablet":{"background-color":"var(--ast-global-color-5)","background-image":"","background-repeat":"repeat","background-position":"center center","background-size":"auto","background-attachment":"scroll","background-type":"","background-media":"","overlay-type":"","overlay-color":"","overlay-opacity":"","overlay-gradient":""},"mobile":{"background-color":"var(--ast-global-color-5)","background-image":"","background-repeat":"repeat","background-position":"center center","background-size":"auto","background-attachment":"scroll","background-type":"","background-media":"","overlay-type":"","overlay-color":"","overlay-opacity":"","overlay-gradient":""}}},"product_brand":[],"product_cat":[102,104],"product_tag":[],"class_list":{"0":"post-6993","1":"product","2":"type-product","3":"status-publish","4":"has-post-thumbnail","6":"product_cat-bougies","7":"product_cat-flower-power","8":"desktop-align-left","9":"tablet-align-left","10":"mobile-align-left","11":"ast-product-gallery-layout-horizontal-slider","12":"ast-product-tabs-layout-horizontal","14":"first","15":"instock","16":"shipping-taxable","17":"purchasable","18":"product-type-simple"},"yoast_head":"<!-- This site is optimized with the Yoast SEO plugin v27.2 - https:\/\/yoast.com\/product\/yoast-seo-wordpress\/ -->\n<title>Bougie Tomate Basilic - Fais moi fondre<\/title>\n<meta name=\"description\" content=\"Apportez une bouff\u00e9e de fra\u00eecheur \u00e0 votre int\u00e9rieur avec Tomate Basilic, une senteur verte et aromatique inspir\u00e9e d\u2019un jardin ensoleill\u00e9.\" \/>\n<meta name=\"robots\" content=\"index, follow, max-snippet:-1, max-image-preview:large, max-video-preview:-1\" \/>\n<link rel=\"canonical\" href=\"https:\/\/faismoifondrebyc.com\/index.php\/product\/bougie-tomate-basilic\/\" \/>\n<meta property=\"og:locale\" content=\"fr_FR\" \/>\n<meta property=\"og:type\" content=\"article\" \/>\n<meta property=\"og:title\" content=\"Bougie Tomate Basilic - Fais moi fondre\" \/>\n<meta property=\"og:description\" content=\"Apportez une bouff\u00e9e de fra\u00eecheur \u00e0 votre int\u00e9rieur avec Tomate Basilic, une senteur verte et aromatique inspir\u00e9e d\u2019un jardin ensoleill\u00e9.\" \/>\n<meta property=\"og:url\" content=\"https:\/\/faismoifondrebyc.com\/index.php\/product\/bougie-tomate-basilic\/\" \/>\n<meta property=\"og:site_name\" content=\"Fais moi fondre\" \/>\n<meta property=\"article:publisher\" content=\"https:\/\/www.facebook.com\/faismoifondrebyC\" \/>\n<meta property=\"og:image\" content=\"https:\/\/faismoifondrebyc.com\/wp-content\/uploads\/2026\/04\/Capture-decran-2026-04-12-a-17.28.29.png\" \/>\n\t<meta property=\"og:image:width\" content=\"856\" \/>\n\t<meta property=\"og:image:height\" content=\"932\" \/>\n\t<meta property=\"og:image:type\" content=\"image\/png\" \/>\n<meta name=\"twitter:card\" content=\"summary_large_image\" \/>\n<meta name=\"twitter:label1\" content=\"Dur\u00e9e de lecture estim\u00e9e\" \/>\n\t<meta name=\"twitter:data1\" content=\"4 minutes\" \/>\n<script type=\"application\/ld+json\" class=\"yoast-schema-graph\">{\"@context\":\"https:\/\/schema.org\",\"@graph\":[{\"@type\":\"WebPage\",\"@id\":\"https:\/\/faismoifondrebyc.com\/index.php\/product\/bougie-tomate-basilic\/\",\"url\":\"https:\/\/faismoifondrebyc.com\/index.php\/product\/bougie-tomate-basilic\/\",\"name\":\"Bougie Tomate Basilic - Fais moi fondre\",\"isPartOf\":{\"@id\":\"https:\/\/faismoifondrebyc.com\/#website\"},\"primaryImageOfPage\":{\"@id\":\"https:\/\/faismoifondrebyc.com\/index.php\/product\/bougie-tomate-basilic\/#primaryimage\"},\"image\":{\"@id\":\"https:\/\/faismoifondrebyc.com\/index.php\/product\/bougie-tomate-basilic\/#primaryimage\"},\"thumbnailUrl\":\"https:\/\/faismoifondrebyc.com\/wp-content\/uploads\/2026\/04\/Capture-decran-2026-04-12-a-17.28.29.png\",\"datePublished\":\"2026-04-12T16:00:22+00:00\",\"description\":\"Apportez une bouff\u00e9e de fra\u00eecheur \u00e0 votre int\u00e9rieur avec Tomate Basilic, une senteur verte et aromatique inspir\u00e9e d\u2019un jardin ensoleill\u00e9.\",\"breadcrumb\":{\"@id\":\"https:\/\/faismoifondrebyc.com\/index.php\/product\/bougie-tomate-basilic\/#breadcrumb\"},\"inLanguage\":\"fr-FR\",\"potentialAction\":[{\"@type\":\"ReadAction\",\"target\":[\"https:\/\/faismoifondrebyc.com\/index.php\/product\/bougie-tomate-basilic\/\"]}]},{\"@type\":\"ImageObject\",\"inLanguage\":\"fr-FR\",\"@id\":\"https:\/\/faismoifondrebyc.com\/index.php\/product\/bougie-tomate-basilic\/#primaryimage\",\"url\":\"https:\/\/faismoifondrebyc.com\/wp-content\/uploads\/2026\/04\/Capture-decran-2026-04-12-a-17.28.29.png\",\"contentUrl\":\"https:\/\/faismoifondrebyc.com\/wp-content\/uploads\/2026\/04\/Capture-decran-2026-04-12-a-17.28.29.png\",\"width\":856,\"height\":932},{\"@type\":\"BreadcrumbList\",\"@id\":\"https:\/\/faismoifondrebyc.com\/index.php\/product\/bougie-tomate-basilic\/#breadcrumb\",\"itemListElement\":[{\"@type\":\"ListItem\",\"position\":1,\"name\":\"Accueil\",\"item\":\"https:\/\/faismoifondrebyc.com\/\"},{\"@type\":\"ListItem\",\"position\":2,\"name\":\"Boutique\",\"item\":\"https:\/\/faismoifondrebyc.com\/index.php\/boutique\/\"},{\"@type\":\"ListItem\",\"position\":3,\"name\":\"Bougie Tomate Basilic\"}]},{\"@type\":\"WebSite\",\"@id\":\"https:\/\/faismoifondrebyc.com\/#website\",\"url\":\"https:\/\/faismoifondrebyc.com\/\",\"name\":\"Fais moi fondre by C\",\"description\":\"cr\u00e9atrice de senteurs\",\"publisher\":{\"@id\":\"https:\/\/faismoifondrebyc.com\/#organization\"},\"potentialAction\":[{\"@type\":\"SearchAction\",\"target\":{\"@type\":\"EntryPoint\",\"urlTemplate\":\"https:\/\/faismoifondrebyc.com\/?s={search_term_string}\"},\"query-input\":{\"@type\":\"PropertyValueSpecification\",\"valueRequired\":true,\"valueName\":\"search_term_string\"}}],\"inLanguage\":\"fr-FR\"},{\"@type\":\"Organization\",\"@id\":\"https:\/\/faismoifondrebyc.com\/#organization\",\"name\":\"Fais moi fondre by C\",\"url\":\"https:\/\/faismoifondrebyc.com\/\",\"logo\":{\"@type\":\"ImageObject\",\"inLanguage\":\"fr-FR\",\"@id\":\"https:\/\/faismoifondrebyc.com\/#\/schema\/logo\/image\/\",\"url\":\"https:\/\/faismoifondrebyc.com\/wp-content\/uploads\/2023\/03\/cropped-Sans-titre-1.png\",\"contentUrl\":\"https:\/\/faismoifondrebyc.com\/wp-content\/uploads\/2023\/03\/cropped-Sans-titre-1.png\",\"width\":1080,\"height\":1080,\"caption\":\"Fais moi fondre by C\"},\"image\":{\"@id\":\"https:\/\/faismoifondrebyc.com\/#\/schema\/logo\/image\/\"},\"sameAs\":[\"https:\/\/www.facebook.com\/faismoifondrebyC\",\"https:\/\/www.instagram.com\/faismoifondrebyc\/\"]}]}<\/script>\n<!-- \/ Yoast SEO plugin. -->","yoast_head_json":{"title":"Bougie Tomate Basilic - Fais moi fondre","description":"Apportez une bouff\u00e9e de fra\u00eecheur \u00e0 votre int\u00e9rieur avec Tomate Basilic, une senteur verte et aromatique inspir\u00e9e d\u2019un jardin ensoleill\u00e9.","robots":{"index":"index","follow":"follow","max-snippet":"max-snippet:-1","max-image-preview":"max-image-preview:large","max-video-preview":"max-video-preview:-1"},"canonical":"https:\/\/faismoifondrebyc.com\/index.php\/product\/bougie-tomate-basilic\/","og_locale":"fr_FR","og_type":"article","og_title":"Bougie Tomate Basilic - Fais moi fondre","og_description":"Apportez une bouff\u00e9e de fra\u00eecheur \u00e0 votre int\u00e9rieur avec Tomate Basilic, une senteur verte et aromatique inspir\u00e9e d\u2019un jardin ensoleill\u00e9.","og_url":"https:\/\/faismoifondrebyc.com\/index.php\/product\/bougie-tomate-basilic\/","og_site_name":"Fais moi fondre","article_publisher":"https:\/\/www.facebook.com\/faismoifondrebyC","og_image":[{"width":856,"height":932,"url":"https:\/\/faismoifondrebyc.com\/wp-content\/uploads\/2026\/04\/Capture-decran-2026-04-12-a-17.28.29.png","type":"image\/png"}],"twitter_card":"summary_large_image","twitter_misc":{"Dur\u00e9e de lecture estim\u00e9e":"4 minutes"},"schema":{"@context":"https:\/\/schema.org","@graph":[{"@type":"WebPage","@id":"https:\/\/faismoifondrebyc.com\/index.php\/product\/bougie-tomate-basilic\/","url":"https:\/\/faismoifondrebyc.com\/index.php\/product\/bougie-tomate-basilic\/","name":"Bougie Tomate Basilic - Fais moi fondre","isPartOf":{"@id":"https:\/\/faismoifondrebyc.com\/#website"},"primaryImageOfPage":{"@id":"https:\/\/faismoifondrebyc.com\/index.php\/product\/bougie-tomate-basilic\/#primaryimage"},"image":{"@id":"https:\/\/faismoifondrebyc.com\/index.php\/product\/bougie-tomate-basilic\/#primaryimage"},"thumbnailUrl":"https:\/\/faismoifondrebyc.com\/wp-content\/uploads\/2026\/04\/Capture-decran-2026-04-12-a-17.28.29.png","datePublished":"2026-04-12T16:00:22+00:00","description":"Apportez une bouff\u00e9e de fra\u00eecheur \u00e0 votre int\u00e9rieur avec Tomate Basilic, une senteur verte et aromatique inspir\u00e9e d\u2019un jardin ensoleill\u00e9.","breadcrumb":{"@id":"https:\/\/faismoifondrebyc.com\/index.php\/product\/bougie-tomate-basilic\/#breadcrumb"},"inLanguage":"fr-FR","potentialAction":[{"@type":"ReadAction","target":["https:\/\/faismoifondrebyc.com\/index.php\/product\/bougie-tomate-basilic\/"]}]},{"@type":"ImageObject","inLanguage":"fr-FR","@id":"https:\/\/faismoifondrebyc.com\/index.php\/product\/bougie-tomate-basilic\/#primaryimage","url":"https:\/\/faismoifondrebyc.com\/wp-content\/uploads\/2026\/04\/Capture-decran-2026-04-12-a-17.28.29.png","contentUrl":"https:\/\/faismoifondrebyc.com\/wp-content\/uploads\/2026\/04\/Capture-decran-2026-04-12-a-17.28.29.png","width":856,"height":932},{"@type":"BreadcrumbList","@id":"https:\/\/faismoifondrebyc.com\/index.php\/product\/bougie-tomate-basilic\/#breadcrumb","itemListElement":[{"@type":"ListItem","position":1,"name":"Accueil","item":"https:\/\/faismoifondrebyc.com\/"},{"@type":"ListItem","position":2,"name":"Boutique","item":"https:\/\/faismoifondrebyc.com\/index.php\/boutique\/"},{"@type":"ListItem","position":3,"name":"Bougie Tomate Basilic"}]},{"@type":"WebSite","@id":"https:\/\/faismoifondrebyc.com\/#website","url":"https:\/\/faismoifondrebyc.com\/","name":"Fais moi fondre by C","description":"cr\u00e9atrice de senteurs","publisher":{"@id":"https:\/\/faismoifondrebyc.com\/#organization"},"potentialAction":[{"@type":"SearchAction","target":{"@type":"EntryPoint","urlTemplate":"https:\/\/faismoifondrebyc.com\/?s={search_term_string}"},"query-input":{"@type":"PropertyValueSpecification","valueRequired":true,"valueName":"search_term_string"}}],"inLanguage":"fr-FR"},{"@type":"Organization","@id":"https:\/\/faismoifondrebyc.com\/#organization","name":"Fais moi fondre by C","url":"https:\/\/faismoifondrebyc.com\/","logo":{"@type":"ImageObject","inLanguage":"fr-FR","@id":"https:\/\/faismoifondrebyc.com\/#\/schema\/logo\/image\/","url":"https:\/\/faismoifondrebyc.com\/wp-content\/uploads\/2023\/03\/cropped-Sans-titre-1.png","contentUrl":"https:\/\/faismoifondrebyc.com\/wp-content\/uploads\/2023\/03\/cropped-Sans-titre-1.png","width":1080,"height":1080,"caption":"Fais moi fondre by C"},"image":{"@id":"https:\/\/faismoifondrebyc.com\/#\/schema\/logo\/image\/"},"sameAs":["https:\/\/www.facebook.com\/faismoifondrebyC","https:\/\/www.instagram.com\/faismoifondrebyc\/"]}]}},"_links":{"self":[{"href":"https:\/\/faismoifondrebyc.com\/index.php\/wp-json\/wp\/v2\/product\/6993","targetHints":{"allow":["GET"]}}],"collection":[{"href":"https:\/\/faismoifondrebyc.com\/index.php\/wp-json\/wp\/v2\/product"}],"about":[{"href":"https:\/\/faismoifondrebyc.com\/index.php\/wp-json\/wp\/v2\/types\/product"}],"version-history":[{"count":1,"href":"https:\/\/faismoifondrebyc.com\/index.php\/wp-json\/wp\/v2\/product\/6993\/revisions"}],"predecessor-version":[{"id":6994,"href":"https:\/\/faismoifondrebyc.com\/index.php\/wp-json\/wp\/v2\/product\/6993\/revisions\/6994"}],"wp:featuredmedia":[{"embeddable":true,"href":"https:\/\/faismoifondrebyc.com\/index.php\/wp-json\/wp\/v2\/media\/6986"}],"wp:attachment":[{"href":"https:\/\/faismoifondrebyc.com\/index.php\/wp-json\/wp\/v2\/media?parent=6993"}],"wp:term":[{"taxonomy":"product_brand","embeddable":true,"href":"https:\/\/faismoifondrebyc.com\/index.php\/wp-json\/wp\/v2\/product_brand?post=6993"},{"taxonomy":"product_cat","embeddable":true,"href":"https:\/\/faismoifondrebyc.com\/index.php\/wp-json\/wp\/v2\/product_cat?post=6993"},{"taxonomy":"product_tag","embeddable":true,"href":"https:\/\/faismoifondrebyc.com\/index.php\/wp-json\/wp\/v2\/product_tag?post=6993"}],"curies":[{"name":"wp","href":"https:\/\/api.w.org\/{rel}","templated":true}]}}