{"id":698,"date":"2021-08-20T08:42:21","date_gmt":"2021-08-20T06:42:21","guid":{"rendered":"https:\/\/faismoifondrebyc.com\/index.php\/product\/single-prong-weeder\/"},"modified":"2026-02-03T17:44:29","modified_gmt":"2026-02-03T16:44:29","slug":"bougies-chauffe-plat","status":"publish","type":"product","link":"https:\/\/faismoifondrebyc.com\/index.php\/product\/bougies-chauffe-plat\/","title":{"rendered":"Bougies chauffe-plat"},"content":{"rendered":"<p>Nos Bougies chauffe-plat ont plusieurs avantages: leur dur\u00e9e de vie est deux fois plus longue qu&rsquo;une bougie du commerce et elles ne d\u00e9gagent aucune substance toxique \u00e0 leur combustion, contrairement aux bougies que vous trouvez dans le commerce faites \u00e0 base de paraffine qui est un d\u00e9riv\u00e9 du p\u00e9trole, nocif pour l&rsquo;environnement et votre sant\u00e9<span style=\"font-size: 16px;\">.<\/span><\/p>\n<h3>Mati\u00e8res premi\u00e8res :<\/h3>\n<ul>\n<li>Cire de soja 100% v\u00e9g\u00e9tale, 100% naturelle, sans OGM, sans additifs, non test\u00e9es sur les animaux, aux normes europ\u00e9ennes<\/li>\n<li>M\u00e8che en coton enduite en cire naturelle<\/li>\n<li>Coupelle en aluminium customis\u00e9e manuellement par mes soins<\/li>\n<\/ul>\n<h3>Pr\u00e9cautions et mode d\u2019utilisation:<\/h3>\n<ul>\n<li>\u00a0Les bougies chauffe-plat une fois allum\u00e9es doivent rester hors de port\u00e9e des enfants et des animaux.<\/li>\n<li>\u00a0Ne pas laisser une bougie sans surveillance.<\/li>\n<li>\u00a0Ne laissez jamais une bougie allum\u00e9e quand vous allez dormir ou si vous quittez votre domicile.<\/li>\n<li>\u00a0\u00c9loignez vos bougies allum\u00e9es des objets inflammables.<\/li>\n<li>\u00a0Placez vos bougies allum\u00e9es sur une surface stable.<\/li>\n<li>\u00a0Disposez vos bougies \u00e0 l\u2019abri des courants d\u2019air pour \u00e9viter tout risque d\u2019incendie.<\/li>\n<\/ul>\n<h6>Conservez vos bougies \u00e0 l\u2019abri de la lumi\u00e8re, de la chaleur et de l\u2019humidit\u00e9.\u00a0 Pour une utilisation optimale je vous recommande 4 heures maximum de combustion.<\/h6>\n<p>&nbsp;<\/p>\n<div style=\"width: 720px;\" class=\"wp-video\"><video class=\"wp-video-shortcode\" id=\"video-698-1\" width=\"720\" height=\"1280\" preload=\"metadata\" controls=\"controls\"><source type=\"video\/mp4\" src=\"https:\/\/faismoifondrebyc.com\/wp-content\/uploads\/2021\/08\/5eb622c67805ca594f87f972a4448aeb.mp4?_=1\" \/><a href=\"https:\/\/faismoifondrebyc.com\/wp-content\/uploads\/2021\/08\/5eb622c67805ca594f87f972a4448aeb.mp4\">https:\/\/faismoifondrebyc.com\/wp-content\/uploads\/2021\/08\/5eb622c67805ca594f87f972a4448aeb.mp4<\/a><\/video><\/div>\n","protected":false},"excerpt":{"rendered":"<p>La bougie chauffe-plat est l&rsquo;indispensable pour faire fondre un fondant. Elle est \u00e0 base de cire v\u00e9g\u00e9tale de soja, ne d\u00e9gage pas de substances toxiques et assure une diffusion optimum <a href=\"https:\/\/faismoifondrebyc.com\/index.php\/product-category\/fondantsparfumes\/\">des fondants parfum\u00e9s<\/a>. Allumez une bougie chauffe-plat, d\u00e9posez la dans votre br\u00fbleur et laissez <a href=\"https:\/\/faismoifondrebyc.com\/index.php\/product-category\/fondantsparfumes\/\"><span style=\"font-size: 16px; font-style: normal; font-weight: 400;\">nos fondants parfum\u00e9s<\/span><\/a><span style=\"font-size: 16px;\"> cr\u00e9er la magie.<\/span><\/p>\n<p><strong>Bougie de 20g pour 5\/6h de diffusion, vendu par 9, coul\u00e9e et personnalis\u00e9e \u00e0 la main<\/strong><\/p>\n<p>&nbsp;<\/p>\n","protected":false},"featured_media":2650,"template":"","meta":{"site-sidebar-layout":"no-sidebar","site-content-layout":"content-boxed-container","ast-site-content-layout":"default","site-content-style":"default","site-sidebar-style":"default","ast-global-header-display":"","ast-banner-title-visibility":"","ast-main-header-display":"","ast-hfb-above-header-display":"","ast-hfb-below-header-display":"","ast-hfb-mobile-header-display":"","site-post-title":"","ast-breadcrumbs-content":"","ast-featured-img":"","footer-sml-layout":"","ast-disable-related-posts":"","theme-transparent-header-meta":"default","adv-header-id-meta":"","stick-header-meta":"","header-above-stick-meta":"","header-main-stick-meta":"","header-below-stick-meta":"","astra-migrate-meta-layouts":"default","ast-page-background-enabled":"default","ast-page-background-meta":{"desktop":{"background-color":"var(--ast-global-color-4)","background-image":"","background-repeat":"repeat","background-position":"center center","background-size":"auto","background-attachment":"scroll","background-type":"","background-media":"","overlay-type":"","overlay-color":"","overlay-opacity":"","overlay-gradient":""},"tablet":{"background-color":"","background-image":"","background-repeat":"repeat","background-position":"center center","background-size":"auto","background-attachment":"scroll","background-type":"","background-media":"","overlay-type":"","overlay-color":"","overlay-opacity":"","overlay-gradient":""},"mobile":{"background-color":"","background-image":"","background-repeat":"repeat","background-position":"center center","background-size":"auto","background-attachment":"scroll","background-type":"","background-media":"","overlay-type":"","overlay-color":"","overlay-opacity":"","overlay-gradient":""}},"ast-content-background-meta":{"desktop":{"background-color":"var(--ast-global-color-5)","background-image":"","background-repeat":"repeat","background-position":"center center","background-size":"auto","background-attachment":"scroll","background-type":"","background-media":"","overlay-type":"","overlay-color":"","overlay-opacity":"","overlay-gradient":""},"tablet":{"background-color":"var(--ast-global-color-5)","background-image":"","background-repeat":"repeat","background-position":"center center","background-size":"auto","background-attachment":"scroll","background-type":"","background-media":"","overlay-type":"","overlay-color":"","overlay-opacity":"","overlay-gradient":""},"mobile":{"background-color":"var(--ast-global-color-5)","background-image":"","background-repeat":"repeat","background-position":"center center","background-size":"auto","background-attachment":"scroll","background-type":"","background-media":"","overlay-type":"","overlay-color":"","overlay-opacity":"","overlay-gradient":""}}},"product_brand":[],"product_cat":[25],"product_tag":[],"class_list":{"0":"post-698","1":"product","2":"type-product","3":"status-publish","4":"has-post-thumbnail","6":"product_cat-brule-parfum","7":"desktop-align-left","8":"tablet-align-left","9":"mobile-align-left","10":"ast-product-gallery-layout-horizontal-slider","11":"ast-product-tabs-layout-horizontal","13":"first","14":"instock","15":"shipping-taxable","16":"purchasable","17":"product-type-simple"},"yoast_head":"<!-- This site is optimized with the Yoast SEO plugin v27.4 - https:\/\/yoast.com\/product\/yoast-seo-wordpress\/ -->\n<title>Bougies chauffe-plat - Fais moi fondre<\/title>\n<meta name=\"description\" content=\"Bougies chauffe-plat coul\u00e9es \u00e0 la main dans notre atelier messin, \u00e0 base de cire v\u00e9g\u00e9tale de soja. Parfait pour utiliser nos fondants parfum\u00e9s.\" \/>\n<meta name=\"robots\" content=\"index, follow, max-snippet:-1, max-image-preview:large, max-video-preview:-1\" \/>\n<link rel=\"canonical\" href=\"https:\/\/faismoifondrebyc.com\/index.php\/product\/bougies-chauffe-plat\/\" \/>\n<meta property=\"og:locale\" content=\"fr_FR\" \/>\n<meta property=\"og:type\" content=\"article\" \/>\n<meta property=\"og:title\" content=\"Bougies chauffe-plat - Fais moi fondre\" \/>\n<meta property=\"og:description\" content=\"Bougies chauffe-plat coul\u00e9es \u00e0 la main dans notre atelier messin, \u00e0 base de cire v\u00e9g\u00e9tale de soja. Parfait pour utiliser nos fondants parfum\u00e9s.\" \/>\n<meta property=\"og:url\" content=\"https:\/\/faismoifondrebyc.com\/index.php\/product\/bougies-chauffe-plat\/\" \/>\n<meta property=\"og:site_name\" content=\"Fais moi fondre\" \/>\n<meta property=\"article:publisher\" content=\"https:\/\/www.facebook.com\/faismoifondrebyC\" \/>\n<meta property=\"article:modified_time\" content=\"2026-02-03T16:44:29+00:00\" \/>\n<meta property=\"og:image\" content=\"https:\/\/faismoifondrebyc.com\/wp-content\/uploads\/2021\/08\/IMG_8529-scaled-e1685093474466.jpeg\" \/>\n\t<meta property=\"og:image:width\" content=\"1440\" \/>\n\t<meta property=\"og:image:height\" content=\"1920\" \/>\n\t<meta property=\"og:image:type\" content=\"image\/jpeg\" \/>\n<meta name=\"twitter:card\" content=\"summary_large_image\" \/>\n<meta name=\"twitter:label1\" content=\"Dur\u00e9e de lecture estim\u00e9e\" \/>\n\t<meta name=\"twitter:data1\" content=\"1 minute\" \/>\n<script type=\"application\/ld+json\" class=\"yoast-schema-graph\">{\"@context\":\"https:\\\/\\\/schema.org\",\"@graph\":[{\"@type\":\"WebPage\",\"@id\":\"https:\\\/\\\/faismoifondrebyc.com\\\/index.php\\\/product\\\/bougies-chauffe-plat\\\/\",\"url\":\"https:\\\/\\\/faismoifondrebyc.com\\\/index.php\\\/product\\\/bougies-chauffe-plat\\\/\",\"name\":\"Bougies chauffe-plat - Fais moi fondre\",\"isPartOf\":{\"@id\":\"https:\\\/\\\/faismoifondrebyc.com\\\/#website\"},\"primaryImageOfPage\":{\"@id\":\"https:\\\/\\\/faismoifondrebyc.com\\\/index.php\\\/product\\\/bougies-chauffe-plat\\\/#primaryimage\"},\"image\":{\"@id\":\"https:\\\/\\\/faismoifondrebyc.com\\\/index.php\\\/product\\\/bougies-chauffe-plat\\\/#primaryimage\"},\"thumbnailUrl\":\"https:\\\/\\\/faismoifondrebyc.com\\\/wp-content\\\/uploads\\\/2021\\\/08\\\/IMG_8529-scaled-e1685093474466.jpeg\",\"datePublished\":\"2021-08-20T06:42:21+00:00\",\"dateModified\":\"2026-02-03T16:44:29+00:00\",\"description\":\"Bougies chauffe-plat coul\u00e9es \u00e0 la main dans notre atelier messin, \u00e0 base de cire v\u00e9g\u00e9tale de soja. Parfait pour utiliser nos fondants parfum\u00e9s.\",\"breadcrumb\":{\"@id\":\"https:\\\/\\\/faismoifondrebyc.com\\\/index.php\\\/product\\\/bougies-chauffe-plat\\\/#breadcrumb\"},\"inLanguage\":\"fr-FR\",\"potentialAction\":[{\"@type\":\"ReadAction\",\"target\":[\"https:\\\/\\\/faismoifondrebyc.com\\\/index.php\\\/product\\\/bougies-chauffe-plat\\\/\"]}]},{\"@type\":\"ImageObject\",\"inLanguage\":\"fr-FR\",\"@id\":\"https:\\\/\\\/faismoifondrebyc.com\\\/index.php\\\/product\\\/bougies-chauffe-plat\\\/#primaryimage\",\"url\":\"https:\\\/\\\/faismoifondrebyc.com\\\/wp-content\\\/uploads\\\/2021\\\/08\\\/IMG_8529-scaled-e1685093474466.jpeg\",\"contentUrl\":\"https:\\\/\\\/faismoifondrebyc.com\\\/wp-content\\\/uploads\\\/2021\\\/08\\\/IMG_8529-scaled-e1685093474466.jpeg\",\"width\":1440,\"height\":1920},{\"@type\":\"BreadcrumbList\",\"@id\":\"https:\\\/\\\/faismoifondrebyc.com\\\/index.php\\\/product\\\/bougies-chauffe-plat\\\/#breadcrumb\",\"itemListElement\":[{\"@type\":\"ListItem\",\"position\":1,\"name\":\"Accueil\",\"item\":\"https:\\\/\\\/faismoifondrebyc.com\\\/\"},{\"@type\":\"ListItem\",\"position\":2,\"name\":\"Boutique\",\"item\":\"https:\\\/\\\/faismoifondrebyc.com\\\/index.php\\\/boutique\\\/\"},{\"@type\":\"ListItem\",\"position\":3,\"name\":\"Bougies chauffe-plat\"}]},{\"@type\":\"WebSite\",\"@id\":\"https:\\\/\\\/faismoifondrebyc.com\\\/#website\",\"url\":\"https:\\\/\\\/faismoifondrebyc.com\\\/\",\"name\":\"Fais moi fondre by C\",\"description\":\"cr\u00e9atrice de senteurs\",\"publisher\":{\"@id\":\"https:\\\/\\\/faismoifondrebyc.com\\\/#organization\"},\"potentialAction\":[{\"@type\":\"SearchAction\",\"target\":{\"@type\":\"EntryPoint\",\"urlTemplate\":\"https:\\\/\\\/faismoifondrebyc.com\\\/?s={search_term_string}\"},\"query-input\":{\"@type\":\"PropertyValueSpecification\",\"valueRequired\":true,\"valueName\":\"search_term_string\"}}],\"inLanguage\":\"fr-FR\"},{\"@type\":\"Organization\",\"@id\":\"https:\\\/\\\/faismoifondrebyc.com\\\/#organization\",\"name\":\"Fais moi fondre by C\",\"url\":\"https:\\\/\\\/faismoifondrebyc.com\\\/\",\"logo\":{\"@type\":\"ImageObject\",\"inLanguage\":\"fr-FR\",\"@id\":\"https:\\\/\\\/faismoifondrebyc.com\\\/#\\\/schema\\\/logo\\\/image\\\/\",\"url\":\"https:\\\/\\\/faismoifondrebyc.com\\\/wp-content\\\/uploads\\\/2023\\\/03\\\/cropped-Sans-titre-1.png\",\"contentUrl\":\"https:\\\/\\\/faismoifondrebyc.com\\\/wp-content\\\/uploads\\\/2023\\\/03\\\/cropped-Sans-titre-1.png\",\"width\":1080,\"height\":1080,\"caption\":\"Fais moi fondre by C\"},\"image\":{\"@id\":\"https:\\\/\\\/faismoifondrebyc.com\\\/#\\\/schema\\\/logo\\\/image\\\/\"},\"sameAs\":[\"https:\\\/\\\/www.facebook.com\\\/faismoifondrebyC\",\"https:\\\/\\\/www.instagram.com\\\/faismoifondrebyc\\\/\"]}]}<\/script>\n<!-- \/ Yoast SEO plugin. -->","yoast_head_json":{"title":"Bougies chauffe-plat - Fais moi fondre","description":"Bougies chauffe-plat coul\u00e9es \u00e0 la main dans notre atelier messin, \u00e0 base de cire v\u00e9g\u00e9tale de soja. Parfait pour utiliser nos fondants parfum\u00e9s.","robots":{"index":"index","follow":"follow","max-snippet":"max-snippet:-1","max-image-preview":"max-image-preview:large","max-video-preview":"max-video-preview:-1"},"canonical":"https:\/\/faismoifondrebyc.com\/index.php\/product\/bougies-chauffe-plat\/","og_locale":"fr_FR","og_type":"article","og_title":"Bougies chauffe-plat - Fais moi fondre","og_description":"Bougies chauffe-plat coul\u00e9es \u00e0 la main dans notre atelier messin, \u00e0 base de cire v\u00e9g\u00e9tale de soja. Parfait pour utiliser nos fondants parfum\u00e9s.","og_url":"https:\/\/faismoifondrebyc.com\/index.php\/product\/bougies-chauffe-plat\/","og_site_name":"Fais moi fondre","article_publisher":"https:\/\/www.facebook.com\/faismoifondrebyC","article_modified_time":"2026-02-03T16:44:29+00:00","og_image":[{"width":1440,"height":1920,"url":"https:\/\/faismoifondrebyc.com\/wp-content\/uploads\/2021\/08\/IMG_8529-scaled-e1685093474466.jpeg","type":"image\/jpeg"}],"twitter_card":"summary_large_image","twitter_misc":{"Dur\u00e9e de lecture estim\u00e9e":"1 minute"},"schema":{"@context":"https:\/\/schema.org","@graph":[{"@type":"WebPage","@id":"https:\/\/faismoifondrebyc.com\/index.php\/product\/bougies-chauffe-plat\/","url":"https:\/\/faismoifondrebyc.com\/index.php\/product\/bougies-chauffe-plat\/","name":"Bougies chauffe-plat - Fais moi fondre","isPartOf":{"@id":"https:\/\/faismoifondrebyc.com\/#website"},"primaryImageOfPage":{"@id":"https:\/\/faismoifondrebyc.com\/index.php\/product\/bougies-chauffe-plat\/#primaryimage"},"image":{"@id":"https:\/\/faismoifondrebyc.com\/index.php\/product\/bougies-chauffe-plat\/#primaryimage"},"thumbnailUrl":"https:\/\/faismoifondrebyc.com\/wp-content\/uploads\/2021\/08\/IMG_8529-scaled-e1685093474466.jpeg","datePublished":"2021-08-20T06:42:21+00:00","dateModified":"2026-02-03T16:44:29+00:00","description":"Bougies chauffe-plat coul\u00e9es \u00e0 la main dans notre atelier messin, \u00e0 base de cire v\u00e9g\u00e9tale de soja. Parfait pour utiliser nos fondants parfum\u00e9s.","breadcrumb":{"@id":"https:\/\/faismoifondrebyc.com\/index.php\/product\/bougies-chauffe-plat\/#breadcrumb"},"inLanguage":"fr-FR","potentialAction":[{"@type":"ReadAction","target":["https:\/\/faismoifondrebyc.com\/index.php\/product\/bougies-chauffe-plat\/"]}]},{"@type":"ImageObject","inLanguage":"fr-FR","@id":"https:\/\/faismoifondrebyc.com\/index.php\/product\/bougies-chauffe-plat\/#primaryimage","url":"https:\/\/faismoifondrebyc.com\/wp-content\/uploads\/2021\/08\/IMG_8529-scaled-e1685093474466.jpeg","contentUrl":"https:\/\/faismoifondrebyc.com\/wp-content\/uploads\/2021\/08\/IMG_8529-scaled-e1685093474466.jpeg","width":1440,"height":1920},{"@type":"BreadcrumbList","@id":"https:\/\/faismoifondrebyc.com\/index.php\/product\/bougies-chauffe-plat\/#breadcrumb","itemListElement":[{"@type":"ListItem","position":1,"name":"Accueil","item":"https:\/\/faismoifondrebyc.com\/"},{"@type":"ListItem","position":2,"name":"Boutique","item":"https:\/\/faismoifondrebyc.com\/index.php\/boutique\/"},{"@type":"ListItem","position":3,"name":"Bougies chauffe-plat"}]},{"@type":"WebSite","@id":"https:\/\/faismoifondrebyc.com\/#website","url":"https:\/\/faismoifondrebyc.com\/","name":"Fais moi fondre by C","description":"cr\u00e9atrice de senteurs","publisher":{"@id":"https:\/\/faismoifondrebyc.com\/#organization"},"potentialAction":[{"@type":"SearchAction","target":{"@type":"EntryPoint","urlTemplate":"https:\/\/faismoifondrebyc.com\/?s={search_term_string}"},"query-input":{"@type":"PropertyValueSpecification","valueRequired":true,"valueName":"search_term_string"}}],"inLanguage":"fr-FR"},{"@type":"Organization","@id":"https:\/\/faismoifondrebyc.com\/#organization","name":"Fais moi fondre by C","url":"https:\/\/faismoifondrebyc.com\/","logo":{"@type":"ImageObject","inLanguage":"fr-FR","@id":"https:\/\/faismoifondrebyc.com\/#\/schema\/logo\/image\/","url":"https:\/\/faismoifondrebyc.com\/wp-content\/uploads\/2023\/03\/cropped-Sans-titre-1.png","contentUrl":"https:\/\/faismoifondrebyc.com\/wp-content\/uploads\/2023\/03\/cropped-Sans-titre-1.png","width":1080,"height":1080,"caption":"Fais moi fondre by C"},"image":{"@id":"https:\/\/faismoifondrebyc.com\/#\/schema\/logo\/image\/"},"sameAs":["https:\/\/www.facebook.com\/faismoifondrebyC","https:\/\/www.instagram.com\/faismoifondrebyc\/"]}]}},"_links":{"self":[{"href":"https:\/\/faismoifondrebyc.com\/index.php\/wp-json\/wp\/v2\/product\/698","targetHints":{"allow":["GET"]}}],"collection":[{"href":"https:\/\/faismoifondrebyc.com\/index.php\/wp-json\/wp\/v2\/product"}],"about":[{"href":"https:\/\/faismoifondrebyc.com\/index.php\/wp-json\/wp\/v2\/types\/product"}],"version-history":[{"count":1,"href":"https:\/\/faismoifondrebyc.com\/index.php\/wp-json\/wp\/v2\/product\/698\/revisions"}],"predecessor-version":[{"id":5985,"href":"https:\/\/faismoifondrebyc.com\/index.php\/wp-json\/wp\/v2\/product\/698\/revisions\/5985"}],"wp:featuredmedia":[{"embeddable":true,"href":"https:\/\/faismoifondrebyc.com\/index.php\/wp-json\/wp\/v2\/media\/2650"}],"wp:attachment":[{"href":"https:\/\/faismoifondrebyc.com\/index.php\/wp-json\/wp\/v2\/media?parent=698"}],"wp:term":[{"taxonomy":"product_brand","embeddable":true,"href":"https:\/\/faismoifondrebyc.com\/index.php\/wp-json\/wp\/v2\/product_brand?post=698"},{"taxonomy":"product_cat","embeddable":true,"href":"https:\/\/faismoifondrebyc.com\/index.php\/wp-json\/wp\/v2\/product_cat?post=698"},{"taxonomy":"product_tag","embeddable":true,"href":"https:\/\/faismoifondrebyc.com\/index.php\/wp-json\/wp\/v2\/product_tag?post=698"}],"curies":[{"name":"wp","href":"https:\/\/api.w.org\/{rel}","templated":true}]}}