{"id":6958,"date":"2026-04-12T18:00:38","date_gmt":"2026-04-12T16:00:38","guid":{"rendered":"https:\/\/faismoifondrebyc.com\/?post_type=product&#038;p=6958"},"modified":"2026-04-12T17:42:21","modified_gmt":"2026-04-12T15:42:21","slug":"bougie-peche-de-vigne","status":"publish","type":"product","link":"https:\/\/faismoifondrebyc.com\/index.php\/product\/bougie-peche-de-vigne\/","title":{"rendered":"Bougie P\u00eache de Vigne"},"content":{"rendered":"<div>\n<div class=\"flex h-svh w-screen flex-col\">\n<div class=\"relative z-0 flex min-h-0 w-full flex-1\">\n<div class=\"relative flex min-h-0 w-full flex-1\">\n<div class=\"@container\/main relative flex min-w-0 flex-1 flex-col -translate-y-[calc(env(safe-area-inset-bottom,0px)\/2)] pt-[calc(env(safe-area-inset-bottom,0px)\/2)]\">\n<div class=\"@w-sm\/main:[scrollbar-gutter:var(--stage-scroll-gutter)] touch:[scrollbar-width:none] group\/scroll-root relative flex min-h-0 min-w-0 flex-1 flex-col [scrollbar-gutter:stable] not-print:overflow-x-clip not-print:overflow-y-auto group-data-stream-active\/scroll-root:[overflow-anchor:none] scroll-pt-(--header-height) [--sticky-padding-top:var(--header-height)] [--sticky-padding-bottom:0px] [--scroll-root-safe-area-inset-top:calc(var(--sticky-padding-top)+env(safe-area-inset-top,0px))] [--scroll-root-safe-area-inset-bottom:calc(var(--sticky-padding-bottom)+var(--screen-keyboard-height,0px)+env(safe-area-inset-bottom,0px))] [--scroll-root-safe-area-height:calc(100lvh-var(--scroll-root-safe-area-inset-top)-var(--scroll-root-safe-area-inset-bottom))] has-data-[fixed-header=less-than-xl]:@w-xl\/main:scroll-pt-0 has-data-[fixed-header=less-than-xl]:@w-xl\/main:[--sticky-padding-top:0px] has-data-[fixed-header=less-than-xxl]:@w-2xl\/main:scroll-pt-0 has-data-[fixed-header=less-than-xxl]:@w-2xl\/main:[--sticky-padding-top:0px]\" data-scroll-root=\"\" data-scroll-from-top=\"\">\n<h3 data-section-id=\"3sfnmk\" data-start=\"166\" data-end=\"209\"><span role=\"text\"><strong data-start=\"170\" data-end=\"209\">Bougie parfum\u00e9e \u2013 P\u00eache de Vigne \ud83c\udf51<\/strong><\/span><\/h3>\n<p data-start=\"211\" data-end=\"367\">Laissez-vous s\u00e9duire par <strong data-start=\"236\" data-end=\"254\">P\u00eache de Vigne<\/strong>, une senteur fruit\u00e9e et ensoleill\u00e9e qui \u00e9voque la douceur d\u2019un fruit m\u00fbr, gorg\u00e9 de soleil, cueilli en plein \u00e9t\u00e9.<\/p>\n<p data-start=\"369\" data-end=\"506\">Sublim\u00e9e par une <strong data-start=\"386\" data-end=\"433\">marguerite d\u00e9licatement pos\u00e9e sur le dessus<\/strong>, cette bougie apporte une touche florale et lumineuse \u00e0 votre int\u00e9rieur.<\/p>\n<p data-start=\"508\" data-end=\"651\">\u2728 <strong data-start=\"510\" data-end=\"532\">Pyramide olfactive<\/strong><br data-start=\"532\" data-end=\"535\" \/>\ud83e\udd65 <strong data-start=\"538\" data-end=\"555\">Notes de t\u00eate<\/strong> : noix de coco<br data-start=\"570\" data-end=\"573\" \/>\ud83c\udf51 <strong data-start=\"576\" data-end=\"593\">Notes de c\u0153ur<\/strong> : p\u00eache de vigne<br data-start=\"610\" data-end=\"613\" \/>\ud83c\udf38 <strong data-start=\"616\" data-end=\"633\">Notes de fond<\/strong> : accord floral<\/p>\n<p data-start=\"653\" data-end=\"761\">\u2728 <strong data-start=\"655\" data-end=\"690\">Une ambiance fruit\u00e9e et solaire<\/strong><br data-start=\"690\" data-end=\"693\" \/>Parfaite pour cr\u00e9er une atmosph\u00e8re chaleureuse, joyeuse et estivale.<\/p>\n<p data-start=\"763\" data-end=\"818\">\ud83d\udd6f\ufe0f <strong data-start=\"767\" data-end=\"783\">175g de cire<\/strong><br data-start=\"783\" data-end=\"786\" \/>\u23f3 <strong data-start=\"788\" data-end=\"816\">Jusqu\u2019\u00e0 45h de diffusion<\/strong><\/p>\n<div id=\"thread\" class=\"group\/thread flex flex-col min-h-full\">\n<div class=\"composer-parent flex flex-1 flex-col focus-visible:outline-0\" role=\"presentation\">\n<div class=\"relative basis-auto flex-col -mb-(--composer-overlap-px) pb-(--composer-overlap-px) [--composer-overlap-px:28px] grow flex\">\n<div class=\"flex flex-col text-sm pb-25\">\n<section class=\"text-token-text-primary w-full focus:outline-none [--shadow-height:45px] has-data-writing-block:pointer-events-none has-data-writing-block:-mt-(--shadow-height) has-data-writing-block:pt-(--shadow-height) [&amp;:has([data-writing-block])&gt;*]:pointer-events-auto scroll-mt-[calc(var(--header-height)+min(200px,max(70px,20svh)))]\" dir=\"auto\" data-turn-id=\"request-WEB:44a0946c-4e0a-48e0-acdb-fe1ad8ed8a05-14\" data-testid=\"conversation-turn-30\" data-scroll-anchor=\"true\" data-turn=\"assistant\">\n<div class=\"text-base my-auto mx-auto pb-10 [--thread-content-margin:var(--thread-content-margin-xs,calc(var(--spacing)*4))] @w-sm\/main:[--thread-content-margin:var(--thread-content-margin-sm,calc(var(--spacing)*6))] @w-lg\/main:[--thread-content-margin:var(--thread-content-margin-lg,calc(var(--spacing)*16))] px-(--thread-content-margin)\">\n<div class=\"[--thread-content-max-width:40rem] @w-lg\/main:[--thread-content-max-width:48rem] mx-auto max-w-(--thread-content-max-width) flex-1 group\/turn-messages focus-visible:outline-hidden relative flex w-full min-w-0 flex-col agent-turn\">\n<div class=\"flex max-w-full flex-col gap-4 grow\">\n<div class=\"min-h-8 text-message relative flex w-full flex-col items-end gap-2 text-start break-words whitespace-normal outline-none keyboard-focused:focus-ring [.text-message+&amp;]:mt-1\" dir=\"auto\" tabindex=\"0\" data-message-author-role=\"assistant\" data-message-id=\"37c7803b-b805-4f7a-bcf5-91321b0a72e7\" data-message-model-slug=\"gpt-5-3\" data-turn-start-message=\"true\">\n<div class=\"flex w-full flex-col gap-1 empty:hidden\">\n<div class=\"markdown prose dark:prose-invert w-full wrap-break-word light markdown-new-styling\">\n<p data-start=\"982\" data-end=\"1092\">\ud83c\udf3c <strong data-start=\"985\" data-end=\"1005\">D\u00e9tail signature<\/strong><br data-start=\"1005\" data-end=\"1008\" \/>Sa marguerite d\u00e9corative en fait une pi\u00e8ce aussi belle \u00e0 regarder qu\u2019\u00e0 faire br\u00fbler<\/p>\n<\/div>\n<\/div>\n<\/div>\n<\/div>\n<div class=\"mt-3 w-full empty:hidden\">\n<div class=\"text-center\"><span style=\"font-size: 16px;\">La cire de soja peut afficher un effet de givre \u00e0 sa surface ou d\u00e9velopper des craquelures. Cela vous garantie une cire enti\u00e8rement naturelle et eco responsable venant d\u2019Europe.<\/span><\/div>\n<\/div>\n<\/div>\n<\/div>\n<\/section>\n<\/div>\n<\/div>\n<\/div>\n<\/div>\n<p><span style=\"font-size: 1.1em; font-weight: bold;\">Conseils d\u2019utilisations<\/span><\/p>\n<\/div>\n<\/div>\n<\/div>\n<\/div>\n<\/div>\n<\/div>\n<p>Laisser la bougie br\u00fbler suffisamment longtemps (1 \u00e0 2 heures) pour que toute la surface de la cire fonde et forme une \u00ab piscine \u00bb jusqu\u2019au bord du contenant. Mais Si vous ne laissez pas la bougie br\u00fbler assez longtemps avant de l\u2019\u00e9teindre. Elle va se creuser et former un puit de plus en plus profond. La bougie poss\u00e8de une sorte de m\u00e9moire et reprendra le trou de br\u00fblage pr\u00e9c\u00e9dent au lieu de fondre uniform\u00e9ment jusqu\u2019\u00e0 total totale \u00e9puisement de la cire.<\/p>\n<p>Il faut recouper la m\u00e8che \u00e0 environ 0,5cm avant chaque utilisation pour \u00e9viter la surchauffe et la fum\u00e9e noire. Les bougies en cire de soja ne produisent pas de suie toxique comme les bougies en paraffine. Lorsque la m\u00e8che est trop longue, il peut se former un d\u00e9p\u00f4t de carbone au bout, ce qui peut causer de la fum\u00e9e. Recouper votre m\u00e8che \u00e9vitera ce d\u00e9sagr\u00e9ment et rendra la combustion plus sure et plus lente, la bougie durera plus longtemps.<\/p>\n<p>La cire v\u00e9g\u00e9tale est facile \u00e0 nettoyer avec de l\u2019eau chaude et du savon. Ne jetez-pas les restes dans votre \u00e9vier, vous boucherez vos canalisations ! S\u2019il reste un peu de cire dans vos containers, faites chauffer un peu le verre, essuyez la cire fondue avec un chiffon sec. Vous pourrez donc ensuite nettoyer votre contenant normalement et le recycler \u00e0 votre convenance.<\/p>\n<h6>Pr\u00e9cautions d\u2019utilisations:<\/h6>\n<p>Retirez les r\u00e9sidus de m\u00e8che ou d\u2019allumette pr\u00e9sente \u00e0 l\u2019int\u00e9rieur de la bougie parfum\u00e9e pour \u00e9viter qu\u2019elle ne fume.<br \/>\nDisposez la bougie parfum\u00e9e sur une surface plane et \u00e0 l\u2019abri des courants d\u2019air pour \u00e9viter les risques d\u2019incendies.<br \/>\n<span style=\"font-size: 16px;\">\u00a0la Bougie P\u00eache de Vigne <\/span>doit rester hors de port\u00e9e des enfants et des animaux.<br \/>\nNe laissez jamais une bougie parfum\u00e9e sans surveillance. Eteignez vos bougies parfum\u00e9es avant d\u2019aller dormir et avant de quitter la pi\u00e8ce ou votre domicile.<br \/>\nVeillez toujours \u00e0 ce que la bougie parfum\u00e9e soit \u00e9loign\u00e9e des objets inflammables.<\/p>\n<h6><strong>Ingr\u00e9dients:<\/strong><\/h6>\n<div>La cire de soja europ\u00e9enne que nous utilisons est d\u2019<span class=\"sac\">excellente<\/span>\u00a0qualit\u00e9, elle permet une diffusion de parfum plus longue! Elle est issue de culture sans OGM ni pesticide, de plus la cire de soja est \u00e9conomique, \u00e9cologique, biod\u00e9gradable et facile \u00e0 nettoyer. La bougie \u00e0 base de cire v\u00e9g\u00e9tale de soja ne d\u00e9gage pas de substances toxiques et assure une\u00a0<span class=\"sac\">excellente\u00a0<\/span>diffusion du parfum.<\/div>\n<p>Les m\u00e8ches sont en coton tress\u00e9 ne contiennent pas de plombs, elles sont minutieusement choisies pour obtenir une qualit\u00e9 de diffusion optimale.<\/p>\n<p>Les fragrances utilis\u00e9es dans nos bougies Taureau ont \u00e9t\u00e9 con\u00e7ue par un parfumeur professionnel de la ville de Grasse, capitale mondialement connu pour la cr\u00e9ation de parfums. Les huiles sont sans CMR (canc\u00e9rig\u00e8ne, mutag\u00e8ne, repro toxique) et r\u00e9pondent aux normes IFRA (international fragrance association).<\/p>\n","protected":false},"excerpt":{"rendered":"<p>\u2728 <strong data-start=\"510\" data-end=\"532\">Pyramide olfactive<\/strong><br data-start=\"532\" data-end=\"535\" \/>\ud83e\udd65 <strong data-start=\"538\" data-end=\"555\">Notes de t\u00eate<\/strong> : noix de coco<br data-start=\"570\" data-end=\"573\" \/>\ud83c\udf51 <strong data-start=\"576\" data-end=\"593\">Notes de c\u0153ur<\/strong> : p\u00eache de vigne<br data-start=\"610\" data-end=\"613\" \/>\ud83c\udf38 <strong data-start=\"616\" data-end=\"633\">Notes de fond<\/strong> : accord floral<\/p>\n","protected":false},"featured_media":6988,"template":"","meta":{"site-sidebar-layout":"default","site-content-layout":"","ast-site-content-layout":"default","site-content-style":"default","site-sidebar-style":"default","ast-global-header-display":"","ast-banner-title-visibility":"","ast-main-header-display":"","ast-hfb-above-header-display":"","ast-hfb-below-header-display":"","ast-hfb-mobile-header-display":"","site-post-title":"","ast-breadcrumbs-content":"","ast-featured-img":"","footer-sml-layout":"","ast-disable-related-posts":"","theme-transparent-header-meta":"default","adv-header-id-meta":"","stick-header-meta":"default","header-above-stick-meta":"","header-main-stick-meta":"","header-below-stick-meta":"","astra-migrate-meta-layouts":"set","ast-page-background-enabled":"default","ast-page-background-meta":{"desktop":{"background-color":"var(--ast-global-color-4)","background-image":"","background-repeat":"repeat","background-position":"center center","background-size":"auto","background-attachment":"scroll","background-type":"","background-media":"","overlay-type":"","overlay-color":"","overlay-opacity":"","overlay-gradient":""},"tablet":{"background-color":"","background-image":"","background-repeat":"repeat","background-position":"center center","background-size":"auto","background-attachment":"scroll","background-type":"","background-media":"","overlay-type":"","overlay-color":"","overlay-opacity":"","overlay-gradient":""},"mobile":{"background-color":"","background-image":"","background-repeat":"repeat","background-position":"center center","background-size":"auto","background-attachment":"scroll","background-type":"","background-media":"","overlay-type":"","overlay-color":"","overlay-opacity":"","overlay-gradient":""}},"ast-content-background-meta":{"desktop":{"background-color":"var(--ast-global-color-5)","background-image":"","background-repeat":"repeat","background-position":"center center","background-size":"auto","background-attachment":"scroll","background-type":"","background-media":"","overlay-type":"","overlay-color":"","overlay-opacity":"","overlay-gradient":""},"tablet":{"background-color":"var(--ast-global-color-5)","background-image":"","background-repeat":"repeat","background-position":"center center","background-size":"auto","background-attachment":"scroll","background-type":"","background-media":"","overlay-type":"","overlay-color":"","overlay-opacity":"","overlay-gradient":""},"mobile":{"background-color":"var(--ast-global-color-5)","background-image":"","background-repeat":"repeat","background-position":"center center","background-size":"auto","background-attachment":"scroll","background-type":"","background-media":"","overlay-type":"","overlay-color":"","overlay-opacity":"","overlay-gradient":""}}},"product_brand":[],"product_cat":[102,104],"product_tag":[],"class_list":{"0":"post-6958","1":"product","2":"type-product","3":"status-publish","4":"has-post-thumbnail","6":"product_cat-bougies","7":"product_cat-flower-power","8":"desktop-align-left","9":"tablet-align-left","10":"mobile-align-left","11":"ast-product-gallery-layout-horizontal-slider","12":"ast-product-tabs-layout-horizontal","14":"first","15":"instock","16":"shipping-taxable","17":"purchasable","18":"product-type-simple"},"yoast_head":"<!-- This site is optimized with the Yoast SEO plugin v27.2 - https:\/\/yoast.com\/product\/yoast-seo-wordpress\/ -->\n<title>Bougie P\u00eache de Vigne - Fais moi fondre<\/title>\n<meta name=\"description\" content=\"Retrouvez la Bougie P\u00eache de Vigne, une senteur fruit\u00e9e et ensoleill\u00e9e qui \u00e9voque la douceur d\u2019un fruit m\u00fbr, gorg\u00e9 de soleil, cueilli en plein \u00e9t\u00e9.\" \/>\n<meta name=\"robots\" content=\"index, follow, max-snippet:-1, max-image-preview:large, max-video-preview:-1\" \/>\n<link rel=\"canonical\" href=\"https:\/\/faismoifondrebyc.com\/index.php\/product\/bougie-peche-de-vigne\/\" \/>\n<meta property=\"og:locale\" content=\"fr_FR\" \/>\n<meta property=\"og:type\" content=\"article\" \/>\n<meta property=\"og:title\" content=\"Bougie P\u00eache de Vigne - Fais moi fondre\" \/>\n<meta property=\"og:description\" content=\"Retrouvez la Bougie P\u00eache de Vigne, une senteur fruit\u00e9e et ensoleill\u00e9e qui \u00e9voque la douceur d\u2019un fruit m\u00fbr, gorg\u00e9 de soleil, cueilli en plein \u00e9t\u00e9.\" \/>\n<meta property=\"og:url\" content=\"https:\/\/faismoifondrebyc.com\/index.php\/product\/bougie-peche-de-vigne\/\" \/>\n<meta property=\"og:site_name\" content=\"Fais moi fondre\" \/>\n<meta property=\"article:publisher\" content=\"https:\/\/www.facebook.com\/faismoifondrebyC\" \/>\n<meta property=\"og:image\" content=\"https:\/\/faismoifondrebyc.com\/wp-content\/uploads\/2026\/04\/Capture-decran-2026-04-12-a-17.28.45.png\" \/>\n\t<meta property=\"og:image:width\" content=\"724\" \/>\n\t<meta property=\"og:image:height\" content=\"786\" \/>\n\t<meta property=\"og:image:type\" content=\"image\/png\" \/>\n<meta name=\"twitter:card\" content=\"summary_large_image\" \/>\n<meta name=\"twitter:label1\" content=\"Dur\u00e9e de lecture estim\u00e9e\" \/>\n\t<meta name=\"twitter:data1\" content=\"4 minutes\" \/>\n<script type=\"application\/ld+json\" class=\"yoast-schema-graph\">{\"@context\":\"https:\/\/schema.org\",\"@graph\":[{\"@type\":\"WebPage\",\"@id\":\"https:\/\/faismoifondrebyc.com\/index.php\/product\/bougie-peche-de-vigne\/\",\"url\":\"https:\/\/faismoifondrebyc.com\/index.php\/product\/bougie-peche-de-vigne\/\",\"name\":\"Bougie P\u00eache de Vigne - Fais moi fondre\",\"isPartOf\":{\"@id\":\"https:\/\/faismoifondrebyc.com\/#website\"},\"primaryImageOfPage\":{\"@id\":\"https:\/\/faismoifondrebyc.com\/index.php\/product\/bougie-peche-de-vigne\/#primaryimage\"},\"image\":{\"@id\":\"https:\/\/faismoifondrebyc.com\/index.php\/product\/bougie-peche-de-vigne\/#primaryimage\"},\"thumbnailUrl\":\"https:\/\/faismoifondrebyc.com\/wp-content\/uploads\/2026\/04\/Capture-decran-2026-04-12-a-17.28.45.png\",\"datePublished\":\"2026-04-12T16:00:38+00:00\",\"description\":\"Retrouvez la Bougie P\u00eache de Vigne, une senteur fruit\u00e9e et ensoleill\u00e9e qui \u00e9voque la douceur d\u2019un fruit m\u00fbr, gorg\u00e9 de soleil, cueilli en plein \u00e9t\u00e9.\",\"breadcrumb\":{\"@id\":\"https:\/\/faismoifondrebyc.com\/index.php\/product\/bougie-peche-de-vigne\/#breadcrumb\"},\"inLanguage\":\"fr-FR\",\"potentialAction\":[{\"@type\":\"ReadAction\",\"target\":[\"https:\/\/faismoifondrebyc.com\/index.php\/product\/bougie-peche-de-vigne\/\"]}]},{\"@type\":\"ImageObject\",\"inLanguage\":\"fr-FR\",\"@id\":\"https:\/\/faismoifondrebyc.com\/index.php\/product\/bougie-peche-de-vigne\/#primaryimage\",\"url\":\"https:\/\/faismoifondrebyc.com\/wp-content\/uploads\/2026\/04\/Capture-decran-2026-04-12-a-17.28.45.png\",\"contentUrl\":\"https:\/\/faismoifondrebyc.com\/wp-content\/uploads\/2026\/04\/Capture-decran-2026-04-12-a-17.28.45.png\",\"width\":724,\"height\":786},{\"@type\":\"BreadcrumbList\",\"@id\":\"https:\/\/faismoifondrebyc.com\/index.php\/product\/bougie-peche-de-vigne\/#breadcrumb\",\"itemListElement\":[{\"@type\":\"ListItem\",\"position\":1,\"name\":\"Accueil\",\"item\":\"https:\/\/faismoifondrebyc.com\/\"},{\"@type\":\"ListItem\",\"position\":2,\"name\":\"Boutique\",\"item\":\"https:\/\/faismoifondrebyc.com\/index.php\/boutique\/\"},{\"@type\":\"ListItem\",\"position\":3,\"name\":\"Bougie P\u00eache de Vigne\"}]},{\"@type\":\"WebSite\",\"@id\":\"https:\/\/faismoifondrebyc.com\/#website\",\"url\":\"https:\/\/faismoifondrebyc.com\/\",\"name\":\"Fais moi fondre by C\",\"description\":\"cr\u00e9atrice de senteurs\",\"publisher\":{\"@id\":\"https:\/\/faismoifondrebyc.com\/#organization\"},\"potentialAction\":[{\"@type\":\"SearchAction\",\"target\":{\"@type\":\"EntryPoint\",\"urlTemplate\":\"https:\/\/faismoifondrebyc.com\/?s={search_term_string}\"},\"query-input\":{\"@type\":\"PropertyValueSpecification\",\"valueRequired\":true,\"valueName\":\"search_term_string\"}}],\"inLanguage\":\"fr-FR\"},{\"@type\":\"Organization\",\"@id\":\"https:\/\/faismoifondrebyc.com\/#organization\",\"name\":\"Fais moi fondre by C\",\"url\":\"https:\/\/faismoifondrebyc.com\/\",\"logo\":{\"@type\":\"ImageObject\",\"inLanguage\":\"fr-FR\",\"@id\":\"https:\/\/faismoifondrebyc.com\/#\/schema\/logo\/image\/\",\"url\":\"https:\/\/faismoifondrebyc.com\/wp-content\/uploads\/2023\/03\/cropped-Sans-titre-1.png\",\"contentUrl\":\"https:\/\/faismoifondrebyc.com\/wp-content\/uploads\/2023\/03\/cropped-Sans-titre-1.png\",\"width\":1080,\"height\":1080,\"caption\":\"Fais moi fondre by C\"},\"image\":{\"@id\":\"https:\/\/faismoifondrebyc.com\/#\/schema\/logo\/image\/\"},\"sameAs\":[\"https:\/\/www.facebook.com\/faismoifondrebyC\",\"https:\/\/www.instagram.com\/faismoifondrebyc\/\"]}]}<\/script>\n<!-- \/ Yoast SEO plugin. -->","yoast_head_json":{"title":"Bougie P\u00eache de Vigne - Fais moi fondre","description":"Retrouvez la Bougie P\u00eache de Vigne, une senteur fruit\u00e9e et ensoleill\u00e9e qui \u00e9voque la douceur d\u2019un fruit m\u00fbr, gorg\u00e9 de soleil, cueilli en plein \u00e9t\u00e9.","robots":{"index":"index","follow":"follow","max-snippet":"max-snippet:-1","max-image-preview":"max-image-preview:large","max-video-preview":"max-video-preview:-1"},"canonical":"https:\/\/faismoifondrebyc.com\/index.php\/product\/bougie-peche-de-vigne\/","og_locale":"fr_FR","og_type":"article","og_title":"Bougie P\u00eache de Vigne - Fais moi fondre","og_description":"Retrouvez la Bougie P\u00eache de Vigne, une senteur fruit\u00e9e et ensoleill\u00e9e qui \u00e9voque la douceur d\u2019un fruit m\u00fbr, gorg\u00e9 de soleil, cueilli en plein \u00e9t\u00e9.","og_url":"https:\/\/faismoifondrebyc.com\/index.php\/product\/bougie-peche-de-vigne\/","og_site_name":"Fais moi fondre","article_publisher":"https:\/\/www.facebook.com\/faismoifondrebyC","og_image":[{"width":724,"height":786,"url":"https:\/\/faismoifondrebyc.com\/wp-content\/uploads\/2026\/04\/Capture-decran-2026-04-12-a-17.28.45.png","type":"image\/png"}],"twitter_card":"summary_large_image","twitter_misc":{"Dur\u00e9e de lecture estim\u00e9e":"4 minutes"},"schema":{"@context":"https:\/\/schema.org","@graph":[{"@type":"WebPage","@id":"https:\/\/faismoifondrebyc.com\/index.php\/product\/bougie-peche-de-vigne\/","url":"https:\/\/faismoifondrebyc.com\/index.php\/product\/bougie-peche-de-vigne\/","name":"Bougie P\u00eache de Vigne - Fais moi fondre","isPartOf":{"@id":"https:\/\/faismoifondrebyc.com\/#website"},"primaryImageOfPage":{"@id":"https:\/\/faismoifondrebyc.com\/index.php\/product\/bougie-peche-de-vigne\/#primaryimage"},"image":{"@id":"https:\/\/faismoifondrebyc.com\/index.php\/product\/bougie-peche-de-vigne\/#primaryimage"},"thumbnailUrl":"https:\/\/faismoifondrebyc.com\/wp-content\/uploads\/2026\/04\/Capture-decran-2026-04-12-a-17.28.45.png","datePublished":"2026-04-12T16:00:38+00:00","description":"Retrouvez la Bougie P\u00eache de Vigne, une senteur fruit\u00e9e et ensoleill\u00e9e qui \u00e9voque la douceur d\u2019un fruit m\u00fbr, gorg\u00e9 de soleil, cueilli en plein \u00e9t\u00e9.","breadcrumb":{"@id":"https:\/\/faismoifondrebyc.com\/index.php\/product\/bougie-peche-de-vigne\/#breadcrumb"},"inLanguage":"fr-FR","potentialAction":[{"@type":"ReadAction","target":["https:\/\/faismoifondrebyc.com\/index.php\/product\/bougie-peche-de-vigne\/"]}]},{"@type":"ImageObject","inLanguage":"fr-FR","@id":"https:\/\/faismoifondrebyc.com\/index.php\/product\/bougie-peche-de-vigne\/#primaryimage","url":"https:\/\/faismoifondrebyc.com\/wp-content\/uploads\/2026\/04\/Capture-decran-2026-04-12-a-17.28.45.png","contentUrl":"https:\/\/faismoifondrebyc.com\/wp-content\/uploads\/2026\/04\/Capture-decran-2026-04-12-a-17.28.45.png","width":724,"height":786},{"@type":"BreadcrumbList","@id":"https:\/\/faismoifondrebyc.com\/index.php\/product\/bougie-peche-de-vigne\/#breadcrumb","itemListElement":[{"@type":"ListItem","position":1,"name":"Accueil","item":"https:\/\/faismoifondrebyc.com\/"},{"@type":"ListItem","position":2,"name":"Boutique","item":"https:\/\/faismoifondrebyc.com\/index.php\/boutique\/"},{"@type":"ListItem","position":3,"name":"Bougie P\u00eache de Vigne"}]},{"@type":"WebSite","@id":"https:\/\/faismoifondrebyc.com\/#website","url":"https:\/\/faismoifondrebyc.com\/","name":"Fais moi fondre by C","description":"cr\u00e9atrice de senteurs","publisher":{"@id":"https:\/\/faismoifondrebyc.com\/#organization"},"potentialAction":[{"@type":"SearchAction","target":{"@type":"EntryPoint","urlTemplate":"https:\/\/faismoifondrebyc.com\/?s={search_term_string}"},"query-input":{"@type":"PropertyValueSpecification","valueRequired":true,"valueName":"search_term_string"}}],"inLanguage":"fr-FR"},{"@type":"Organization","@id":"https:\/\/faismoifondrebyc.com\/#organization","name":"Fais moi fondre by C","url":"https:\/\/faismoifondrebyc.com\/","logo":{"@type":"ImageObject","inLanguage":"fr-FR","@id":"https:\/\/faismoifondrebyc.com\/#\/schema\/logo\/image\/","url":"https:\/\/faismoifondrebyc.com\/wp-content\/uploads\/2023\/03\/cropped-Sans-titre-1.png","contentUrl":"https:\/\/faismoifondrebyc.com\/wp-content\/uploads\/2023\/03\/cropped-Sans-titre-1.png","width":1080,"height":1080,"caption":"Fais moi fondre by C"},"image":{"@id":"https:\/\/faismoifondrebyc.com\/#\/schema\/logo\/image\/"},"sameAs":["https:\/\/www.facebook.com\/faismoifondrebyC","https:\/\/www.instagram.com\/faismoifondrebyc\/"]}]}},"_links":{"self":[{"href":"https:\/\/faismoifondrebyc.com\/index.php\/wp-json\/wp\/v2\/product\/6958","targetHints":{"allow":["GET"]}}],"collection":[{"href":"https:\/\/faismoifondrebyc.com\/index.php\/wp-json\/wp\/v2\/product"}],"about":[{"href":"https:\/\/faismoifondrebyc.com\/index.php\/wp-json\/wp\/v2\/types\/product"}],"version-history":[{"count":1,"href":"https:\/\/faismoifondrebyc.com\/index.php\/wp-json\/wp\/v2\/product\/6958\/revisions"}],"predecessor-version":[{"id":6959,"href":"https:\/\/faismoifondrebyc.com\/index.php\/wp-json\/wp\/v2\/product\/6958\/revisions\/6959"}],"wp:featuredmedia":[{"embeddable":true,"href":"https:\/\/faismoifondrebyc.com\/index.php\/wp-json\/wp\/v2\/media\/6988"}],"wp:attachment":[{"href":"https:\/\/faismoifondrebyc.com\/index.php\/wp-json\/wp\/v2\/media?parent=6958"}],"wp:term":[{"taxonomy":"product_brand","embeddable":true,"href":"https:\/\/faismoifondrebyc.com\/index.php\/wp-json\/wp\/v2\/product_brand?post=6958"},{"taxonomy":"product_cat","embeddable":true,"href":"https:\/\/faismoifondrebyc.com\/index.php\/wp-json\/wp\/v2\/product_cat?post=6958"},{"taxonomy":"product_tag","embeddable":true,"href":"https:\/\/faismoifondrebyc.com\/index.php\/wp-json\/wp\/v2\/product_tag?post=6958"}],"curies":[{"name":"wp","href":"https:\/\/api.w.org\/{rel}","templated":true}]}}