{"id":6533,"date":"2026-04-12T18:00:44","date_gmt":"2026-04-12T16:00:44","guid":{"rendered":"https:\/\/faismoifondrebyc.com\/?post_type=product&#038;p=6533"},"modified":"2026-04-12T18:05:06","modified_gmt":"2026-04-12T16:05:06","slug":"fleur-de-lin","status":"publish","type":"product","link":"https:\/\/faismoifondrebyc.com\/index.php\/product\/fleur-de-lin\/","title":{"rendered":"Fleur de lin"},"content":{"rendered":"<h3 data-start=\"201\" data-end=\"268\"><strong data-start=\"205\" data-end=\"266\">Fleur de lin \u2013Snap 50g<\/strong><\/h3>\n<div class=\"relative basis-auto flex-col -mb-(--composer-overlap-px) pb-(--composer-overlap-px) [--composer-overlap-px:28px] grow flex\">\n<div class=\"flex flex-col text-sm pb-25\">\n<section class=\"text-token-text-primary w-full focus:outline-none [--shadow-height:45px] has-data-writing-block:pointer-events-none has-data-writing-block:-mt-(--shadow-height) has-data-writing-block:pt-(--shadow-height) [&amp;:has([data-writing-block])&gt;*]:pointer-events-auto scroll-mt-[calc(var(--header-height)+min(200px,max(70px,20svh)))]\" dir=\"auto\" data-turn-id=\"request-WEB:44a0946c-4e0a-48e0-acdb-fe1ad8ed8a05-6\" data-testid=\"conversation-turn-14\" data-scroll-anchor=\"true\" data-turn=\"assistant\">\n<div class=\"text-base my-auto mx-auto pb-10 [--thread-content-margin:var(--thread-content-margin-xs,calc(var(--spacing)*4))] @w-sm\/main:[--thread-content-margin:var(--thread-content-margin-sm,calc(var(--spacing)*6))] @w-lg\/main:[--thread-content-margin:var(--thread-content-margin-lg,calc(var(--spacing)*16))] px-(--thread-content-margin)\">\n<div class=\"[--thread-content-max-width:40rem] @w-lg\/main:[--thread-content-max-width:48rem] mx-auto max-w-(--thread-content-max-width) flex-1 group\/turn-messages focus-visible:outline-hidden relative flex w-full min-w-0 flex-col agent-turn\">\n<div class=\"flex max-w-full flex-col gap-4 grow\">\n<div class=\"min-h-8 text-message relative flex w-full flex-col items-end gap-2 text-start break-words whitespace-normal outline-none keyboard-focused:focus-ring [.text-message+&amp;]:mt-1\" dir=\"auto\" tabindex=\"0\" data-message-author-role=\"assistant\" data-message-id=\"008f24a4-b3f5-4b59-b470-9b959e0e8264\" data-message-model-slug=\"gpt-5-3\" data-turn-start-message=\"true\">\n<div class=\"flex w-full flex-col gap-1 empty:hidden\">\n<div class=\"markdown prose dark:prose-invert w-full wrap-break-word light markdown-new-styling\">\n<p data-start=\"137\" data-end=\"313\">Laissez-vous envelopper par la d\u00e9licatesse de la <strong data-start=\"186\" data-end=\"202\">fleur de lin<\/strong>, une senteur douce, florale et l\u00e9g\u00e8rement poudr\u00e9e qui \u00e9voque le linge frais et les premiers jours ensoleill\u00e9s.<\/p>\n<p data-start=\"315\" data-end=\"441\">Ce fondant parfum\u00e9 est une v\u00e9ritable invitation \u00e0 ralentir et \u00e0 cr\u00e9er une ambiance apaisante et \u00e9l\u00e9gante dans votre int\u00e9rieur.<\/p>\n<p data-start=\"443\" data-end=\"641\">\u2728 <strong data-start=\"445\" data-end=\"467\">Pyramide olfactive<\/strong><br data-start=\"467\" data-end=\"470\" \/>\ud83c\udf3f <strong data-start=\"473\" data-end=\"490\">Notes de t\u00eate<\/strong> : accords frais, l\u00e9g\u00e8rement verts<br data-start=\"524\" data-end=\"527\" \/>\ud83c\udf38 <strong data-start=\"530\" data-end=\"547\">Notes de c\u0153ur<\/strong> : fleur de lin, notes florales d\u00e9licates<br data-start=\"588\" data-end=\"591\" \/>\ud83e\udd0d <strong data-start=\"594\" data-end=\"611\">Notes de fond<\/strong> : musc blanc, vanille douce<\/p>\n<p data-start=\"643\" data-end=\"756\">\u2728 <strong data-start=\"645\" data-end=\"679\">Un parfum doux et r\u00e9confortant<\/strong><br data-start=\"679\" data-end=\"682\" \/>Parfait pour instaurer une atmosph\u00e8re lumineuse et cocooning au quotidien.<\/p>\n<p data-start=\"758\" data-end=\"887\">\ud83d\udd6f\ufe0f <strong data-start=\"762\" data-end=\"805\">Format 50g \u2013 modulable selon vos envies<\/strong><br data-start=\"805\" data-end=\"808\" \/>S\u00e9cable en <strong data-start=\"819\" data-end=\"838\">4 ou 8 morceaux<\/strong>, il vous permet d\u2019ajuster l\u2019intensit\u00e9 du parfum.<\/p>\n<p data-start=\"889\" data-end=\"998\">\u23f3 <strong data-start=\"891\" data-end=\"919\">Jusqu\u2019\u00e0 45h de diffusion<\/strong><br data-start=\"919\" data-end=\"922\" \/>Chaque carr\u00e9 diffuse progressivement sa fragrance pour prolonger le plaisir.<\/p>\n<\/div>\n<\/div>\n<\/div>\n<\/div>\n<div class=\"z-0 flex min-h-[46px] justify-start\"><span style=\"font-size: 16px;\">\u23f1 <\/span><strong style=\"font-size: 16px;\" data-start=\"719\" data-end=\"746\">Conseil d\u2019utilisation :<\/strong><\/div>\n<\/div>\n<\/div>\n<\/section>\n<\/div>\n<\/div>\n<p data-start=\"717\" data-end=\"855\">Faites fondre le fondant pendant <strong data-start=\"782\" data-end=\"818\">2 \u00e0 3 heures maximum par session<\/strong> pour pr\u00e9server la qualit\u00e9 du parfum.<\/p>\n<p data-start=\"857\" data-end=\"879\">\ud83c\udf3f <strong data-start=\"860\" data-end=\"877\">Ingr\u00e9dients :<\/strong><\/p>\n<ul data-start=\"880\" data-end=\"1058\">\n<li data-start=\"880\" data-end=\"956\">\n<p data-start=\"882\" data-end=\"956\">Cire de colza 100 % naturelle (sans OGM, sans pesticides, biod\u00e9gradable)<\/p>\n<\/li>\n<li data-start=\"957\" data-end=\"994\">\n<p data-start=\"959\" data-end=\"994\">Mica pour une touche scintillante<\/p>\n<\/li>\n<li data-start=\"995\" data-end=\"1058\">\n<p data-start=\"997\" data-end=\"1058\">Fragrance sans CMR, sans phtalate, conforme aux normes IFRA<\/p>\n<\/li>\n<\/ul>\n<p data-start=\"1060\" data-end=\"1280\">\u2728 <strong data-start=\"1062\" data-end=\"1090\">Fabrication artisanale :<\/strong><br data-start=\"1090\" data-end=\"1093\" \/>Tous nos fondants sont <strong data-start=\"1116\" data-end=\"1136\">coul\u00e9s \u00e0 la main<\/strong> dans notre atelier \u00e0 Metz, avec soin et passion. Chaque pi\u00e8ce est unique : <strong data-start=\"1212\" data-end=\"1264\">la couleur et la forme peuvent l\u00e9g\u00e8rement varier<\/strong> selon les lots.<\/p>\n<p data-start=\"1282\" data-end=\"1315\">\ud83d\udd12 <strong data-start=\"1285\" data-end=\"1313\">S\u00e9curit\u00e9 &amp; Pr\u00e9cautions :<\/strong><\/p>\n<ul data-start=\"1316\" data-end=\"1585\">\n<li data-start=\"1316\" data-end=\"1381\">\n<p data-start=\"1318\" data-end=\"1381\">Ne jamais laisser une bougie ou un br\u00fbleur sans surveillance.<\/p>\n<\/li>\n<li data-start=\"1382\" data-end=\"1434\">\n<p data-start=\"1384\" data-end=\"1434\">Tenir hors de port\u00e9e des enfants et des animaux.<\/p>\n<\/li>\n<li data-start=\"1435\" data-end=\"1517\">\n<p data-start=\"1437\" data-end=\"1517\">Placer sur une surface stable, loin des courants d\u2019air et objets inflammables.<\/p>\n<\/li>\n<li data-start=\"1518\" data-end=\"1585\">\n<p data-start=\"1520\" data-end=\"1585\">Conserver \u00e0 l\u2019abri de la chaleur, de la lumi\u00e8re et de l\u2019humidit\u00e9.<\/p>\n<\/li>\n<\/ul>\n<p data-start=\"1587\" data-end=\"1747\">\ud83d\udce6 Une \u00e9tiquette CLP est appos\u00e9e \u00e0 l\u2019arri\u00e8re de chaque fondant pour garantir la <strong data-start=\"1667\" data-end=\"1702\">transparence sur la composition<\/strong> et assurer le respect des normes en vigueur.<\/p>\n<hr data-start=\"1749\" data-end=\"1752\" \/>\n<p data-start=\"1754\" data-end=\"1869\" data-is-last-node=\"\" data-is-only-node=\"\">\n","protected":false},"excerpt":{"rendered":"<p>\u2728 <strong data-start=\"445\" data-end=\"467\">Pyramide olfactive<\/strong><br data-start=\"467\" data-end=\"470\" \/>\ud83c\udf3f <strong data-start=\"473\" data-end=\"490\">Notes de t\u00eate<\/strong> : accords frais, l\u00e9g\u00e8rement verts<br data-start=\"524\" data-end=\"527\" \/>\ud83c\udf38 <strong data-start=\"530\" data-end=\"547\">Notes de c\u0153ur<\/strong> : fleur de lin, notes florales d\u00e9licates<br data-start=\"588\" data-end=\"591\" \/>\ud83e\udd0d <strong data-start=\"594\" data-end=\"611\">Notes de fond<\/strong> : musc blanc, vanille douce<\/p>\n","protected":false},"featured_media":6931,"template":"","meta":{"site-sidebar-layout":"default","site-content-layout":"","ast-site-content-layout":"default","site-content-style":"default","site-sidebar-style":"default","ast-global-header-display":"","ast-banner-title-visibility":"","ast-main-header-display":"","ast-hfb-above-header-display":"","ast-hfb-below-header-display":"","ast-hfb-mobile-header-display":"","site-post-title":"","ast-breadcrumbs-content":"","ast-featured-img":"","footer-sml-layout":"","ast-disable-related-posts":"","theme-transparent-header-meta":"default","adv-header-id-meta":"","stick-header-meta":"default","header-above-stick-meta":"","header-main-stick-meta":"","header-below-stick-meta":"","astra-migrate-meta-layouts":"set","ast-page-background-enabled":"default","ast-page-background-meta":{"desktop":{"background-color":"var(--ast-global-color-4)","background-image":"","background-repeat":"repeat","background-position":"center center","background-size":"auto","background-attachment":"scroll","background-type":"","background-media":"","overlay-type":"","overlay-color":"","overlay-opacity":"","overlay-gradient":""},"tablet":{"background-color":"","background-image":"","background-repeat":"repeat","background-position":"center center","background-size":"auto","background-attachment":"scroll","background-type":"","background-media":"","overlay-type":"","overlay-color":"","overlay-opacity":"","overlay-gradient":""},"mobile":{"background-color":"","background-image":"","background-repeat":"repeat","background-position":"center center","background-size":"auto","background-attachment":"scroll","background-type":"","background-media":"","overlay-type":"","overlay-color":"","overlay-opacity":"","overlay-gradient":""}},"ast-content-background-meta":{"desktop":{"background-color":"var(--ast-global-color-5)","background-image":"","background-repeat":"repeat","background-position":"center center","background-size":"auto","background-attachment":"scroll","background-type":"","background-media":"","overlay-type":"","overlay-color":"","overlay-opacity":"","overlay-gradient":""},"tablet":{"background-color":"var(--ast-global-color-5)","background-image":"","background-repeat":"repeat","background-position":"center center","background-size":"auto","background-attachment":"scroll","background-type":"","background-media":"","overlay-type":"","overlay-color":"","overlay-opacity":"","overlay-gradient":""},"mobile":{"background-color":"var(--ast-global-color-5)","background-image":"","background-repeat":"repeat","background-position":"center center","background-size":"auto","background-attachment":"scroll","background-type":"","background-media":"","overlay-type":"","overlay-color":"","overlay-opacity":"","overlay-gradient":""}}},"product_brand":[],"product_cat":[104],"product_tag":[],"class_list":{"0":"post-6533","1":"product","2":"type-product","3":"status-publish","4":"has-post-thumbnail","6":"product_cat-flower-power","7":"desktop-align-left","8":"tablet-align-left","9":"mobile-align-left","10":"ast-product-gallery-layout-horizontal-slider","11":"ast-product-tabs-layout-horizontal","13":"first","14":"instock","15":"shipping-taxable","16":"purchasable","17":"product-type-simple"},"yoast_head":"<!-- This site is optimized with the Yoast SEO plugin v27.4 - https:\/\/yoast.com\/product\/yoast-seo-wordpress\/ -->\n<title>Fleur de lin - Fais moi fondre<\/title>\n<meta name=\"description\" content=\"fleur de lin, une senteur douce, florale et l\u00e9g\u00e8rement poudr\u00e9e qui \u00e9voque le linge frais et les premiers jours ensoleill\u00e9s\" \/>\n<meta name=\"robots\" content=\"index, follow, max-snippet:-1, max-image-preview:large, max-video-preview:-1\" \/>\n<link rel=\"canonical\" href=\"https:\/\/faismoifondrebyc.com\/index.php\/product\/fleur-de-lin\/\" \/>\n<meta property=\"og:locale\" content=\"fr_FR\" \/>\n<meta property=\"og:type\" content=\"article\" \/>\n<meta property=\"og:title\" content=\"Fleur de lin - Fais moi fondre\" \/>\n<meta property=\"og:description\" content=\"fleur de lin, une senteur douce, florale et l\u00e9g\u00e8rement poudr\u00e9e qui \u00e9voque le linge frais et les premiers jours ensoleill\u00e9s\" \/>\n<meta property=\"og:url\" content=\"https:\/\/faismoifondrebyc.com\/index.php\/product\/fleur-de-lin\/\" \/>\n<meta property=\"og:site_name\" content=\"Fais moi fondre\" \/>\n<meta property=\"article:publisher\" content=\"https:\/\/www.facebook.com\/faismoifondrebyC\" \/>\n<meta property=\"article:modified_time\" content=\"2026-04-12T16:05:06+00:00\" \/>\n<meta property=\"og:image\" content=\"https:\/\/faismoifondrebyc.com\/wp-content\/uploads\/2026\/04\/Capture-decran-2026-04-12-a-12.17.21.png\" \/>\n\t<meta property=\"og:image:width\" content=\"830\" \/>\n\t<meta property=\"og:image:height\" content=\"830\" \/>\n\t<meta property=\"og:image:type\" content=\"image\/png\" \/>\n<meta name=\"twitter:card\" content=\"summary_large_image\" \/>\n<meta name=\"twitter:label1\" content=\"Dur\u00e9e de lecture estim\u00e9e\" \/>\n\t<meta name=\"twitter:data1\" content=\"2 minutes\" \/>\n<script type=\"application\/ld+json\" class=\"yoast-schema-graph\">{\"@context\":\"https:\\\/\\\/schema.org\",\"@graph\":[{\"@type\":\"WebPage\",\"@id\":\"https:\\\/\\\/faismoifondrebyc.com\\\/index.php\\\/product\\\/fleur-de-lin\\\/\",\"url\":\"https:\\\/\\\/faismoifondrebyc.com\\\/index.php\\\/product\\\/fleur-de-lin\\\/\",\"name\":\"Fleur de lin - Fais moi fondre\",\"isPartOf\":{\"@id\":\"https:\\\/\\\/faismoifondrebyc.com\\\/#website\"},\"primaryImageOfPage\":{\"@id\":\"https:\\\/\\\/faismoifondrebyc.com\\\/index.php\\\/product\\\/fleur-de-lin\\\/#primaryimage\"},\"image\":{\"@id\":\"https:\\\/\\\/faismoifondrebyc.com\\\/index.php\\\/product\\\/fleur-de-lin\\\/#primaryimage\"},\"thumbnailUrl\":\"https:\\\/\\\/faismoifondrebyc.com\\\/wp-content\\\/uploads\\\/2026\\\/04\\\/Capture-decran-2026-04-12-a-12.17.21.png\",\"datePublished\":\"2026-04-12T16:00:44+00:00\",\"dateModified\":\"2026-04-12T16:05:06+00:00\",\"description\":\"fleur de lin, une senteur douce, florale et l\u00e9g\u00e8rement poudr\u00e9e qui \u00e9voque le linge frais et les premiers jours ensoleill\u00e9s\",\"breadcrumb\":{\"@id\":\"https:\\\/\\\/faismoifondrebyc.com\\\/index.php\\\/product\\\/fleur-de-lin\\\/#breadcrumb\"},\"inLanguage\":\"fr-FR\",\"potentialAction\":[{\"@type\":\"ReadAction\",\"target\":[\"https:\\\/\\\/faismoifondrebyc.com\\\/index.php\\\/product\\\/fleur-de-lin\\\/\"]}]},{\"@type\":\"ImageObject\",\"inLanguage\":\"fr-FR\",\"@id\":\"https:\\\/\\\/faismoifondrebyc.com\\\/index.php\\\/product\\\/fleur-de-lin\\\/#primaryimage\",\"url\":\"https:\\\/\\\/faismoifondrebyc.com\\\/wp-content\\\/uploads\\\/2026\\\/04\\\/Capture-decran-2026-04-12-a-12.17.21.png\",\"contentUrl\":\"https:\\\/\\\/faismoifondrebyc.com\\\/wp-content\\\/uploads\\\/2026\\\/04\\\/Capture-decran-2026-04-12-a-12.17.21.png\",\"width\":830,\"height\":830},{\"@type\":\"BreadcrumbList\",\"@id\":\"https:\\\/\\\/faismoifondrebyc.com\\\/index.php\\\/product\\\/fleur-de-lin\\\/#breadcrumb\",\"itemListElement\":[{\"@type\":\"ListItem\",\"position\":1,\"name\":\"Accueil\",\"item\":\"https:\\\/\\\/faismoifondrebyc.com\\\/\"},{\"@type\":\"ListItem\",\"position\":2,\"name\":\"Boutique\",\"item\":\"https:\\\/\\\/faismoifondrebyc.com\\\/index.php\\\/boutique\\\/\"},{\"@type\":\"ListItem\",\"position\":3,\"name\":\"Fleur de lin\"}]},{\"@type\":\"WebSite\",\"@id\":\"https:\\\/\\\/faismoifondrebyc.com\\\/#website\",\"url\":\"https:\\\/\\\/faismoifondrebyc.com\\\/\",\"name\":\"Fais moi fondre by C\",\"description\":\"cr\u00e9atrice de senteurs\",\"publisher\":{\"@id\":\"https:\\\/\\\/faismoifondrebyc.com\\\/#organization\"},\"potentialAction\":[{\"@type\":\"SearchAction\",\"target\":{\"@type\":\"EntryPoint\",\"urlTemplate\":\"https:\\\/\\\/faismoifondrebyc.com\\\/?s={search_term_string}\"},\"query-input\":{\"@type\":\"PropertyValueSpecification\",\"valueRequired\":true,\"valueName\":\"search_term_string\"}}],\"inLanguage\":\"fr-FR\"},{\"@type\":\"Organization\",\"@id\":\"https:\\\/\\\/faismoifondrebyc.com\\\/#organization\",\"name\":\"Fais moi fondre by C\",\"url\":\"https:\\\/\\\/faismoifondrebyc.com\\\/\",\"logo\":{\"@type\":\"ImageObject\",\"inLanguage\":\"fr-FR\",\"@id\":\"https:\\\/\\\/faismoifondrebyc.com\\\/#\\\/schema\\\/logo\\\/image\\\/\",\"url\":\"https:\\\/\\\/faismoifondrebyc.com\\\/wp-content\\\/uploads\\\/2023\\\/03\\\/cropped-Sans-titre-1.png\",\"contentUrl\":\"https:\\\/\\\/faismoifondrebyc.com\\\/wp-content\\\/uploads\\\/2023\\\/03\\\/cropped-Sans-titre-1.png\",\"width\":1080,\"height\":1080,\"caption\":\"Fais moi fondre by C\"},\"image\":{\"@id\":\"https:\\\/\\\/faismoifondrebyc.com\\\/#\\\/schema\\\/logo\\\/image\\\/\"},\"sameAs\":[\"https:\\\/\\\/www.facebook.com\\\/faismoifondrebyC\",\"https:\\\/\\\/www.instagram.com\\\/faismoifondrebyc\\\/\"]}]}<\/script>\n<!-- \/ Yoast SEO plugin. -->","yoast_head_json":{"title":"Fleur de lin - Fais moi fondre","description":"fleur de lin, une senteur douce, florale et l\u00e9g\u00e8rement poudr\u00e9e qui \u00e9voque le linge frais et les premiers jours ensoleill\u00e9s","robots":{"index":"index","follow":"follow","max-snippet":"max-snippet:-1","max-image-preview":"max-image-preview:large","max-video-preview":"max-video-preview:-1"},"canonical":"https:\/\/faismoifondrebyc.com\/index.php\/product\/fleur-de-lin\/","og_locale":"fr_FR","og_type":"article","og_title":"Fleur de lin - Fais moi fondre","og_description":"fleur de lin, une senteur douce, florale et l\u00e9g\u00e8rement poudr\u00e9e qui \u00e9voque le linge frais et les premiers jours ensoleill\u00e9s","og_url":"https:\/\/faismoifondrebyc.com\/index.php\/product\/fleur-de-lin\/","og_site_name":"Fais moi fondre","article_publisher":"https:\/\/www.facebook.com\/faismoifondrebyC","article_modified_time":"2026-04-12T16:05:06+00:00","og_image":[{"width":830,"height":830,"url":"https:\/\/faismoifondrebyc.com\/wp-content\/uploads\/2026\/04\/Capture-decran-2026-04-12-a-12.17.21.png","type":"image\/png"}],"twitter_card":"summary_large_image","twitter_misc":{"Dur\u00e9e de lecture estim\u00e9e":"2 minutes"},"schema":{"@context":"https:\/\/schema.org","@graph":[{"@type":"WebPage","@id":"https:\/\/faismoifondrebyc.com\/index.php\/product\/fleur-de-lin\/","url":"https:\/\/faismoifondrebyc.com\/index.php\/product\/fleur-de-lin\/","name":"Fleur de lin - Fais moi fondre","isPartOf":{"@id":"https:\/\/faismoifondrebyc.com\/#website"},"primaryImageOfPage":{"@id":"https:\/\/faismoifondrebyc.com\/index.php\/product\/fleur-de-lin\/#primaryimage"},"image":{"@id":"https:\/\/faismoifondrebyc.com\/index.php\/product\/fleur-de-lin\/#primaryimage"},"thumbnailUrl":"https:\/\/faismoifondrebyc.com\/wp-content\/uploads\/2026\/04\/Capture-decran-2026-04-12-a-12.17.21.png","datePublished":"2026-04-12T16:00:44+00:00","dateModified":"2026-04-12T16:05:06+00:00","description":"fleur de lin, une senteur douce, florale et l\u00e9g\u00e8rement poudr\u00e9e qui \u00e9voque le linge frais et les premiers jours ensoleill\u00e9s","breadcrumb":{"@id":"https:\/\/faismoifondrebyc.com\/index.php\/product\/fleur-de-lin\/#breadcrumb"},"inLanguage":"fr-FR","potentialAction":[{"@type":"ReadAction","target":["https:\/\/faismoifondrebyc.com\/index.php\/product\/fleur-de-lin\/"]}]},{"@type":"ImageObject","inLanguage":"fr-FR","@id":"https:\/\/faismoifondrebyc.com\/index.php\/product\/fleur-de-lin\/#primaryimage","url":"https:\/\/faismoifondrebyc.com\/wp-content\/uploads\/2026\/04\/Capture-decran-2026-04-12-a-12.17.21.png","contentUrl":"https:\/\/faismoifondrebyc.com\/wp-content\/uploads\/2026\/04\/Capture-decran-2026-04-12-a-12.17.21.png","width":830,"height":830},{"@type":"BreadcrumbList","@id":"https:\/\/faismoifondrebyc.com\/index.php\/product\/fleur-de-lin\/#breadcrumb","itemListElement":[{"@type":"ListItem","position":1,"name":"Accueil","item":"https:\/\/faismoifondrebyc.com\/"},{"@type":"ListItem","position":2,"name":"Boutique","item":"https:\/\/faismoifondrebyc.com\/index.php\/boutique\/"},{"@type":"ListItem","position":3,"name":"Fleur de lin"}]},{"@type":"WebSite","@id":"https:\/\/faismoifondrebyc.com\/#website","url":"https:\/\/faismoifondrebyc.com\/","name":"Fais moi fondre by C","description":"cr\u00e9atrice de senteurs","publisher":{"@id":"https:\/\/faismoifondrebyc.com\/#organization"},"potentialAction":[{"@type":"SearchAction","target":{"@type":"EntryPoint","urlTemplate":"https:\/\/faismoifondrebyc.com\/?s={search_term_string}"},"query-input":{"@type":"PropertyValueSpecification","valueRequired":true,"valueName":"search_term_string"}}],"inLanguage":"fr-FR"},{"@type":"Organization","@id":"https:\/\/faismoifondrebyc.com\/#organization","name":"Fais moi fondre by C","url":"https:\/\/faismoifondrebyc.com\/","logo":{"@type":"ImageObject","inLanguage":"fr-FR","@id":"https:\/\/faismoifondrebyc.com\/#\/schema\/logo\/image\/","url":"https:\/\/faismoifondrebyc.com\/wp-content\/uploads\/2023\/03\/cropped-Sans-titre-1.png","contentUrl":"https:\/\/faismoifondrebyc.com\/wp-content\/uploads\/2023\/03\/cropped-Sans-titre-1.png","width":1080,"height":1080,"caption":"Fais moi fondre by C"},"image":{"@id":"https:\/\/faismoifondrebyc.com\/#\/schema\/logo\/image\/"},"sameAs":["https:\/\/www.facebook.com\/faismoifondrebyC","https:\/\/www.instagram.com\/faismoifondrebyc\/"]}]}},"_links":{"self":[{"href":"https:\/\/faismoifondrebyc.com\/index.php\/wp-json\/wp\/v2\/product\/6533","targetHints":{"allow":["GET"]}}],"collection":[{"href":"https:\/\/faismoifondrebyc.com\/index.php\/wp-json\/wp\/v2\/product"}],"about":[{"href":"https:\/\/faismoifondrebyc.com\/index.php\/wp-json\/wp\/v2\/types\/product"}],"version-history":[{"count":5,"href":"https:\/\/faismoifondrebyc.com\/index.php\/wp-json\/wp\/v2\/product\/6533\/revisions"}],"predecessor-version":[{"id":6942,"href":"https:\/\/faismoifondrebyc.com\/index.php\/wp-json\/wp\/v2\/product\/6533\/revisions\/6942"}],"wp:featuredmedia":[{"embeddable":true,"href":"https:\/\/faismoifondrebyc.com\/index.php\/wp-json\/wp\/v2\/media\/6931"}],"wp:attachment":[{"href":"https:\/\/faismoifondrebyc.com\/index.php\/wp-json\/wp\/v2\/media?parent=6533"}],"wp:term":[{"taxonomy":"product_brand","embeddable":true,"href":"https:\/\/faismoifondrebyc.com\/index.php\/wp-json\/wp\/v2\/product_brand?post=6533"},{"taxonomy":"product_cat","embeddable":true,"href":"https:\/\/faismoifondrebyc.com\/index.php\/wp-json\/wp\/v2\/product_cat?post=6533"},{"taxonomy":"product_tag","embeddable":true,"href":"https:\/\/faismoifondrebyc.com\/index.php\/wp-json\/wp\/v2\/product_tag?post=6533"}],"curies":[{"name":"wp","href":"https:\/\/api.w.org\/{rel}","templated":true}]}}