{"id":6147,"date":"2025-09-23T12:53:41","date_gmt":"2025-09-23T10:53:41","guid":{"rendered":"https:\/\/faismoifondrebyc.com\/?post_type=product&#038;p=6147"},"modified":"2026-03-07T18:04:12","modified_gmt":"2026-03-07T17:04:12","slug":"gemeaux","status":"publish","type":"product","link":"https:\/\/faismoifondrebyc.com\/index.php\/product\/gemeaux\/","title":{"rendered":"G\u00e9meaux"},"content":{"rendered":"<div>\n<div>\n<div>\n<p>Bougie qui incarne l&rsquo;essence du signe astrologique des G\u00e9meaux, connu pour sa vivacit\u00e9 d&rsquo;esprit et son adaptabilit\u00e9. Cette fragrance, aux notes vertes et florales, \u00e9voque la l\u00e9g\u00e8ret\u00e9 et le renouveau, id\u00e9ale pour insuffler un air de fra\u00eecheur dans votre espace.<\/p>\n<p>Note: Verte, Florale<\/p>\n<p>T\u00eate : citron, cyclamen, ch\u00e8vrefeuille, note aquatique<\/p>\n<p>Coeur : jasmin, note verte, rose, jacinthe<\/p>\n<p>Fond : fleurs blanches, musc, mousse<\/p>\n<\/div>\n<\/div>\n<p><span style=\"font-size: 16px;\">Retrouvez cette nouvelle collection ASTRO , format de 280g de cire pour +\/- 60h de diffusion dans un magnifique contenant en verre iridescent qui offre des reflets changeants qui fascinent ! L&rsquo;illustration est faite par Lucie B. une talentueuse illustratrice de Metz.<\/span><\/p>\n<\/div>\n<p>La cire de soja peut afficher un effet de givre \u00e0 sa surface ou d\u00e9velopper des craquelures. Cela vous garantie une cire enti\u00e8rement naturelle et eco responsable venant d\u2019Europe.<\/p>\n<h6>Conseils d\u2019utilisations<\/h6>\n<p>Laisser la bougie br\u00fbler suffisamment longtemps (1 \u00e0 2 heures) pour que toute la surface de la cire fonde et forme une \u00ab piscine \u00bb jusqu\u2019au bord du contenant. Mais Si vous ne laissez pas la bougie br\u00fbler assez longtemps avant de l\u2019\u00e9teindre. Elle va se creuser et former un puit de plus en plus profond. La bougie poss\u00e8de une sorte de m\u00e9moire et reprendra le trou de br\u00fblage pr\u00e9c\u00e9dent au lieu de fondre uniform\u00e9ment jusqu\u2019\u00e0 total totale \u00e9puisement de la cire.<\/p>\n<p>Il faut recouper la m\u00e8che \u00e0 environ 0,5cm avant chaque utilisation pour \u00e9viter la surchauffe et la fum\u00e9e noire. Les bougies en cire de soja ne produisent pas de suie toxique comme les bougies en paraffine. Lorsque la m\u00e8che est trop longue, il peut se former un d\u00e9p\u00f4t de carbone au bout, ce qui peut causer de la fum\u00e9e. Recouper votre m\u00e8che \u00e9vitera ce d\u00e9sagr\u00e9ment et rendra la combustion plus sure et plus lente, la bougie durera plus longtemps.<\/p>\n<p>La cire v\u00e9g\u00e9tale est facile \u00e0 nettoyer avec de l\u2019eau chaude et du savon. Ne jetez-pas les restes dans votre \u00e9vier, vous boucherez vos canalisations ! S\u2019il reste un peu de cire dans vos containers, faites chauffer un peu le verre, essuyez la cire fondue avec un chiffon sec. Vous pourrez donc ensuite nettoyer votre contenant normalement et le recycler \u00e0 votre convenance.<\/p>\n<h6>Pr\u00e9cautions d\u2019utilisations:<\/h6>\n<p>Retirez les r\u00e9sidus de m\u00e8che ou d\u2019allumette pr\u00e9sente \u00e0 l\u2019int\u00e9rieur de la bougie parfum\u00e9e pour \u00e9viter qu\u2019elle ne fume.<br \/>\nDisposez la bougie parfum\u00e9e sur une surface plane et \u00e0 l\u2019abri des courants d\u2019air pour \u00e9viter les risques d\u2019incendies.<br \/>\nLa Bougie G\u00e9meaux doit rester hors de port\u00e9e des enfants et des animaux.<br \/>\nNe laissez jamais une bougie parfum\u00e9e sans surveillance. Eteignez vos bougies parfum\u00e9es avant d\u2019aller dormir et avant de quitter la pi\u00e8ce ou votre domicile.<br \/>\nVeillez toujours \u00e0 ce que la bougie parfum\u00e9e soit \u00e9loign\u00e9e des objets inflammables.<\/p>\n<h6><strong>Ingr\u00e9dients:<\/strong><\/h6>\n<div>La cire de soja europ\u00e9enne que nous utilisons est d\u2019<span class=\"sac\">excellente<\/span>\u00a0qualit\u00e9, elle permet une diffusion de parfum plus longue! Elle est issue de culture sans OGM ni pesticide, de plus la cire de soja est \u00e9conomique, \u00e9cologique, biod\u00e9gradable et facile \u00e0 nettoyer. La bougie \u00e0 base de cire v\u00e9g\u00e9tale de soja ne d\u00e9gage pas de substances toxiques et assure une\u00a0<span class=\"sac\">excellente\u00a0<\/span>diffusion du parfum.<\/div>\n<p>Les m\u00e8ches sont en coton tress\u00e9 ne contiennent pas de plombs, elles sont minutieusement choisies pour obtenir une qualit\u00e9 de diffusion optimale.<\/p>\n<p>Les fragrances utilis\u00e9es dans nos bougies G\u00e9meaux ont \u00e9t\u00e9 con\u00e7ue par un parfumeur professionnel de la ville de Grasse, capitale mondialement connu pour la cr\u00e9ation de parfums. Les huiles sont sans CMR (canc\u00e9rig\u00e8ne, mutag\u00e8ne, repro toxique) et r\u00e9pondent aux normes IFRA (international fragrance association).<\/p>\n","protected":false},"excerpt":{"rendered":"<p>Bougie qui incarne l&rsquo;essence du signe astrologique des G\u00e9meaux, connu pour sa vivacit\u00e9 d&rsquo;esprit et son adaptabilit\u00e9. Cette fragrance, aux notes vertes et florales, \u00e9voque la l\u00e9g\u00e8ret\u00e9 et le renouveau, id\u00e9ale pour insuffler un air de fra\u00eecheur dans votre espace.<\/p>\n","protected":false},"featured_media":6546,"template":"","meta":{"site-sidebar-layout":"default","site-content-layout":"","ast-site-content-layout":"default","site-content-style":"default","site-sidebar-style":"default","ast-global-header-display":"","ast-banner-title-visibility":"","ast-main-header-display":"","ast-hfb-above-header-display":"","ast-hfb-below-header-display":"","ast-hfb-mobile-header-display":"","site-post-title":"","ast-breadcrumbs-content":"","ast-featured-img":"","footer-sml-layout":"","ast-disable-related-posts":"","theme-transparent-header-meta":"default","adv-header-id-meta":"","stick-header-meta":"","header-above-stick-meta":"","header-main-stick-meta":"","header-below-stick-meta":"","astra-migrate-meta-layouts":"set","ast-page-background-enabled":"default","ast-page-background-meta":{"desktop":{"background-color":"var(--ast-global-color-4)","background-image":"","background-repeat":"repeat","background-position":"center center","background-size":"auto","background-attachment":"scroll","background-type":"","background-media":"","overlay-type":"","overlay-color":"","overlay-opacity":"","overlay-gradient":""},"tablet":{"background-color":"","background-image":"","background-repeat":"repeat","background-position":"center center","background-size":"auto","background-attachment":"scroll","background-type":"","background-media":"","overlay-type":"","overlay-color":"","overlay-opacity":"","overlay-gradient":""},"mobile":{"background-color":"","background-image":"","background-repeat":"repeat","background-position":"center center","background-size":"auto","background-attachment":"scroll","background-type":"","background-media":"","overlay-type":"","overlay-color":"","overlay-opacity":"","overlay-gradient":""}},"ast-content-background-meta":{"desktop":{"background-color":"var(--ast-global-color-5)","background-image":"","background-repeat":"repeat","background-position":"center center","background-size":"auto","background-attachment":"scroll","background-type":"","background-media":"","overlay-type":"","overlay-color":"","overlay-opacity":"","overlay-gradient":""},"tablet":{"background-color":"var(--ast-global-color-5)","background-image":"","background-repeat":"repeat","background-position":"center center","background-size":"auto","background-attachment":"scroll","background-type":"","background-media":"","overlay-type":"","overlay-color":"","overlay-opacity":"","overlay-gradient":""},"mobile":{"background-color":"var(--ast-global-color-5)","background-image":"","background-repeat":"repeat","background-position":"center center","background-size":"auto","background-attachment":"scroll","background-type":"","background-media":"","overlay-type":"","overlay-color":"","overlay-opacity":"","overlay-gradient":""}}},"product_brand":[],"product_cat":[27],"product_tag":[],"class_list":{"0":"post-6147","1":"product","2":"type-product","3":"status-publish","4":"has-post-thumbnail","6":"product_cat-astro","7":"desktop-align-left","8":"tablet-align-left","9":"mobile-align-left","10":"ast-product-gallery-layout-horizontal-slider","11":"ast-product-gallery-with-no-image","12":"ast-product-tabs-layout-horizontal","14":"first","15":"instock","16":"shipping-taxable","17":"purchasable","18":"product-type-simple"},"yoast_head":"<!-- This site is optimized with the Yoast SEO plugin v27.4 - https:\/\/yoast.com\/product\/yoast-seo-wordpress\/ -->\n<title>G\u00e9meaux - Fais moi fondre<\/title>\n<meta name=\"description\" content=\"Retrouvez cette nouvelle collection ASTRO ,G\u00e9meaux format de 280g de cire pour +\/- 60h dans un magnifique contenant en verre iridescent !\" \/>\n<meta name=\"robots\" content=\"index, follow, max-snippet:-1, max-image-preview:large, max-video-preview:-1\" \/>\n<link rel=\"canonical\" href=\"https:\/\/faismoifondrebyc.com\/index.php\/product\/gemeaux\/\" \/>\n<meta property=\"og:locale\" content=\"fr_FR\" \/>\n<meta property=\"og:type\" content=\"article\" \/>\n<meta property=\"og:title\" content=\"G\u00e9meaux - Fais moi fondre\" \/>\n<meta property=\"og:description\" content=\"Retrouvez cette nouvelle collection ASTRO ,G\u00e9meaux format de 280g de cire pour +\/- 60h dans un magnifique contenant en verre iridescent !\" \/>\n<meta property=\"og:url\" content=\"https:\/\/faismoifondrebyc.com\/index.php\/product\/gemeaux\/\" \/>\n<meta property=\"og:site_name\" content=\"Fais moi fondre\" \/>\n<meta property=\"article:publisher\" content=\"https:\/\/www.facebook.com\/faismoifondrebyC\" \/>\n<meta property=\"article:modified_time\" content=\"2026-03-07T17:04:12+00:00\" \/>\n<meta property=\"og:image\" content=\"https:\/\/faismoifondrebyc.com\/wp-content\/uploads\/2025\/09\/Capture-decran-2025-03-17-a-22.30.15.png\" \/>\n\t<meta property=\"og:image:width\" content=\"802\" \/>\n\t<meta property=\"og:image:height\" content=\"946\" \/>\n\t<meta property=\"og:image:type\" content=\"image\/png\" \/>\n<meta name=\"twitter:card\" content=\"summary_large_image\" \/>\n<meta name=\"twitter:label1\" content=\"Dur\u00e9e de lecture estim\u00e9e\" \/>\n\t<meta name=\"twitter:data1\" content=\"3 minutes\" \/>\n<script type=\"application\/ld+json\" class=\"yoast-schema-graph\">{\"@context\":\"https:\\\/\\\/schema.org\",\"@graph\":[{\"@type\":\"WebPage\",\"@id\":\"https:\\\/\\\/faismoifondrebyc.com\\\/index.php\\\/product\\\/gemeaux\\\/\",\"url\":\"https:\\\/\\\/faismoifondrebyc.com\\\/index.php\\\/product\\\/gemeaux\\\/\",\"name\":\"G\u00e9meaux - Fais moi fondre\",\"isPartOf\":{\"@id\":\"https:\\\/\\\/faismoifondrebyc.com\\\/#website\"},\"primaryImageOfPage\":{\"@id\":\"https:\\\/\\\/faismoifondrebyc.com\\\/index.php\\\/product\\\/gemeaux\\\/#primaryimage\"},\"image\":{\"@id\":\"https:\\\/\\\/faismoifondrebyc.com\\\/index.php\\\/product\\\/gemeaux\\\/#primaryimage\"},\"thumbnailUrl\":\"https:\\\/\\\/faismoifondrebyc.com\\\/wp-content\\\/uploads\\\/2025\\\/09\\\/Capture-decran-2025-03-17-a-22.30.15.png\",\"datePublished\":\"2025-09-23T10:53:41+00:00\",\"dateModified\":\"2026-03-07T17:04:12+00:00\",\"description\":\"Retrouvez cette nouvelle collection ASTRO ,G\u00e9meaux format de 280g de cire pour +\\\/- 60h dans un magnifique contenant en verre iridescent !\",\"breadcrumb\":{\"@id\":\"https:\\\/\\\/faismoifondrebyc.com\\\/index.php\\\/product\\\/gemeaux\\\/#breadcrumb\"},\"inLanguage\":\"fr-FR\",\"potentialAction\":[{\"@type\":\"ReadAction\",\"target\":[\"https:\\\/\\\/faismoifondrebyc.com\\\/index.php\\\/product\\\/gemeaux\\\/\"]}]},{\"@type\":\"ImageObject\",\"inLanguage\":\"fr-FR\",\"@id\":\"https:\\\/\\\/faismoifondrebyc.com\\\/index.php\\\/product\\\/gemeaux\\\/#primaryimage\",\"url\":\"https:\\\/\\\/faismoifondrebyc.com\\\/wp-content\\\/uploads\\\/2025\\\/09\\\/Capture-decran-2025-03-17-a-22.30.15.png\",\"contentUrl\":\"https:\\\/\\\/faismoifondrebyc.com\\\/wp-content\\\/uploads\\\/2025\\\/09\\\/Capture-decran-2025-03-17-a-22.30.15.png\",\"width\":802,\"height\":946},{\"@type\":\"BreadcrumbList\",\"@id\":\"https:\\\/\\\/faismoifondrebyc.com\\\/index.php\\\/product\\\/gemeaux\\\/#breadcrumb\",\"itemListElement\":[{\"@type\":\"ListItem\",\"position\":1,\"name\":\"Accueil\",\"item\":\"https:\\\/\\\/faismoifondrebyc.com\\\/\"},{\"@type\":\"ListItem\",\"position\":2,\"name\":\"Boutique\",\"item\":\"https:\\\/\\\/faismoifondrebyc.com\\\/index.php\\\/boutique\\\/\"},{\"@type\":\"ListItem\",\"position\":3,\"name\":\"G\u00e9meaux\"}]},{\"@type\":\"WebSite\",\"@id\":\"https:\\\/\\\/faismoifondrebyc.com\\\/#website\",\"url\":\"https:\\\/\\\/faismoifondrebyc.com\\\/\",\"name\":\"Fais moi fondre by C\",\"description\":\"cr\u00e9atrice de senteurs\",\"publisher\":{\"@id\":\"https:\\\/\\\/faismoifondrebyc.com\\\/#organization\"},\"potentialAction\":[{\"@type\":\"SearchAction\",\"target\":{\"@type\":\"EntryPoint\",\"urlTemplate\":\"https:\\\/\\\/faismoifondrebyc.com\\\/?s={search_term_string}\"},\"query-input\":{\"@type\":\"PropertyValueSpecification\",\"valueRequired\":true,\"valueName\":\"search_term_string\"}}],\"inLanguage\":\"fr-FR\"},{\"@type\":\"Organization\",\"@id\":\"https:\\\/\\\/faismoifondrebyc.com\\\/#organization\",\"name\":\"Fais moi fondre by C\",\"url\":\"https:\\\/\\\/faismoifondrebyc.com\\\/\",\"logo\":{\"@type\":\"ImageObject\",\"inLanguage\":\"fr-FR\",\"@id\":\"https:\\\/\\\/faismoifondrebyc.com\\\/#\\\/schema\\\/logo\\\/image\\\/\",\"url\":\"https:\\\/\\\/faismoifondrebyc.com\\\/wp-content\\\/uploads\\\/2023\\\/03\\\/cropped-Sans-titre-1.png\",\"contentUrl\":\"https:\\\/\\\/faismoifondrebyc.com\\\/wp-content\\\/uploads\\\/2023\\\/03\\\/cropped-Sans-titre-1.png\",\"width\":1080,\"height\":1080,\"caption\":\"Fais moi fondre by C\"},\"image\":{\"@id\":\"https:\\\/\\\/faismoifondrebyc.com\\\/#\\\/schema\\\/logo\\\/image\\\/\"},\"sameAs\":[\"https:\\\/\\\/www.facebook.com\\\/faismoifondrebyC\",\"https:\\\/\\\/www.instagram.com\\\/faismoifondrebyc\\\/\"]}]}<\/script>\n<!-- \/ Yoast SEO plugin. -->","yoast_head_json":{"title":"G\u00e9meaux - Fais moi fondre","description":"Retrouvez cette nouvelle collection ASTRO ,G\u00e9meaux format de 280g de cire pour +\/- 60h dans un magnifique contenant en verre iridescent !","robots":{"index":"index","follow":"follow","max-snippet":"max-snippet:-1","max-image-preview":"max-image-preview:large","max-video-preview":"max-video-preview:-1"},"canonical":"https:\/\/faismoifondrebyc.com\/index.php\/product\/gemeaux\/","og_locale":"fr_FR","og_type":"article","og_title":"G\u00e9meaux - Fais moi fondre","og_description":"Retrouvez cette nouvelle collection ASTRO ,G\u00e9meaux format de 280g de cire pour +\/- 60h dans un magnifique contenant en verre iridescent !","og_url":"https:\/\/faismoifondrebyc.com\/index.php\/product\/gemeaux\/","og_site_name":"Fais moi fondre","article_publisher":"https:\/\/www.facebook.com\/faismoifondrebyC","article_modified_time":"2026-03-07T17:04:12+00:00","og_image":[{"width":802,"height":946,"url":"https:\/\/faismoifondrebyc.com\/wp-content\/uploads\/2025\/09\/Capture-decran-2025-03-17-a-22.30.15.png","type":"image\/png"}],"twitter_card":"summary_large_image","twitter_misc":{"Dur\u00e9e de lecture estim\u00e9e":"3 minutes"},"schema":{"@context":"https:\/\/schema.org","@graph":[{"@type":"WebPage","@id":"https:\/\/faismoifondrebyc.com\/index.php\/product\/gemeaux\/","url":"https:\/\/faismoifondrebyc.com\/index.php\/product\/gemeaux\/","name":"G\u00e9meaux - Fais moi fondre","isPartOf":{"@id":"https:\/\/faismoifondrebyc.com\/#website"},"primaryImageOfPage":{"@id":"https:\/\/faismoifondrebyc.com\/index.php\/product\/gemeaux\/#primaryimage"},"image":{"@id":"https:\/\/faismoifondrebyc.com\/index.php\/product\/gemeaux\/#primaryimage"},"thumbnailUrl":"https:\/\/faismoifondrebyc.com\/wp-content\/uploads\/2025\/09\/Capture-decran-2025-03-17-a-22.30.15.png","datePublished":"2025-09-23T10:53:41+00:00","dateModified":"2026-03-07T17:04:12+00:00","description":"Retrouvez cette nouvelle collection ASTRO ,G\u00e9meaux format de 280g de cire pour +\/- 60h dans un magnifique contenant en verre iridescent !","breadcrumb":{"@id":"https:\/\/faismoifondrebyc.com\/index.php\/product\/gemeaux\/#breadcrumb"},"inLanguage":"fr-FR","potentialAction":[{"@type":"ReadAction","target":["https:\/\/faismoifondrebyc.com\/index.php\/product\/gemeaux\/"]}]},{"@type":"ImageObject","inLanguage":"fr-FR","@id":"https:\/\/faismoifondrebyc.com\/index.php\/product\/gemeaux\/#primaryimage","url":"https:\/\/faismoifondrebyc.com\/wp-content\/uploads\/2025\/09\/Capture-decran-2025-03-17-a-22.30.15.png","contentUrl":"https:\/\/faismoifondrebyc.com\/wp-content\/uploads\/2025\/09\/Capture-decran-2025-03-17-a-22.30.15.png","width":802,"height":946},{"@type":"BreadcrumbList","@id":"https:\/\/faismoifondrebyc.com\/index.php\/product\/gemeaux\/#breadcrumb","itemListElement":[{"@type":"ListItem","position":1,"name":"Accueil","item":"https:\/\/faismoifondrebyc.com\/"},{"@type":"ListItem","position":2,"name":"Boutique","item":"https:\/\/faismoifondrebyc.com\/index.php\/boutique\/"},{"@type":"ListItem","position":3,"name":"G\u00e9meaux"}]},{"@type":"WebSite","@id":"https:\/\/faismoifondrebyc.com\/#website","url":"https:\/\/faismoifondrebyc.com\/","name":"Fais moi fondre by C","description":"cr\u00e9atrice de senteurs","publisher":{"@id":"https:\/\/faismoifondrebyc.com\/#organization"},"potentialAction":[{"@type":"SearchAction","target":{"@type":"EntryPoint","urlTemplate":"https:\/\/faismoifondrebyc.com\/?s={search_term_string}"},"query-input":{"@type":"PropertyValueSpecification","valueRequired":true,"valueName":"search_term_string"}}],"inLanguage":"fr-FR"},{"@type":"Organization","@id":"https:\/\/faismoifondrebyc.com\/#organization","name":"Fais moi fondre by C","url":"https:\/\/faismoifondrebyc.com\/","logo":{"@type":"ImageObject","inLanguage":"fr-FR","@id":"https:\/\/faismoifondrebyc.com\/#\/schema\/logo\/image\/","url":"https:\/\/faismoifondrebyc.com\/wp-content\/uploads\/2023\/03\/cropped-Sans-titre-1.png","contentUrl":"https:\/\/faismoifondrebyc.com\/wp-content\/uploads\/2023\/03\/cropped-Sans-titre-1.png","width":1080,"height":1080,"caption":"Fais moi fondre by C"},"image":{"@id":"https:\/\/faismoifondrebyc.com\/#\/schema\/logo\/image\/"},"sameAs":["https:\/\/www.facebook.com\/faismoifondrebyC","https:\/\/www.instagram.com\/faismoifondrebyc\/"]}]}},"_links":{"self":[{"href":"https:\/\/faismoifondrebyc.com\/index.php\/wp-json\/wp\/v2\/product\/6147","targetHints":{"allow":["GET"]}}],"collection":[{"href":"https:\/\/faismoifondrebyc.com\/index.php\/wp-json\/wp\/v2\/product"}],"about":[{"href":"https:\/\/faismoifondrebyc.com\/index.php\/wp-json\/wp\/v2\/types\/product"}],"version-history":[{"count":1,"href":"https:\/\/faismoifondrebyc.com\/index.php\/wp-json\/wp\/v2\/product\/6147\/revisions"}],"predecessor-version":[{"id":6148,"href":"https:\/\/faismoifondrebyc.com\/index.php\/wp-json\/wp\/v2\/product\/6147\/revisions\/6148"}],"wp:featuredmedia":[{"embeddable":true,"href":"https:\/\/faismoifondrebyc.com\/index.php\/wp-json\/wp\/v2\/media\/6546"}],"wp:attachment":[{"href":"https:\/\/faismoifondrebyc.com\/index.php\/wp-json\/wp\/v2\/media?parent=6147"}],"wp:term":[{"taxonomy":"product_brand","embeddable":true,"href":"https:\/\/faismoifondrebyc.com\/index.php\/wp-json\/wp\/v2\/product_brand?post=6147"},{"taxonomy":"product_cat","embeddable":true,"href":"https:\/\/faismoifondrebyc.com\/index.php\/wp-json\/wp\/v2\/product_cat?post=6147"},{"taxonomy":"product_tag","embeddable":true,"href":"https:\/\/faismoifondrebyc.com\/index.php\/wp-json\/wp\/v2\/product_tag?post=6147"}],"curies":[{"name":"wp","href":"https:\/\/api.w.org\/{rel}","templated":true}]}}