{"id":6030,"date":"2025-01-25T17:04:04","date_gmt":"2025-01-25T16:04:04","guid":{"rendered":"https:\/\/faismoifondrebyc.com\/?post_type=product&#038;p=6030"},"modified":"2025-01-25T17:06:43","modified_gmt":"2025-01-25T16:06:43","slug":"fruit-de-la-passion","status":"publish","type":"product","link":"https:\/\/faismoifondrebyc.com\/index.php\/product\/fruit-de-la-passion\/","title":{"rendered":"Fruit de la Passion"},"content":{"rendered":"<p>Fondant parfum\u00e9 Fruit de la Passion \u00e0 utiliser dans <a href=\"https:\/\/faismoifondrebyc.com\/index.php\/product-category\/brules-parfum\/\">un br\u00fbleur<\/a> avec une<a href=\"https:\/\/faismoifondrebyc.com\/index.php\/product\/bougie-chauffe-plat\/\"> bougie chauffe-plat<\/a>.<\/p>\n<div class=\"product-actions\">\n<form id=\"add-to-cart-or-refresh\" action=\"https:\/\/www.aromateasy.net\/fr\/panier\" method=\"post\">\n<div class=\"buy-block\">\n<div class=\"product-additional-info\">\n<div id=\"wishlist_button_block\" class=\"wrap_allert\">\n<p class=\"buttons_bottom_block\">D\u00e9couvrez\u00a0 Fruit de la Passion, une v\u00e9ritable \u00e9vasion tropicale.<br \/>\nEn t\u00eate, vous serez envo\u00fbt\u00e9 par les notes juteuses de la p\u00eache et des fruits rouges, qui apportent une fra\u00eecheur fruit\u00e9e.<br \/>\nAu c\u0153ur, des nuances d\u00e9licates de fruit de la passion se d\u00e9ploient, cr\u00e9ant une harmonie fruit\u00e9e exceptionnelle.<br \/>\nEnfin, les notes de fond de violette et de noix de coco enveloppent votre espace d&rsquo;une douceur r\u00e9confortante, transformant chaque pi\u00e8ce en un havre de paix.<\/p>\n<\/div>\n<\/div>\n<\/div>\n<\/form>\n<\/div>\n<h6><\/h6>\n<h6>Maxi : Pour les grandes pi\u00e8ces \u00e0 vivre ou les pi\u00e8ces ouvertes, vous pouvez couper le fondant en 2 pour diminuer l&rsquo;intensit\u00e9, dur\u00e9e de diffusion +\/- 20h<\/h6>\n<h6>XL : Quand on aime une senteur. La tablette est s\u00e9cable tr\u00e8s facilement en 5. Ajustez le grammage en fonction de l\u2019intensit\u00e9 souhait\u00e9e. B\u00e9n\u00e9ficiez de +\/- 45 heures de diffusion.<\/h6>\n<h6>XXL : Le format le plus \u00e9conomique pour votre senteur pr\u00e9f\u00e9r\u00e9e.\u00a0La tablette est s\u00e9cable en 6. Ajustez le grammage en fonction de l\u2019intensit\u00e9 souhait\u00e9e. B\u00e9n\u00e9ficiez de +\/- 85 heures de diffusion.<\/h6>\n<h6>A utiliser maximum 2-3 heures par diffusion.<\/h6>\n<p>&nbsp;<\/p>\n<p>Ingr\u00e9dients: cire de colza, mica, fragrance.<br \/>\nCire de colza: cire 100 % naturelle sans OGM ni pesticide et biod\u00e9gradable, de qualit\u00e9 premium et \u00e9co-responsable.<br \/>\nLa totalit\u00e9 des produits est coul\u00e9e \u00e0 la main dans notre atelier messin.<br \/>\nLes parfums dont s\u00e9duction sont sans CMR (Canc\u00e9rig\u00e8ne, Mutag\u00e8ne, Reprotoxique), sans phtalate et r\u00e9pondent aux normes IFRA (international fragrance association).<\/p>\n<p><strong>La couleur et forme des fondants peuvent varier suivant les lots de fabrication.<\/strong><\/p>\n<p>Pr\u00e9cautions et mode d\u2019utilisation:<\/p>\n<ul>\n<li>Les bougies allum\u00e9es doivent rester hors de port\u00e9e des enfants et des animaux.<\/li>\n<li>Ne pas laisser une bougie sans surveillance.<\/li>\n<li>\u00c9teignez vos bougies avant de sortir ou avant d\u2019aller dormir.<\/li>\n<li>\u00c9loignez vos bougies allum\u00e9es des objets inflammables.<\/li>\n<li>Placez vos bougies parfum\u00e9es allum\u00e9es sur une surface stable.<\/li>\n<li>Disposez vos bougies \u00e0 l\u2019abri des courants d\u2019air pour \u00e9viter tout risque d\u2019incendie.<\/li>\n<\/ul>\n<p>Conservez vos bougies \u00e0 l\u2019abri de la lumi\u00e8re, de la chaleur et de l\u2019humidit\u00e9.<br \/>\nVous retrouverez \u00e0 l\u2019arri\u00e8re de chaque fondant Fruit de la Passion et coffret une CLP, \u00e9tiquetage pour vous garantir la transparence des senteurs utilis\u00e9es et \u00eatre aux normes obligatoires.<\/p>\n<div><\/div>\n","protected":false},"excerpt":{"rendered":"<p>D\u00e9couvrez\u00a0 Fruit de la Passion, une v\u00e9ritable \u00e9vasion tropicale.<\/p>\n","protected":false},"featured_media":6003,"template":"","meta":{"site-sidebar-layout":"default","site-content-layout":"default","ast-site-content-layout":"default","site-content-style":"default","site-sidebar-style":"default","ast-global-header-display":"","ast-banner-title-visibility":"","ast-main-header-display":"","ast-hfb-above-header-display":"","ast-hfb-below-header-display":"","ast-hfb-mobile-header-display":"","site-post-title":"","ast-breadcrumbs-content":"","ast-featured-img":"","footer-sml-layout":"","ast-disable-related-posts":"","theme-transparent-header-meta":"default","adv-header-id-meta":"","stick-header-meta":"","header-above-stick-meta":"","header-main-stick-meta":"","header-below-stick-meta":"","astra-migrate-meta-layouts":"set","ast-page-background-enabled":"default","ast-page-background-meta":{"desktop":{"background-color":"var(--ast-global-color-4)","background-image":"","background-repeat":"repeat","background-position":"center center","background-size":"auto","background-attachment":"scroll","background-type":"","background-media":"","overlay-type":"","overlay-color":"","overlay-opacity":"","overlay-gradient":""},"tablet":{"background-color":"","background-image":"","background-repeat":"repeat","background-position":"center center","background-size":"auto","background-attachment":"scroll","background-type":"","background-media":"","overlay-type":"","overlay-color":"","overlay-opacity":"","overlay-gradient":""},"mobile":{"background-color":"","background-image":"","background-repeat":"repeat","background-position":"center center","background-size":"auto","background-attachment":"scroll","background-type":"","background-media":"","overlay-type":"","overlay-color":"","overlay-opacity":"","overlay-gradient":""}},"ast-content-background-meta":{"desktop":{"background-color":"var(--ast-global-color-5)","background-image":"","background-repeat":"repeat","background-position":"center center","background-size":"auto","background-attachment":"scroll","background-type":"","background-media":"","overlay-type":"","overlay-color":"","overlay-opacity":"","overlay-gradient":""},"tablet":{"background-color":"var(--ast-global-color-5)","background-image":"","background-repeat":"repeat","background-position":"center center","background-size":"auto","background-attachment":"scroll","background-type":"","background-media":"","overlay-type":"","overlay-color":"","overlay-opacity":"","overlay-gradient":""},"mobile":{"background-color":"var(--ast-global-color-5)","background-image":"","background-repeat":"repeat","background-position":"center center","background-size":"auto","background-attachment":"scroll","background-type":"","background-media":"","overlay-type":"","overlay-color":"","overlay-opacity":"","overlay-gradient":""}}},"product_brand":[],"product_cat":[24,37],"product_tag":[],"class_list":{"0":"post-6030","1":"product","2":"type-product","3":"status-publish","4":"has-post-thumbnail","6":"product_cat-fondants-parfumes","7":"product_cat-tuttifrutti","8":"desktop-align-left","9":"tablet-align-left","10":"mobile-align-left","11":"ast-product-gallery-layout-horizontal-slider","12":"ast-product-single-variable","13":"ast-product-tabs-layout-horizontal","15":"first","16":"instock","17":"shipping-taxable","18":"purchasable","19":"product-type-variable"},"yoast_head":"<!-- This site is optimized with the Yoast SEO plugin v27.4 - https:\/\/yoast.com\/product\/yoast-seo-wordpress\/ -->\n<title>Fruit de la Passion - Fais moi fondre<\/title>\n<meta name=\"description\" content=\"D\u00e9couvrez\u00a0 Fruit de la Passion, une v\u00e9ritable \u00e9vasion tropicale, une exp\u00e9rience olfactive inoubliable qui saura sublimer votre quotidien.\" \/>\n<meta name=\"robots\" content=\"index, follow, max-snippet:-1, max-image-preview:large, max-video-preview:-1\" \/>\n<link rel=\"canonical\" href=\"https:\/\/faismoifondrebyc.com\/index.php\/product\/fruit-de-la-passion\/\" \/>\n<meta property=\"og:locale\" content=\"fr_FR\" \/>\n<meta property=\"og:type\" content=\"article\" \/>\n<meta property=\"og:title\" content=\"Fruit de la Passion - Fais moi fondre\" \/>\n<meta property=\"og:description\" content=\"D\u00e9couvrez\u00a0 Fruit de la Passion, une v\u00e9ritable \u00e9vasion tropicale, une exp\u00e9rience olfactive inoubliable qui saura sublimer votre quotidien.\" \/>\n<meta property=\"og:url\" content=\"https:\/\/faismoifondrebyc.com\/index.php\/product\/fruit-de-la-passion\/\" \/>\n<meta property=\"og:site_name\" content=\"Fais moi fondre\" \/>\n<meta property=\"article:publisher\" content=\"https:\/\/www.facebook.com\/faismoifondrebyC\" \/>\n<meta property=\"article:modified_time\" content=\"2025-01-25T16:06:43+00:00\" \/>\n<meta property=\"og:image\" content=\"https:\/\/faismoifondrebyc.com\/wp-content\/uploads\/2025\/01\/Capture-decran-2025-01-25-a-15.02.59-1024x1018.png\" \/>\n\t<meta property=\"og:image:width\" content=\"1024\" \/>\n\t<meta property=\"og:image:height\" content=\"1018\" \/>\n\t<meta property=\"og:image:type\" content=\"image\/png\" \/>\n<meta name=\"twitter:card\" content=\"summary_large_image\" \/>\n<meta name=\"twitter:label1\" content=\"Dur\u00e9e de lecture estim\u00e9e\" \/>\n\t<meta name=\"twitter:data1\" content=\"3 minutes\" \/>\n<script type=\"application\/ld+json\" class=\"yoast-schema-graph\">{\"@context\":\"https:\\\/\\\/schema.org\",\"@graph\":[{\"@type\":\"WebPage\",\"@id\":\"https:\\\/\\\/faismoifondrebyc.com\\\/index.php\\\/product\\\/fruit-de-la-passion\\\/\",\"url\":\"https:\\\/\\\/faismoifondrebyc.com\\\/index.php\\\/product\\\/fruit-de-la-passion\\\/\",\"name\":\"Fruit de la Passion - Fais moi fondre\",\"isPartOf\":{\"@id\":\"https:\\\/\\\/faismoifondrebyc.com\\\/#website\"},\"primaryImageOfPage\":{\"@id\":\"https:\\\/\\\/faismoifondrebyc.com\\\/index.php\\\/product\\\/fruit-de-la-passion\\\/#primaryimage\"},\"image\":{\"@id\":\"https:\\\/\\\/faismoifondrebyc.com\\\/index.php\\\/product\\\/fruit-de-la-passion\\\/#primaryimage\"},\"thumbnailUrl\":\"https:\\\/\\\/faismoifondrebyc.com\\\/wp-content\\\/uploads\\\/2025\\\/01\\\/Capture-decran-2025-01-25-a-15.02.59.png\",\"datePublished\":\"2025-01-25T16:04:04+00:00\",\"dateModified\":\"2025-01-25T16:06:43+00:00\",\"description\":\"D\u00e9couvrez\u00a0 Fruit de la Passion, une v\u00e9ritable \u00e9vasion tropicale, une exp\u00e9rience olfactive inoubliable qui saura sublimer votre quotidien.\",\"breadcrumb\":{\"@id\":\"https:\\\/\\\/faismoifondrebyc.com\\\/index.php\\\/product\\\/fruit-de-la-passion\\\/#breadcrumb\"},\"inLanguage\":\"fr-FR\",\"potentialAction\":[{\"@type\":\"ReadAction\",\"target\":[\"https:\\\/\\\/faismoifondrebyc.com\\\/index.php\\\/product\\\/fruit-de-la-passion\\\/\"]}]},{\"@type\":\"ImageObject\",\"inLanguage\":\"fr-FR\",\"@id\":\"https:\\\/\\\/faismoifondrebyc.com\\\/index.php\\\/product\\\/fruit-de-la-passion\\\/#primaryimage\",\"url\":\"https:\\\/\\\/faismoifondrebyc.com\\\/wp-content\\\/uploads\\\/2025\\\/01\\\/Capture-decran-2025-01-25-a-15.02.59.png\",\"contentUrl\":\"https:\\\/\\\/faismoifondrebyc.com\\\/wp-content\\\/uploads\\\/2025\\\/01\\\/Capture-decran-2025-01-25-a-15.02.59.png\",\"width\":1448,\"height\":1440},{\"@type\":\"BreadcrumbList\",\"@id\":\"https:\\\/\\\/faismoifondrebyc.com\\\/index.php\\\/product\\\/fruit-de-la-passion\\\/#breadcrumb\",\"itemListElement\":[{\"@type\":\"ListItem\",\"position\":1,\"name\":\"Accueil\",\"item\":\"https:\\\/\\\/faismoifondrebyc.com\\\/\"},{\"@type\":\"ListItem\",\"position\":2,\"name\":\"Boutique\",\"item\":\"https:\\\/\\\/faismoifondrebyc.com\\\/index.php\\\/boutique\\\/\"},{\"@type\":\"ListItem\",\"position\":3,\"name\":\"Fruit de la Passion\"}]},{\"@type\":\"WebSite\",\"@id\":\"https:\\\/\\\/faismoifondrebyc.com\\\/#website\",\"url\":\"https:\\\/\\\/faismoifondrebyc.com\\\/\",\"name\":\"Fais moi fondre by C\",\"description\":\"cr\u00e9atrice de senteurs\",\"publisher\":{\"@id\":\"https:\\\/\\\/faismoifondrebyc.com\\\/#organization\"},\"potentialAction\":[{\"@type\":\"SearchAction\",\"target\":{\"@type\":\"EntryPoint\",\"urlTemplate\":\"https:\\\/\\\/faismoifondrebyc.com\\\/?s={search_term_string}\"},\"query-input\":{\"@type\":\"PropertyValueSpecification\",\"valueRequired\":true,\"valueName\":\"search_term_string\"}}],\"inLanguage\":\"fr-FR\"},{\"@type\":\"Organization\",\"@id\":\"https:\\\/\\\/faismoifondrebyc.com\\\/#organization\",\"name\":\"Fais moi fondre by C\",\"url\":\"https:\\\/\\\/faismoifondrebyc.com\\\/\",\"logo\":{\"@type\":\"ImageObject\",\"inLanguage\":\"fr-FR\",\"@id\":\"https:\\\/\\\/faismoifondrebyc.com\\\/#\\\/schema\\\/logo\\\/image\\\/\",\"url\":\"https:\\\/\\\/faismoifondrebyc.com\\\/wp-content\\\/uploads\\\/2023\\\/03\\\/cropped-Sans-titre-1.png\",\"contentUrl\":\"https:\\\/\\\/faismoifondrebyc.com\\\/wp-content\\\/uploads\\\/2023\\\/03\\\/cropped-Sans-titre-1.png\",\"width\":1080,\"height\":1080,\"caption\":\"Fais moi fondre by C\"},\"image\":{\"@id\":\"https:\\\/\\\/faismoifondrebyc.com\\\/#\\\/schema\\\/logo\\\/image\\\/\"},\"sameAs\":[\"https:\\\/\\\/www.facebook.com\\\/faismoifondrebyC\",\"https:\\\/\\\/www.instagram.com\\\/faismoifondrebyc\\\/\"]}]}<\/script>\n<!-- \/ Yoast SEO plugin. -->","yoast_head_json":{"title":"Fruit de la Passion - Fais moi fondre","description":"D\u00e9couvrez\u00a0 Fruit de la Passion, une v\u00e9ritable \u00e9vasion tropicale, une exp\u00e9rience olfactive inoubliable qui saura sublimer votre quotidien.","robots":{"index":"index","follow":"follow","max-snippet":"max-snippet:-1","max-image-preview":"max-image-preview:large","max-video-preview":"max-video-preview:-1"},"canonical":"https:\/\/faismoifondrebyc.com\/index.php\/product\/fruit-de-la-passion\/","og_locale":"fr_FR","og_type":"article","og_title":"Fruit de la Passion - Fais moi fondre","og_description":"D\u00e9couvrez\u00a0 Fruit de la Passion, une v\u00e9ritable \u00e9vasion tropicale, une exp\u00e9rience olfactive inoubliable qui saura sublimer votre quotidien.","og_url":"https:\/\/faismoifondrebyc.com\/index.php\/product\/fruit-de-la-passion\/","og_site_name":"Fais moi fondre","article_publisher":"https:\/\/www.facebook.com\/faismoifondrebyC","article_modified_time":"2025-01-25T16:06:43+00:00","og_image":[{"width":1024,"height":1018,"url":"https:\/\/faismoifondrebyc.com\/wp-content\/uploads\/2025\/01\/Capture-decran-2025-01-25-a-15.02.59-1024x1018.png","type":"image\/png"}],"twitter_card":"summary_large_image","twitter_misc":{"Dur\u00e9e de lecture estim\u00e9e":"3 minutes"},"schema":{"@context":"https:\/\/schema.org","@graph":[{"@type":"WebPage","@id":"https:\/\/faismoifondrebyc.com\/index.php\/product\/fruit-de-la-passion\/","url":"https:\/\/faismoifondrebyc.com\/index.php\/product\/fruit-de-la-passion\/","name":"Fruit de la Passion - Fais moi fondre","isPartOf":{"@id":"https:\/\/faismoifondrebyc.com\/#website"},"primaryImageOfPage":{"@id":"https:\/\/faismoifondrebyc.com\/index.php\/product\/fruit-de-la-passion\/#primaryimage"},"image":{"@id":"https:\/\/faismoifondrebyc.com\/index.php\/product\/fruit-de-la-passion\/#primaryimage"},"thumbnailUrl":"https:\/\/faismoifondrebyc.com\/wp-content\/uploads\/2025\/01\/Capture-decran-2025-01-25-a-15.02.59.png","datePublished":"2025-01-25T16:04:04+00:00","dateModified":"2025-01-25T16:06:43+00:00","description":"D\u00e9couvrez\u00a0 Fruit de la Passion, une v\u00e9ritable \u00e9vasion tropicale, une exp\u00e9rience olfactive inoubliable qui saura sublimer votre quotidien.","breadcrumb":{"@id":"https:\/\/faismoifondrebyc.com\/index.php\/product\/fruit-de-la-passion\/#breadcrumb"},"inLanguage":"fr-FR","potentialAction":[{"@type":"ReadAction","target":["https:\/\/faismoifondrebyc.com\/index.php\/product\/fruit-de-la-passion\/"]}]},{"@type":"ImageObject","inLanguage":"fr-FR","@id":"https:\/\/faismoifondrebyc.com\/index.php\/product\/fruit-de-la-passion\/#primaryimage","url":"https:\/\/faismoifondrebyc.com\/wp-content\/uploads\/2025\/01\/Capture-decran-2025-01-25-a-15.02.59.png","contentUrl":"https:\/\/faismoifondrebyc.com\/wp-content\/uploads\/2025\/01\/Capture-decran-2025-01-25-a-15.02.59.png","width":1448,"height":1440},{"@type":"BreadcrumbList","@id":"https:\/\/faismoifondrebyc.com\/index.php\/product\/fruit-de-la-passion\/#breadcrumb","itemListElement":[{"@type":"ListItem","position":1,"name":"Accueil","item":"https:\/\/faismoifondrebyc.com\/"},{"@type":"ListItem","position":2,"name":"Boutique","item":"https:\/\/faismoifondrebyc.com\/index.php\/boutique\/"},{"@type":"ListItem","position":3,"name":"Fruit de la Passion"}]},{"@type":"WebSite","@id":"https:\/\/faismoifondrebyc.com\/#website","url":"https:\/\/faismoifondrebyc.com\/","name":"Fais moi fondre by C","description":"cr\u00e9atrice de senteurs","publisher":{"@id":"https:\/\/faismoifondrebyc.com\/#organization"},"potentialAction":[{"@type":"SearchAction","target":{"@type":"EntryPoint","urlTemplate":"https:\/\/faismoifondrebyc.com\/?s={search_term_string}"},"query-input":{"@type":"PropertyValueSpecification","valueRequired":true,"valueName":"search_term_string"}}],"inLanguage":"fr-FR"},{"@type":"Organization","@id":"https:\/\/faismoifondrebyc.com\/#organization","name":"Fais moi fondre by C","url":"https:\/\/faismoifondrebyc.com\/","logo":{"@type":"ImageObject","inLanguage":"fr-FR","@id":"https:\/\/faismoifondrebyc.com\/#\/schema\/logo\/image\/","url":"https:\/\/faismoifondrebyc.com\/wp-content\/uploads\/2023\/03\/cropped-Sans-titre-1.png","contentUrl":"https:\/\/faismoifondrebyc.com\/wp-content\/uploads\/2023\/03\/cropped-Sans-titre-1.png","width":1080,"height":1080,"caption":"Fais moi fondre by C"},"image":{"@id":"https:\/\/faismoifondrebyc.com\/#\/schema\/logo\/image\/"},"sameAs":["https:\/\/www.facebook.com\/faismoifondrebyC","https:\/\/www.instagram.com\/faismoifondrebyc\/"]}]}},"_links":{"self":[{"href":"https:\/\/faismoifondrebyc.com\/index.php\/wp-json\/wp\/v2\/product\/6030","targetHints":{"allow":["GET"]}}],"collection":[{"href":"https:\/\/faismoifondrebyc.com\/index.php\/wp-json\/wp\/v2\/product"}],"about":[{"href":"https:\/\/faismoifondrebyc.com\/index.php\/wp-json\/wp\/v2\/types\/product"}],"version-history":[{"count":1,"href":"https:\/\/faismoifondrebyc.com\/index.php\/wp-json\/wp\/v2\/product\/6030\/revisions"}],"predecessor-version":[{"id":6035,"href":"https:\/\/faismoifondrebyc.com\/index.php\/wp-json\/wp\/v2\/product\/6030\/revisions\/6035"}],"wp:featuredmedia":[{"embeddable":true,"href":"https:\/\/faismoifondrebyc.com\/index.php\/wp-json\/wp\/v2\/media\/6003"}],"wp:attachment":[{"href":"https:\/\/faismoifondrebyc.com\/index.php\/wp-json\/wp\/v2\/media?parent=6030"}],"wp:term":[{"taxonomy":"product_brand","embeddable":true,"href":"https:\/\/faismoifondrebyc.com\/index.php\/wp-json\/wp\/v2\/product_brand?post=6030"},{"taxonomy":"product_cat","embeddable":true,"href":"https:\/\/faismoifondrebyc.com\/index.php\/wp-json\/wp\/v2\/product_cat?post=6030"},{"taxonomy":"product_tag","embeddable":true,"href":"https:\/\/faismoifondrebyc.com\/index.php\/wp-json\/wp\/v2\/product_tag?post=6030"}],"curies":[{"name":"wp","href":"https:\/\/api.w.org\/{rel}","templated":true}]}}