{"id":4564,"date":"2024-01-03T15:00:53","date_gmt":"2024-01-03T14:00:53","guid":{"rendered":"https:\/\/faismoifondrebyc.com\/?post_type=product&#038;p=4564"},"modified":"2026-03-16T15:04:29","modified_gmt":"2026-03-16T14:04:29","slug":"poudre-de-riz","status":"publish","type":"product","link":"https:\/\/faismoifondrebyc.com\/index.php\/product\/poudre-de-riz\/","title":{"rendered":"Poudre de riz"},"content":{"rendered":"<p>Fondant parfum\u00e9 Poudre de riz \u00e0 utiliser dans <a href=\"https:\/\/faismoifondrebyc.com\/index.php\/product-category\/brules-parfum\/\">un br\u00fbleur<\/a> avec une<a href=\"https:\/\/faismoifondrebyc.com\/index.php\/product\/bougie-chauffe-plat\/\"> bougie chauffe-plat<\/a>.<\/p>\n<p>\u00c9voquant l&rsquo;\u00e9l\u00e9gance intemporelle de poudre de riz d&rsquo;antan, cette fragrance s\u00e9duit par sa douceur enveloppante. Les notes florales d&rsquo;h\u00e9liotrope et d&rsquo;aub\u00e9pine se marient harmonieusement, introduisant une fragrance \u00e0 la fois douce et romantique. Au c\u0153ur, un bouquet floral d\u00e9licat se m\u00eale \u00e0 des notes de musc, cr\u00e9ant une ambiance raffin\u00e9e et apaisante. En fin de parcours, la vanille s&rsquo;unie \u00e0 la f\u00e8ve tonka, laissant une empreinte douce et velout\u00e9e sur la peau<\/p>\n<h6>Maxi : Pour les grandes pi\u00e8ces \u00e0 vivre ou les pi\u00e8ces ouvertes, vous pouvez couper le fondant en 2 pour diminuer l&rsquo;intensit\u00e9, dur\u00e9e de diffusion +\/- 20h<\/h6>\n<h6>XL : Quand on aime une senteur. La tablette est s\u00e9cable tr\u00e8s facilement en 5. Ajustez le grammage en fonction de l\u2019intensit\u00e9 souhait\u00e9e. B\u00e9n\u00e9ficiez de +\/- 45 heures de diffusion.<\/h6>\n<h6>XXL : Le format le plus \u00e9conomique pour votre senteur pr\u00e9f\u00e9r\u00e9e.\u00a0La tablette est s\u00e9cable en 6. Ajustez le grammage en fonction de l\u2019intensit\u00e9 souhait\u00e9e. B\u00e9n\u00e9ficiez de +\/- 85 heures de diffusion.<\/h6>\n<h6>A utiliser maximum 2-3 heures par diffusion.<\/h6>\n<p>&nbsp;<\/p>\n<p>Ingr\u00e9dients: cire de colza, mica, fragrance.<br \/>\nCire de colza: cire 100 % naturelle sans OGM ni pesticide et biod\u00e9gradable, de qualit\u00e9 premium et \u00e9co-responsable.<br \/>\nLa totalit\u00e9 des produits est coul\u00e9e \u00e0 la main dans notre atelier messin.<br \/>\nLes parfums dont s\u00e9duction sont sans CMR (Canc\u00e9rig\u00e8ne, Mutag\u00e8ne, Reprotoxique), sans phtalate et r\u00e9pondent aux normes IFRA (international fragrance association).<\/p>\n<p><strong>La couleur et forme des fondants peuvent varier suivant les lots de fabrication.<\/strong><\/p>\n<p>Pr\u00e9cautions et mode d\u2019utilisation:<\/p>\n<ul>\n<li>Les bougies allum\u00e9es doivent rester hors de port\u00e9e des enfants et des animaux.<\/li>\n<li>Ne pas laisser une bougie sans surveillance.<\/li>\n<li>\u00c9teignez vos bougies avant de sortir ou avant d\u2019aller dormir.<\/li>\n<li>\u00c9loignez vos bougies allum\u00e9es des objets inflammables.<\/li>\n<li>Placez vos bougies parfum\u00e9es allum\u00e9es sur une surface stable.<\/li>\n<li>Disposez vos bougies \u00e0 l\u2019abri des courants d\u2019air pour \u00e9viter tout risque d\u2019incendie.<\/li>\n<\/ul>\n<p>Conservez vos bougies \u00e0 l\u2019abri de la lumi\u00e8re, de la chaleur et de l\u2019humidit\u00e9.<br \/>\nVous retrouverez \u00e0 l\u2019arri\u00e8re de chaque fondant et coffret une CLP, \u00e9tiquetage pour vous garantir la transparence des senteurs utilis\u00e9es et \u00eatre aux normes obligatoires.<\/p>\n<div><\/div>\n","protected":false},"excerpt":{"rendered":"<div class=\"DraftEditor-root\">\n<div class=\"DraftEditor-editorContainer\">\n<div id=\"yoast-google-preview-description-metabox\" class=\"notranslate public-DraftEditor-content\" role=\"combobox\" contenteditable=\"true\" spellcheck=\"true\" aria-autocomplete=\"list\" aria-expanded=\"false\" aria-labelledby=\"replacement-variable-editor-field-14\">\n<div data-contents=\"true\">\n<div class=\"\" data-block=\"true\" data-editor=\"1mk5b\" data-offset-key=\"cschb-0-0\">\n<div class=\"public-DraftStyleDefault-block public-DraftStyleDefault-ltr\" data-offset-key=\"cschb-0-0\"><span data-offset-key=\"cschb-0-0\">\u00c9voquant l&rsquo;\u00e9l\u00e9gance intemporelle de poudre de riz d&rsquo;antan, cette fragrance s\u00e9duit par sa douceur enveloppante de nos grands m\u00e8res<\/span><\/div>\n<\/div>\n<\/div>\n<\/div>\n<\/div>\n<\/div>\n","protected":false},"featured_media":4489,"template":"","meta":{"site-sidebar-layout":"default","site-content-layout":"default","ast-site-content-layout":"default","site-content-style":"default","site-sidebar-style":"default","ast-global-header-display":"","ast-banner-title-visibility":"","ast-main-header-display":"","ast-hfb-above-header-display":"","ast-hfb-below-header-display":"","ast-hfb-mobile-header-display":"","site-post-title":"","ast-breadcrumbs-content":"","ast-featured-img":"","footer-sml-layout":"","ast-disable-related-posts":"","theme-transparent-header-meta":"default","adv-header-id-meta":"","stick-header-meta":"","header-above-stick-meta":"","header-main-stick-meta":"","header-below-stick-meta":"","astra-migrate-meta-layouts":"set","ast-page-background-enabled":"default","ast-page-background-meta":{"desktop":{"background-color":"var(--ast-global-color-4)","background-image":"","background-repeat":"repeat","background-position":"center center","background-size":"auto","background-attachment":"scroll","background-type":"","background-media":"","overlay-type":"","overlay-color":"","overlay-opacity":"","overlay-gradient":""},"tablet":{"background-color":"","background-image":"","background-repeat":"repeat","background-position":"center center","background-size":"auto","background-attachment":"scroll","background-type":"","background-media":"","overlay-type":"","overlay-color":"","overlay-opacity":"","overlay-gradient":""},"mobile":{"background-color":"","background-image":"","background-repeat":"repeat","background-position":"center center","background-size":"auto","background-attachment":"scroll","background-type":"","background-media":"","overlay-type":"","overlay-color":"","overlay-opacity":"","overlay-gradient":""}},"ast-content-background-meta":{"desktop":{"background-color":"var(--ast-global-color-5)","background-image":"","background-repeat":"repeat","background-position":"center center","background-size":"auto","background-attachment":"scroll","background-type":"","background-media":"","overlay-type":"","overlay-color":"","overlay-opacity":"","overlay-gradient":""},"tablet":{"background-color":"var(--ast-global-color-5)","background-image":"","background-repeat":"repeat","background-position":"center center","background-size":"auto","background-attachment":"scroll","background-type":"","background-media":"","overlay-type":"","overlay-color":"","overlay-opacity":"","overlay-gradient":""},"mobile":{"background-color":"var(--ast-global-color-5)","background-image":"","background-repeat":"repeat","background-position":"center center","background-size":"auto","background-attachment":"scroll","background-type":"","background-media":"","overlay-type":"","overlay-color":"","overlay-opacity":"","overlay-gradient":""}}},"product_brand":[],"product_cat":[24,31],"product_tag":[],"class_list":{"0":"post-4564","1":"product","2":"type-product","3":"status-publish","4":"has-post-thumbnail","6":"product_cat-fondants-parfumes","7":"product_cat-fraicheur-cocooning","8":"desktop-align-left","9":"tablet-align-left","10":"mobile-align-left","11":"ast-product-gallery-layout-horizontal-slider","12":"ast-product-single-variable","13":"ast-product-tabs-layout-horizontal","15":"first","16":"instock","17":"shipping-taxable","18":"purchasable","19":"product-type-variable"},"yoast_head":"<!-- This site is optimized with the Yoast SEO plugin v27.4 - https:\/\/yoast.com\/product\/yoast-seo-wordpress\/ -->\n<title>Poudre de riz - Fais moi fondre<\/title>\n<meta name=\"description\" content=\"\u00c9voquant l&#039;\u00e9l\u00e9gance intemporelle de poudre de riz d&#039;antan, cette fragrance s\u00e9duit par sa douceur enveloppante de nos grands m\u00e8res\" \/>\n<meta name=\"robots\" content=\"index, follow, max-snippet:-1, max-image-preview:large, max-video-preview:-1\" \/>\n<link rel=\"canonical\" href=\"https:\/\/faismoifondrebyc.com\/index.php\/product\/poudre-de-riz\/\" \/>\n<meta property=\"og:locale\" content=\"fr_FR\" \/>\n<meta property=\"og:type\" content=\"article\" \/>\n<meta property=\"og:title\" content=\"Poudre de riz - Fais moi fondre\" \/>\n<meta property=\"og:description\" content=\"\u00c9voquant l&#039;\u00e9l\u00e9gance intemporelle de poudre de riz d&#039;antan, cette fragrance s\u00e9duit par sa douceur enveloppante de nos grands m\u00e8res\" \/>\n<meta property=\"og:url\" content=\"https:\/\/faismoifondrebyc.com\/index.php\/product\/poudre-de-riz\/\" \/>\n<meta property=\"og:site_name\" content=\"Fais moi fondre\" \/>\n<meta property=\"article:publisher\" content=\"https:\/\/www.facebook.com\/faismoifondrebyC\" \/>\n<meta property=\"article:modified_time\" content=\"2026-03-16T14:04:29+00:00\" \/>\n<meta property=\"og:image\" content=\"https:\/\/faismoifondrebyc.com\/wp-content\/uploads\/2024\/01\/collection-noel-23-20.jpg\" \/>\n\t<meta property=\"og:image:width\" content=\"2048\" \/>\n\t<meta property=\"og:image:height\" content=\"2048\" \/>\n\t<meta property=\"og:image:type\" content=\"image\/jpeg\" \/>\n<meta name=\"twitter:card\" content=\"summary_large_image\" \/>\n<meta name=\"twitter:label1\" content=\"Dur\u00e9e de lecture estim\u00e9e\" \/>\n\t<meta name=\"twitter:data1\" content=\"2 minutes\" \/>\n<script type=\"application\/ld+json\" class=\"yoast-schema-graph\">{\"@context\":\"https:\\\/\\\/schema.org\",\"@graph\":[{\"@type\":\"WebPage\",\"@id\":\"https:\\\/\\\/faismoifondrebyc.com\\\/index.php\\\/product\\\/poudre-de-riz\\\/\",\"url\":\"https:\\\/\\\/faismoifondrebyc.com\\\/index.php\\\/product\\\/poudre-de-riz\\\/\",\"name\":\"Poudre de riz - Fais moi fondre\",\"isPartOf\":{\"@id\":\"https:\\\/\\\/faismoifondrebyc.com\\\/#website\"},\"primaryImageOfPage\":{\"@id\":\"https:\\\/\\\/faismoifondrebyc.com\\\/index.php\\\/product\\\/poudre-de-riz\\\/#primaryimage\"},\"image\":{\"@id\":\"https:\\\/\\\/faismoifondrebyc.com\\\/index.php\\\/product\\\/poudre-de-riz\\\/#primaryimage\"},\"thumbnailUrl\":\"https:\\\/\\\/faismoifondrebyc.com\\\/wp-content\\\/uploads\\\/2024\\\/01\\\/collection-noel-23-20.jpg\",\"datePublished\":\"2024-01-03T14:00:53+00:00\",\"dateModified\":\"2026-03-16T14:04:29+00:00\",\"description\":\"\u00c9voquant l'\u00e9l\u00e9gance intemporelle de poudre de riz d'antan, cette fragrance s\u00e9duit par sa douceur enveloppante de nos grands m\u00e8res\",\"breadcrumb\":{\"@id\":\"https:\\\/\\\/faismoifondrebyc.com\\\/index.php\\\/product\\\/poudre-de-riz\\\/#breadcrumb\"},\"inLanguage\":\"fr-FR\",\"potentialAction\":[{\"@type\":\"ReadAction\",\"target\":[\"https:\\\/\\\/faismoifondrebyc.com\\\/index.php\\\/product\\\/poudre-de-riz\\\/\"]}]},{\"@type\":\"ImageObject\",\"inLanguage\":\"fr-FR\",\"@id\":\"https:\\\/\\\/faismoifondrebyc.com\\\/index.php\\\/product\\\/poudre-de-riz\\\/#primaryimage\",\"url\":\"https:\\\/\\\/faismoifondrebyc.com\\\/wp-content\\\/uploads\\\/2024\\\/01\\\/collection-noel-23-20.jpg\",\"contentUrl\":\"https:\\\/\\\/faismoifondrebyc.com\\\/wp-content\\\/uploads\\\/2024\\\/01\\\/collection-noel-23-20.jpg\",\"width\":2048,\"height\":2048},{\"@type\":\"BreadcrumbList\",\"@id\":\"https:\\\/\\\/faismoifondrebyc.com\\\/index.php\\\/product\\\/poudre-de-riz\\\/#breadcrumb\",\"itemListElement\":[{\"@type\":\"ListItem\",\"position\":1,\"name\":\"Accueil\",\"item\":\"https:\\\/\\\/faismoifondrebyc.com\\\/\"},{\"@type\":\"ListItem\",\"position\":2,\"name\":\"Boutique\",\"item\":\"https:\\\/\\\/faismoifondrebyc.com\\\/index.php\\\/boutique\\\/\"},{\"@type\":\"ListItem\",\"position\":3,\"name\":\"Poudre de riz\"}]},{\"@type\":\"WebSite\",\"@id\":\"https:\\\/\\\/faismoifondrebyc.com\\\/#website\",\"url\":\"https:\\\/\\\/faismoifondrebyc.com\\\/\",\"name\":\"Fais moi fondre by C\",\"description\":\"cr\u00e9atrice de senteurs\",\"publisher\":{\"@id\":\"https:\\\/\\\/faismoifondrebyc.com\\\/#organization\"},\"potentialAction\":[{\"@type\":\"SearchAction\",\"target\":{\"@type\":\"EntryPoint\",\"urlTemplate\":\"https:\\\/\\\/faismoifondrebyc.com\\\/?s={search_term_string}\"},\"query-input\":{\"@type\":\"PropertyValueSpecification\",\"valueRequired\":true,\"valueName\":\"search_term_string\"}}],\"inLanguage\":\"fr-FR\"},{\"@type\":\"Organization\",\"@id\":\"https:\\\/\\\/faismoifondrebyc.com\\\/#organization\",\"name\":\"Fais moi fondre by C\",\"url\":\"https:\\\/\\\/faismoifondrebyc.com\\\/\",\"logo\":{\"@type\":\"ImageObject\",\"inLanguage\":\"fr-FR\",\"@id\":\"https:\\\/\\\/faismoifondrebyc.com\\\/#\\\/schema\\\/logo\\\/image\\\/\",\"url\":\"https:\\\/\\\/faismoifondrebyc.com\\\/wp-content\\\/uploads\\\/2023\\\/03\\\/cropped-Sans-titre-1.png\",\"contentUrl\":\"https:\\\/\\\/faismoifondrebyc.com\\\/wp-content\\\/uploads\\\/2023\\\/03\\\/cropped-Sans-titre-1.png\",\"width\":1080,\"height\":1080,\"caption\":\"Fais moi fondre by C\"},\"image\":{\"@id\":\"https:\\\/\\\/faismoifondrebyc.com\\\/#\\\/schema\\\/logo\\\/image\\\/\"},\"sameAs\":[\"https:\\\/\\\/www.facebook.com\\\/faismoifondrebyC\",\"https:\\\/\\\/www.instagram.com\\\/faismoifondrebyc\\\/\"]}]}<\/script>\n<!-- \/ Yoast SEO plugin. -->","yoast_head_json":{"title":"Poudre de riz - Fais moi fondre","description":"\u00c9voquant l'\u00e9l\u00e9gance intemporelle de poudre de riz d'antan, cette fragrance s\u00e9duit par sa douceur enveloppante de nos grands m\u00e8res","robots":{"index":"index","follow":"follow","max-snippet":"max-snippet:-1","max-image-preview":"max-image-preview:large","max-video-preview":"max-video-preview:-1"},"canonical":"https:\/\/faismoifondrebyc.com\/index.php\/product\/poudre-de-riz\/","og_locale":"fr_FR","og_type":"article","og_title":"Poudre de riz - Fais moi fondre","og_description":"\u00c9voquant l'\u00e9l\u00e9gance intemporelle de poudre de riz d'antan, cette fragrance s\u00e9duit par sa douceur enveloppante de nos grands m\u00e8res","og_url":"https:\/\/faismoifondrebyc.com\/index.php\/product\/poudre-de-riz\/","og_site_name":"Fais moi fondre","article_publisher":"https:\/\/www.facebook.com\/faismoifondrebyC","article_modified_time":"2026-03-16T14:04:29+00:00","og_image":[{"width":2048,"height":2048,"url":"https:\/\/faismoifondrebyc.com\/wp-content\/uploads\/2024\/01\/collection-noel-23-20.jpg","type":"image\/jpeg"}],"twitter_card":"summary_large_image","twitter_misc":{"Dur\u00e9e de lecture estim\u00e9e":"2 minutes"},"schema":{"@context":"https:\/\/schema.org","@graph":[{"@type":"WebPage","@id":"https:\/\/faismoifondrebyc.com\/index.php\/product\/poudre-de-riz\/","url":"https:\/\/faismoifondrebyc.com\/index.php\/product\/poudre-de-riz\/","name":"Poudre de riz - Fais moi fondre","isPartOf":{"@id":"https:\/\/faismoifondrebyc.com\/#website"},"primaryImageOfPage":{"@id":"https:\/\/faismoifondrebyc.com\/index.php\/product\/poudre-de-riz\/#primaryimage"},"image":{"@id":"https:\/\/faismoifondrebyc.com\/index.php\/product\/poudre-de-riz\/#primaryimage"},"thumbnailUrl":"https:\/\/faismoifondrebyc.com\/wp-content\/uploads\/2024\/01\/collection-noel-23-20.jpg","datePublished":"2024-01-03T14:00:53+00:00","dateModified":"2026-03-16T14:04:29+00:00","description":"\u00c9voquant l'\u00e9l\u00e9gance intemporelle de poudre de riz d'antan, cette fragrance s\u00e9duit par sa douceur enveloppante de nos grands m\u00e8res","breadcrumb":{"@id":"https:\/\/faismoifondrebyc.com\/index.php\/product\/poudre-de-riz\/#breadcrumb"},"inLanguage":"fr-FR","potentialAction":[{"@type":"ReadAction","target":["https:\/\/faismoifondrebyc.com\/index.php\/product\/poudre-de-riz\/"]}]},{"@type":"ImageObject","inLanguage":"fr-FR","@id":"https:\/\/faismoifondrebyc.com\/index.php\/product\/poudre-de-riz\/#primaryimage","url":"https:\/\/faismoifondrebyc.com\/wp-content\/uploads\/2024\/01\/collection-noel-23-20.jpg","contentUrl":"https:\/\/faismoifondrebyc.com\/wp-content\/uploads\/2024\/01\/collection-noel-23-20.jpg","width":2048,"height":2048},{"@type":"BreadcrumbList","@id":"https:\/\/faismoifondrebyc.com\/index.php\/product\/poudre-de-riz\/#breadcrumb","itemListElement":[{"@type":"ListItem","position":1,"name":"Accueil","item":"https:\/\/faismoifondrebyc.com\/"},{"@type":"ListItem","position":2,"name":"Boutique","item":"https:\/\/faismoifondrebyc.com\/index.php\/boutique\/"},{"@type":"ListItem","position":3,"name":"Poudre de riz"}]},{"@type":"WebSite","@id":"https:\/\/faismoifondrebyc.com\/#website","url":"https:\/\/faismoifondrebyc.com\/","name":"Fais moi fondre by C","description":"cr\u00e9atrice de senteurs","publisher":{"@id":"https:\/\/faismoifondrebyc.com\/#organization"},"potentialAction":[{"@type":"SearchAction","target":{"@type":"EntryPoint","urlTemplate":"https:\/\/faismoifondrebyc.com\/?s={search_term_string}"},"query-input":{"@type":"PropertyValueSpecification","valueRequired":true,"valueName":"search_term_string"}}],"inLanguage":"fr-FR"},{"@type":"Organization","@id":"https:\/\/faismoifondrebyc.com\/#organization","name":"Fais moi fondre by C","url":"https:\/\/faismoifondrebyc.com\/","logo":{"@type":"ImageObject","inLanguage":"fr-FR","@id":"https:\/\/faismoifondrebyc.com\/#\/schema\/logo\/image\/","url":"https:\/\/faismoifondrebyc.com\/wp-content\/uploads\/2023\/03\/cropped-Sans-titre-1.png","contentUrl":"https:\/\/faismoifondrebyc.com\/wp-content\/uploads\/2023\/03\/cropped-Sans-titre-1.png","width":1080,"height":1080,"caption":"Fais moi fondre by C"},"image":{"@id":"https:\/\/faismoifondrebyc.com\/#\/schema\/logo\/image\/"},"sameAs":["https:\/\/www.facebook.com\/faismoifondrebyC","https:\/\/www.instagram.com\/faismoifondrebyc\/"]}]}},"_links":{"self":[{"href":"https:\/\/faismoifondrebyc.com\/index.php\/wp-json\/wp\/v2\/product\/4564","targetHints":{"allow":["GET"]}}],"collection":[{"href":"https:\/\/faismoifondrebyc.com\/index.php\/wp-json\/wp\/v2\/product"}],"about":[{"href":"https:\/\/faismoifondrebyc.com\/index.php\/wp-json\/wp\/v2\/types\/product"}],"version-history":[{"count":1,"href":"https:\/\/faismoifondrebyc.com\/index.php\/wp-json\/wp\/v2\/product\/4564\/revisions"}],"predecessor-version":[{"id":5979,"href":"https:\/\/faismoifondrebyc.com\/index.php\/wp-json\/wp\/v2\/product\/4564\/revisions\/5979"}],"wp:featuredmedia":[{"embeddable":true,"href":"https:\/\/faismoifondrebyc.com\/index.php\/wp-json\/wp\/v2\/media\/4489"}],"wp:attachment":[{"href":"https:\/\/faismoifondrebyc.com\/index.php\/wp-json\/wp\/v2\/media?parent=4564"}],"wp:term":[{"taxonomy":"product_brand","embeddable":true,"href":"https:\/\/faismoifondrebyc.com\/index.php\/wp-json\/wp\/v2\/product_brand?post=4564"},{"taxonomy":"product_cat","embeddable":true,"href":"https:\/\/faismoifondrebyc.com\/index.php\/wp-json\/wp\/v2\/product_cat?post=4564"},{"taxonomy":"product_tag","embeddable":true,"href":"https:\/\/faismoifondrebyc.com\/index.php\/wp-json\/wp\/v2\/product_tag?post=4564"}],"curies":[{"name":"wp","href":"https:\/\/api.w.org\/{rel}","templated":true}]}}