{"id":3456,"date":"2023-05-15T17:36:01","date_gmt":"2023-05-15T15:36:01","guid":{"rendered":"https:\/\/faismoifondrebyc.com\/?post_type=product&#038;p=3456"},"modified":"2025-10-19T11:09:25","modified_gmt":"2025-10-19T09:09:25","slug":"recharge-diffuseur-batonnet","status":"publish","type":"product","link":"https:\/\/faismoifondrebyc.com\/index.php\/product\/recharge-diffuseur-batonnet\/","title":{"rendered":"Recharge diffuseur b\u00e2tonnet"},"content":{"rendered":"<p>Rechargez votre diffuseur b\u00e2tonnet !<\/p>\n<p>Le diffuseur b\u00e2tonnet est id\u00e9al pour vos petites pi\u00e8ces, il diffuse en continue le parfum de votre choix. Avec une base v\u00e9g\u00e9tal vous pouvez profiter de son parfum d\u00e9licat sans aucun risque pour le reste de la famille.<\/p>\n<p>La recharge pour diffuser b\u00e2tonnet \u00e0 une contenance de 100ml et une dur\u00e9e d&rsquo;utilisation de plus de 4 semaines.<\/p>\n<h6>Merci de mettre en commentaire de votre commande la senteur choisie parmi les 30 senteurs permanentes.<\/h6>\n<p>Pour continuer l\u2019exp\u00e9rience de votre senteur pr\u00e9f\u00e9r\u00e9e chez vous, \u00e9quipez vous <a href=\"https:\/\/faismoifondrebyc.com\/index.php\/product-category\/brules-parfum\/\">d\u2019un br\u00fbleur,<\/a> de <a href=\"https:\/\/faismoifondrebyc.com\/index.php\/product\/bougie-chauffe-plat\/\">bougies chauffe-plat<\/a> et de <a href=\"https:\/\/faismoifondrebyc.com\/index.php\/product-category\/fondants-parfumes\/\">fondants parfum\u00e9s<\/a>.<\/p>\n<h6><\/h6>\n<h6>Mati\u00e8res Premi\u00e8res<\/h6>\n<ul>\n<li>Base: \u00a0solvant \u00e0 base de glyc\u00e9rine s&rsquo;appuyant principalement sur la culture du soja dont cette derni\u00e8re est un produit d\u00e9riv\u00e9. Il est \u00e9co-responsable gr\u00e2ce \u00e0 sa faible empreinte carbone et sa non-toxicit\u00e9.<\/li>\n<li>Parfums de grasse sans CMR ni phtalates.<\/li>\n<li>Contenant en plastique recycl\u00e9<\/li>\n<\/ul>\n<p>Pr\u00e9voir 24 heures pour que le liquide absorbe compl\u00e8tement les b\u00e2tonnets et parfume la pi\u00e8ce.<\/p>\n<p><strong>Pr\u00e9cautions d&rsquo;utilisations:<\/strong><\/p>\n<ul>\n<li>\u00a0Conserver hors de port\u00e9e des enfants.<\/li>\n<li><span style=\"font-size: 16px;\">\u00c9viter le rejet dans l\u2019environnement<\/span><\/li>\n<li><span style=\"font-size: 16px;\">\u00c9viter le contact avec la peau et les yeux.<\/span><\/li>\n<li><span style=\"font-size: 16px;\">Attention en cas de renversement accidentel risque d\u2019endommager vos meubles.<\/span><\/li>\n<li><span style=\"font-size: 16px;\">\u00a0Tenir \u00e0 l&rsquo;\u00e9cart de toute source de chaleur ou d&rsquo;une flamme.<\/span><\/li>\n<\/ul>\n<p>&nbsp;<\/p>\n","protected":false},"excerpt":{"rendered":"<p>Rechargez votre diffuseur parfum\u00e9 avec ces 100 ml<\/p>\n","protected":false},"featured_media":3455,"template":"","meta":{"site-sidebar-layout":"default","site-content-layout":"default","ast-site-content-layout":"default","site-content-style":"default","site-sidebar-style":"default","ast-global-header-display":"","ast-banner-title-visibility":"","ast-main-header-display":"","ast-hfb-above-header-display":"","ast-hfb-below-header-display":"","ast-hfb-mobile-header-display":"","site-post-title":"","ast-breadcrumbs-content":"","ast-featured-img":"","footer-sml-layout":"","ast-disable-related-posts":"","theme-transparent-header-meta":"default","adv-header-id-meta":"","stick-header-meta":"","header-above-stick-meta":"","header-main-stick-meta":"","header-below-stick-meta":"","astra-migrate-meta-layouts":"set","ast-page-background-enabled":"default","ast-page-background-meta":{"desktop":{"background-color":"var(--ast-global-color-4)","background-image":"","background-repeat":"repeat","background-position":"center center","background-size":"auto","background-attachment":"scroll","background-type":"","background-media":"","overlay-type":"","overlay-color":"","overlay-opacity":"","overlay-gradient":""},"tablet":{"background-color":"","background-image":"","background-repeat":"repeat","background-position":"center center","background-size":"auto","background-attachment":"scroll","background-type":"","background-media":"","overlay-type":"","overlay-color":"","overlay-opacity":"","overlay-gradient":""},"mobile":{"background-color":"","background-image":"","background-repeat":"repeat","background-position":"center center","background-size":"auto","background-attachment":"scroll","background-type":"","background-media":"","overlay-type":"","overlay-color":"","overlay-opacity":"","overlay-gradient":""}},"ast-content-background-meta":{"desktop":{"background-color":"var(--ast-global-color-5)","background-image":"","background-repeat":"repeat","background-position":"center center","background-size":"auto","background-attachment":"scroll","background-type":"","background-media":"","overlay-type":"","overlay-color":"","overlay-opacity":"","overlay-gradient":""},"tablet":{"background-color":"var(--ast-global-color-5)","background-image":"","background-repeat":"repeat","background-position":"center center","background-size":"auto","background-attachment":"scroll","background-type":"","background-media":"","overlay-type":"","overlay-color":"","overlay-opacity":"","overlay-gradient":""},"mobile":{"background-color":"var(--ast-global-color-5)","background-image":"","background-repeat":"repeat","background-position":"center center","background-size":"auto","background-attachment":"scroll","background-type":"","background-media":"","overlay-type":"","overlay-color":"","overlay-opacity":"","overlay-gradient":""}}},"product_brand":[],"product_cat":[26],"product_tag":[],"class_list":{"0":"post-3456","1":"product","2":"type-product","3":"status-publish","4":"has-post-thumbnail","6":"product_cat-diffuseur-parfume","7":"desktop-align-left","8":"tablet-align-left","9":"mobile-align-left","10":"ast-product-gallery-layout-horizontal-slider","11":"ast-product-tabs-layout-horizontal","13":"first","14":"instock","15":"shipping-taxable","16":"purchasable","17":"product-type-simple"},"yoast_head":"<!-- This site is optimized with the Yoast SEO plugin v27.4 - https:\/\/yoast.com\/product\/yoast-seo-wordpress\/ -->\n<title>Recharge diffuseur b\u00e2tonnet - Fais moi fondre<\/title>\n<meta name=\"description\" content=\"Recharge diffuseur b\u00e2tonnet id\u00e9al quand vous arrivez \u00e0 la fin de celui-ci. Parfumez une petite pi\u00e8ce avec un parfum doux.\" \/>\n<meta name=\"robots\" content=\"index, follow, max-snippet:-1, max-image-preview:large, max-video-preview:-1\" \/>\n<link rel=\"canonical\" href=\"https:\/\/faismoifondrebyc.com\/index.php\/product\/recharge-diffuseur-batonnet\/\" \/>\n<meta property=\"og:locale\" content=\"fr_FR\" \/>\n<meta property=\"og:type\" content=\"article\" \/>\n<meta property=\"og:title\" content=\"Recharge diffuseur b\u00e2tonnet - Fais moi fondre\" \/>\n<meta property=\"og:description\" content=\"Recharge diffuseur b\u00e2tonnet id\u00e9al quand vous arrivez \u00e0 la fin de celui-ci. Parfumez une petite pi\u00e8ce avec un parfum doux.\" \/>\n<meta property=\"og:url\" content=\"https:\/\/faismoifondrebyc.com\/index.php\/product\/recharge-diffuseur-batonnet\/\" \/>\n<meta property=\"og:site_name\" content=\"Fais moi fondre\" \/>\n<meta property=\"article:publisher\" content=\"https:\/\/www.facebook.com\/faismoifondrebyC\" \/>\n<meta property=\"article:modified_time\" content=\"2025-10-19T09:09:25+00:00\" \/>\n<meta property=\"og:image\" content=\"https:\/\/faismoifondrebyc.com\/wp-content\/uploads\/2023\/05\/IMG_9464-scaled-e1685091856659.jpg\" \/>\n\t<meta property=\"og:image:width\" content=\"1440\" \/>\n\t<meta property=\"og:image:height\" content=\"1920\" \/>\n\t<meta property=\"og:image:type\" content=\"image\/jpeg\" \/>\n<meta name=\"twitter:card\" content=\"summary_large_image\" \/>\n<meta name=\"twitter:label1\" content=\"Dur\u00e9e de lecture estim\u00e9e\" \/>\n\t<meta name=\"twitter:data1\" content=\"2 minutes\" \/>\n<script type=\"application\/ld+json\" class=\"yoast-schema-graph\">{\"@context\":\"https:\\\/\\\/schema.org\",\"@graph\":[{\"@type\":\"WebPage\",\"@id\":\"https:\\\/\\\/faismoifondrebyc.com\\\/index.php\\\/product\\\/recharge-diffuseur-batonnet\\\/\",\"url\":\"https:\\\/\\\/faismoifondrebyc.com\\\/index.php\\\/product\\\/recharge-diffuseur-batonnet\\\/\",\"name\":\"Recharge diffuseur b\u00e2tonnet - Fais moi fondre\",\"isPartOf\":{\"@id\":\"https:\\\/\\\/faismoifondrebyc.com\\\/#website\"},\"primaryImageOfPage\":{\"@id\":\"https:\\\/\\\/faismoifondrebyc.com\\\/index.php\\\/product\\\/recharge-diffuseur-batonnet\\\/#primaryimage\"},\"image\":{\"@id\":\"https:\\\/\\\/faismoifondrebyc.com\\\/index.php\\\/product\\\/recharge-diffuseur-batonnet\\\/#primaryimage\"},\"thumbnailUrl\":\"https:\\\/\\\/faismoifondrebyc.com\\\/wp-content\\\/uploads\\\/2023\\\/05\\\/IMG_9464-scaled-e1685091856659.jpg\",\"datePublished\":\"2023-05-15T15:36:01+00:00\",\"dateModified\":\"2025-10-19T09:09:25+00:00\",\"description\":\"Recharge diffuseur b\u00e2tonnet id\u00e9al quand vous arrivez \u00e0 la fin de celui-ci. Parfumez une petite pi\u00e8ce avec un parfum doux.\",\"breadcrumb\":{\"@id\":\"https:\\\/\\\/faismoifondrebyc.com\\\/index.php\\\/product\\\/recharge-diffuseur-batonnet\\\/#breadcrumb\"},\"inLanguage\":\"fr-FR\",\"potentialAction\":[{\"@type\":\"ReadAction\",\"target\":[\"https:\\\/\\\/faismoifondrebyc.com\\\/index.php\\\/product\\\/recharge-diffuseur-batonnet\\\/\"]}]},{\"@type\":\"ImageObject\",\"inLanguage\":\"fr-FR\",\"@id\":\"https:\\\/\\\/faismoifondrebyc.com\\\/index.php\\\/product\\\/recharge-diffuseur-batonnet\\\/#primaryimage\",\"url\":\"https:\\\/\\\/faismoifondrebyc.com\\\/wp-content\\\/uploads\\\/2023\\\/05\\\/IMG_9464-scaled-e1685091856659.jpg\",\"contentUrl\":\"https:\\\/\\\/faismoifondrebyc.com\\\/wp-content\\\/uploads\\\/2023\\\/05\\\/IMG_9464-scaled-e1685091856659.jpg\",\"width\":1440,\"height\":1920},{\"@type\":\"BreadcrumbList\",\"@id\":\"https:\\\/\\\/faismoifondrebyc.com\\\/index.php\\\/product\\\/recharge-diffuseur-batonnet\\\/#breadcrumb\",\"itemListElement\":[{\"@type\":\"ListItem\",\"position\":1,\"name\":\"Accueil\",\"item\":\"https:\\\/\\\/faismoifondrebyc.com\\\/\"},{\"@type\":\"ListItem\",\"position\":2,\"name\":\"Boutique\",\"item\":\"https:\\\/\\\/faismoifondrebyc.com\\\/index.php\\\/boutique\\\/\"},{\"@type\":\"ListItem\",\"position\":3,\"name\":\"Recharge diffuseur b\u00e2tonnet\"}]},{\"@type\":\"WebSite\",\"@id\":\"https:\\\/\\\/faismoifondrebyc.com\\\/#website\",\"url\":\"https:\\\/\\\/faismoifondrebyc.com\\\/\",\"name\":\"Fais moi fondre by C\",\"description\":\"cr\u00e9atrice de senteurs\",\"publisher\":{\"@id\":\"https:\\\/\\\/faismoifondrebyc.com\\\/#organization\"},\"potentialAction\":[{\"@type\":\"SearchAction\",\"target\":{\"@type\":\"EntryPoint\",\"urlTemplate\":\"https:\\\/\\\/faismoifondrebyc.com\\\/?s={search_term_string}\"},\"query-input\":{\"@type\":\"PropertyValueSpecification\",\"valueRequired\":true,\"valueName\":\"search_term_string\"}}],\"inLanguage\":\"fr-FR\"},{\"@type\":\"Organization\",\"@id\":\"https:\\\/\\\/faismoifondrebyc.com\\\/#organization\",\"name\":\"Fais moi fondre by C\",\"url\":\"https:\\\/\\\/faismoifondrebyc.com\\\/\",\"logo\":{\"@type\":\"ImageObject\",\"inLanguage\":\"fr-FR\",\"@id\":\"https:\\\/\\\/faismoifondrebyc.com\\\/#\\\/schema\\\/logo\\\/image\\\/\",\"url\":\"https:\\\/\\\/faismoifondrebyc.com\\\/wp-content\\\/uploads\\\/2023\\\/03\\\/cropped-Sans-titre-1.png\",\"contentUrl\":\"https:\\\/\\\/faismoifondrebyc.com\\\/wp-content\\\/uploads\\\/2023\\\/03\\\/cropped-Sans-titre-1.png\",\"width\":1080,\"height\":1080,\"caption\":\"Fais moi fondre by C\"},\"image\":{\"@id\":\"https:\\\/\\\/faismoifondrebyc.com\\\/#\\\/schema\\\/logo\\\/image\\\/\"},\"sameAs\":[\"https:\\\/\\\/www.facebook.com\\\/faismoifondrebyC\",\"https:\\\/\\\/www.instagram.com\\\/faismoifondrebyc\\\/\"]}]}<\/script>\n<!-- \/ Yoast SEO plugin. -->","yoast_head_json":{"title":"Recharge diffuseur b\u00e2tonnet - Fais moi fondre","description":"Recharge diffuseur b\u00e2tonnet id\u00e9al quand vous arrivez \u00e0 la fin de celui-ci. Parfumez une petite pi\u00e8ce avec un parfum doux.","robots":{"index":"index","follow":"follow","max-snippet":"max-snippet:-1","max-image-preview":"max-image-preview:large","max-video-preview":"max-video-preview:-1"},"canonical":"https:\/\/faismoifondrebyc.com\/index.php\/product\/recharge-diffuseur-batonnet\/","og_locale":"fr_FR","og_type":"article","og_title":"Recharge diffuseur b\u00e2tonnet - Fais moi fondre","og_description":"Recharge diffuseur b\u00e2tonnet id\u00e9al quand vous arrivez \u00e0 la fin de celui-ci. Parfumez une petite pi\u00e8ce avec un parfum doux.","og_url":"https:\/\/faismoifondrebyc.com\/index.php\/product\/recharge-diffuseur-batonnet\/","og_site_name":"Fais moi fondre","article_publisher":"https:\/\/www.facebook.com\/faismoifondrebyC","article_modified_time":"2025-10-19T09:09:25+00:00","og_image":[{"width":1440,"height":1920,"url":"https:\/\/faismoifondrebyc.com\/wp-content\/uploads\/2023\/05\/IMG_9464-scaled-e1685091856659.jpg","type":"image\/jpeg"}],"twitter_card":"summary_large_image","twitter_misc":{"Dur\u00e9e de lecture estim\u00e9e":"2 minutes"},"schema":{"@context":"https:\/\/schema.org","@graph":[{"@type":"WebPage","@id":"https:\/\/faismoifondrebyc.com\/index.php\/product\/recharge-diffuseur-batonnet\/","url":"https:\/\/faismoifondrebyc.com\/index.php\/product\/recharge-diffuseur-batonnet\/","name":"Recharge diffuseur b\u00e2tonnet - Fais moi fondre","isPartOf":{"@id":"https:\/\/faismoifondrebyc.com\/#website"},"primaryImageOfPage":{"@id":"https:\/\/faismoifondrebyc.com\/index.php\/product\/recharge-diffuseur-batonnet\/#primaryimage"},"image":{"@id":"https:\/\/faismoifondrebyc.com\/index.php\/product\/recharge-diffuseur-batonnet\/#primaryimage"},"thumbnailUrl":"https:\/\/faismoifondrebyc.com\/wp-content\/uploads\/2023\/05\/IMG_9464-scaled-e1685091856659.jpg","datePublished":"2023-05-15T15:36:01+00:00","dateModified":"2025-10-19T09:09:25+00:00","description":"Recharge diffuseur b\u00e2tonnet id\u00e9al quand vous arrivez \u00e0 la fin de celui-ci. Parfumez une petite pi\u00e8ce avec un parfum doux.","breadcrumb":{"@id":"https:\/\/faismoifondrebyc.com\/index.php\/product\/recharge-diffuseur-batonnet\/#breadcrumb"},"inLanguage":"fr-FR","potentialAction":[{"@type":"ReadAction","target":["https:\/\/faismoifondrebyc.com\/index.php\/product\/recharge-diffuseur-batonnet\/"]}]},{"@type":"ImageObject","inLanguage":"fr-FR","@id":"https:\/\/faismoifondrebyc.com\/index.php\/product\/recharge-diffuseur-batonnet\/#primaryimage","url":"https:\/\/faismoifondrebyc.com\/wp-content\/uploads\/2023\/05\/IMG_9464-scaled-e1685091856659.jpg","contentUrl":"https:\/\/faismoifondrebyc.com\/wp-content\/uploads\/2023\/05\/IMG_9464-scaled-e1685091856659.jpg","width":1440,"height":1920},{"@type":"BreadcrumbList","@id":"https:\/\/faismoifondrebyc.com\/index.php\/product\/recharge-diffuseur-batonnet\/#breadcrumb","itemListElement":[{"@type":"ListItem","position":1,"name":"Accueil","item":"https:\/\/faismoifondrebyc.com\/"},{"@type":"ListItem","position":2,"name":"Boutique","item":"https:\/\/faismoifondrebyc.com\/index.php\/boutique\/"},{"@type":"ListItem","position":3,"name":"Recharge diffuseur b\u00e2tonnet"}]},{"@type":"WebSite","@id":"https:\/\/faismoifondrebyc.com\/#website","url":"https:\/\/faismoifondrebyc.com\/","name":"Fais moi fondre by C","description":"cr\u00e9atrice de senteurs","publisher":{"@id":"https:\/\/faismoifondrebyc.com\/#organization"},"potentialAction":[{"@type":"SearchAction","target":{"@type":"EntryPoint","urlTemplate":"https:\/\/faismoifondrebyc.com\/?s={search_term_string}"},"query-input":{"@type":"PropertyValueSpecification","valueRequired":true,"valueName":"search_term_string"}}],"inLanguage":"fr-FR"},{"@type":"Organization","@id":"https:\/\/faismoifondrebyc.com\/#organization","name":"Fais moi fondre by C","url":"https:\/\/faismoifondrebyc.com\/","logo":{"@type":"ImageObject","inLanguage":"fr-FR","@id":"https:\/\/faismoifondrebyc.com\/#\/schema\/logo\/image\/","url":"https:\/\/faismoifondrebyc.com\/wp-content\/uploads\/2023\/03\/cropped-Sans-titre-1.png","contentUrl":"https:\/\/faismoifondrebyc.com\/wp-content\/uploads\/2023\/03\/cropped-Sans-titre-1.png","width":1080,"height":1080,"caption":"Fais moi fondre by C"},"image":{"@id":"https:\/\/faismoifondrebyc.com\/#\/schema\/logo\/image\/"},"sameAs":["https:\/\/www.facebook.com\/faismoifondrebyC","https:\/\/www.instagram.com\/faismoifondrebyc\/"]}]}},"_links":{"self":[{"href":"https:\/\/faismoifondrebyc.com\/index.php\/wp-json\/wp\/v2\/product\/3456","targetHints":{"allow":["GET"]}}],"collection":[{"href":"https:\/\/faismoifondrebyc.com\/index.php\/wp-json\/wp\/v2\/product"}],"about":[{"href":"https:\/\/faismoifondrebyc.com\/index.php\/wp-json\/wp\/v2\/types\/product"}],"version-history":[{"count":1,"href":"https:\/\/faismoifondrebyc.com\/index.php\/wp-json\/wp\/v2\/product\/3456\/revisions"}],"predecessor-version":[{"id":5973,"href":"https:\/\/faismoifondrebyc.com\/index.php\/wp-json\/wp\/v2\/product\/3456\/revisions\/5973"}],"wp:featuredmedia":[{"embeddable":true,"href":"https:\/\/faismoifondrebyc.com\/index.php\/wp-json\/wp\/v2\/media\/3455"}],"wp:attachment":[{"href":"https:\/\/faismoifondrebyc.com\/index.php\/wp-json\/wp\/v2\/media?parent=3456"}],"wp:term":[{"taxonomy":"product_brand","embeddable":true,"href":"https:\/\/faismoifondrebyc.com\/index.php\/wp-json\/wp\/v2\/product_brand?post=3456"},{"taxonomy":"product_cat","embeddable":true,"href":"https:\/\/faismoifondrebyc.com\/index.php\/wp-json\/wp\/v2\/product_cat?post=3456"},{"taxonomy":"product_tag","embeddable":true,"href":"https:\/\/faismoifondrebyc.com\/index.php\/wp-json\/wp\/v2\/product_tag?post=3456"}],"curies":[{"name":"wp","href":"https:\/\/api.w.org\/{rel}","templated":true}]}}