{"id":3266,"date":"2023-04-24T18:41:06","date_gmt":"2023-04-24T16:41:06","guid":{"rendered":"https:\/\/faismoifondrebyc.com\/?post_type=product&#038;p=3266"},"modified":"2026-02-08T23:08:01","modified_gmt":"2026-02-08T22:08:01","slug":"poudre-parfumee","status":"publish","type":"product","link":"https:\/\/faismoifondrebyc.com\/index.php\/product\/poudre-parfumee\/","title":{"rendered":"Poudre parfum\u00e9e"},"content":{"rendered":"<p>Une odeur d\u00e9sagr\u00e9able dans la poubelle? Un placard qui sent le renferm\u00e9? Un accident sur le tapis ou matelas? Ou tout simplement pour assainir et parfumer voter int\u00e9rieur au moment de la corv\u00e9e d&rsquo;aspirateur.\u00a0<span style=\"font-size: 16px;\">Essayer la poudre parfum\u00e9e c&rsquo;est l&rsquo;adopter. Vous ne pourrez plus vous en passer.<\/span><\/p>\n<p>Trois formats pour convenir \u00e0 chacun. Pour tester 50g dans un pot en plastique recycl\u00e9 et recyclable. 100 et 250g dans un pot en verre rechargeable avec sa petite cuill\u00e8re en bois pour doser. La recharge de 200g pour remplir vos contenants.<\/p>\n<h6>Choix des senteurs parmi les trente permanentes, merci de mettre en commentaire de votre commande.<\/h6>\n<p>En compl\u00e9ment de\u00a0<a href=\"https:\/\/faismoifondrebyc.com\/index.php\/product-category\/fondants-parfumes\/\">Fondant parfum\u00e9 <\/a>\u00e0 utiliser dans\u00a0 <a href=\"https:\/\/faismoifondrebyc.com\/index.php\/product-category\/brules-parfum\/\">un br\u00fbleur<\/a> avec <a href=\"https:\/\/faismoifondrebyc.com\/index.php\/product\/bougie-chauffe-plat\/\">une bougie chauffe-plat.<\/a><\/p>\n<h6>Poudre parfum\u00e9e composition 100% naturel :<\/h6>\n<ul>\n<li>Bicarbonate de soude premium bio<\/li>\n<li>Fragrances de Grasse<\/li>\n<\/ul>\n<h6>Pour parfumer et d\u00e9sodoriser l&rsquo;atmosph\u00e8re:<\/h6>\n<p>Pour cela, il suffit d&rsquo;ouvrir le sachet et de mettre la valeur de 3 cuill\u00e8res de poudre dans le sac de votre aspirateur ou directement sur le sol puis de l&rsquo;aspirer.<\/p>\n<h6>Parfumer et d\u00e9sodoriser les placards pour \u00e9viter les odeurs de renferm\u00e9 :<\/h6>\n<p>Mettre 10 cuill\u00e8res \u00e0 soupe de poudre parfum\u00e9 dans une coupelle. Remuer de temps en temps pour favoriser le contact du bicarbonate avec l\u2019air. Changer tous les 3 mois. Le contact du bicarbonate (qui a une structure relativement poreuse) avec l\u2019air, permet de pi\u00e9ger les odeurs et de les neutraliser.<\/p>\n<h6><span class=\"S1PPyQ\">Parfumer, assainir et d\u00e9sodoriser les matelas, oreillers, canap\u00e9<\/span><\/h6>\n<p>Saupoudrer la poudre uniform\u00e9ment sur le matelas et l\u2019oreiller, et bien r\u00e9partir en brossant l\u00e9g\u00e8rement pour faire p\u00e9n\u00e9trer dans les fibres. Laisser agir de 4 heures, puis aspirer. Le bicarbonate stoppe imm\u00e9diatement le d\u00e9veloppement des acariens et des moisissures responsables de la formation des allerg\u00e8nes. M\u00eame apr\u00e8s aspiration, les fines particules de bicarbonate qui restent vont freiner la r\u00e9apparition des colonies d\u2019acariens et la croissance des moisissures.<\/p>\n","protected":false},"excerpt":{"rendered":"<p>Votre meilleur alli\u00e9 du quotidien pour neutraliser les odeurs et parfumer a chaque passage d&rsquo;aspirateur, de nettoyage lit ou tapis<\/p>\n","protected":false},"featured_media":3298,"template":"","meta":{"site-sidebar-layout":"default","site-content-layout":"default","ast-site-content-layout":"default","site-content-style":"default","site-sidebar-style":"default","ast-global-header-display":"","ast-banner-title-visibility":"","ast-main-header-display":"","ast-hfb-above-header-display":"","ast-hfb-below-header-display":"","ast-hfb-mobile-header-display":"","site-post-title":"","ast-breadcrumbs-content":"","ast-featured-img":"","footer-sml-layout":"","ast-disable-related-posts":"","theme-transparent-header-meta":"default","adv-header-id-meta":"","stick-header-meta":"","header-above-stick-meta":"","header-main-stick-meta":"","header-below-stick-meta":"","astra-migrate-meta-layouts":"set","ast-page-background-enabled":"default","ast-page-background-meta":{"desktop":{"background-color":"var(--ast-global-color-4)","background-image":"","background-repeat":"repeat","background-position":"center center","background-size":"auto","background-attachment":"scroll","background-type":"","background-media":"","overlay-type":"","overlay-color":"","overlay-opacity":"","overlay-gradient":""},"tablet":{"background-color":"","background-image":"","background-repeat":"repeat","background-position":"center center","background-size":"auto","background-attachment":"scroll","background-type":"","background-media":"","overlay-type":"","overlay-color":"","overlay-opacity":"","overlay-gradient":""},"mobile":{"background-color":"","background-image":"","background-repeat":"repeat","background-position":"center center","background-size":"auto","background-attachment":"scroll","background-type":"","background-media":"","overlay-type":"","overlay-color":"","overlay-opacity":"","overlay-gradient":""}},"ast-content-background-meta":{"desktop":{"background-color":"var(--ast-global-color-5)","background-image":"","background-repeat":"repeat","background-position":"center center","background-size":"auto","background-attachment":"scroll","background-type":"","background-media":"","overlay-type":"","overlay-color":"","overlay-opacity":"","overlay-gradient":""},"tablet":{"background-color":"var(--ast-global-color-5)","background-image":"","background-repeat":"repeat","background-position":"center center","background-size":"auto","background-attachment":"scroll","background-type":"","background-media":"","overlay-type":"","overlay-color":"","overlay-opacity":"","overlay-gradient":""},"mobile":{"background-color":"var(--ast-global-color-5)","background-image":"","background-repeat":"repeat","background-position":"center center","background-size":"auto","background-attachment":"scroll","background-type":"","background-media":"","overlay-type":"","overlay-color":"","overlay-opacity":"","overlay-gradient":""}}},"product_brand":[],"product_cat":[26],"product_tag":[],"class_list":{"0":"post-3266","1":"product","2":"type-product","3":"status-publish","4":"has-post-thumbnail","6":"product_cat-diffuseur-parfume","7":"desktop-align-left","8":"tablet-align-left","9":"mobile-align-left","10":"ast-product-gallery-layout-horizontal-slider","11":"ast-product-single-variable","12":"ast-product-tabs-layout-horizontal","14":"first","15":"instock","16":"shipping-taxable","17":"purchasable","18":"product-type-variable"},"yoast_head":"<!-- This site is optimized with the Yoast SEO plugin v27.4 - https:\/\/yoast.com\/product\/yoast-seo-wordpress\/ -->\n<title>Poudre parfum\u00e9e - Fais moi fondre<\/title>\n<meta name=\"description\" content=\"Poudre parfum\u00e9e pour assainir et parfumer son int\u00e9rieur sainement et de mani\u00e8re durable, saupoudrez sur tapis, placard, poubelle, aspirateur\" \/>\n<meta name=\"robots\" content=\"index, follow, max-snippet:-1, max-image-preview:large, max-video-preview:-1\" \/>\n<link rel=\"canonical\" href=\"https:\/\/faismoifondrebyc.com\/index.php\/product\/poudre-parfumee\/\" \/>\n<meta property=\"og:locale\" content=\"fr_FR\" \/>\n<meta property=\"og:type\" content=\"article\" \/>\n<meta property=\"og:title\" content=\"Poudre parfum\u00e9e - Fais moi fondre\" \/>\n<meta property=\"og:description\" content=\"Poudre parfum\u00e9e pour assainir et parfumer son int\u00e9rieur sainement et de mani\u00e8re durable, saupoudrez sur tapis, placard, poubelle, aspirateur\" \/>\n<meta property=\"og:url\" content=\"https:\/\/faismoifondrebyc.com\/index.php\/product\/poudre-parfumee\/\" \/>\n<meta property=\"og:site_name\" content=\"Fais moi fondre\" \/>\n<meta property=\"article:publisher\" content=\"https:\/\/www.facebook.com\/faismoifondrebyC\" \/>\n<meta property=\"article:modified_time\" content=\"2026-02-08T22:08:01+00:00\" \/>\n<meta property=\"og:image\" content=\"https:\/\/faismoifondrebyc.com\/wp-content\/uploads\/2023\/04\/IMG_9114-scaled-e1685092724609.jpeg\" \/>\n\t<meta property=\"og:image:width\" content=\"1440\" \/>\n\t<meta property=\"og:image:height\" content=\"1920\" \/>\n\t<meta property=\"og:image:type\" content=\"image\/jpeg\" \/>\n<meta name=\"twitter:card\" content=\"summary_large_image\" \/>\n<meta name=\"twitter:label1\" content=\"Dur\u00e9e de lecture estim\u00e9e\" \/>\n\t<meta name=\"twitter:data1\" content=\"2 minutes\" \/>\n<script type=\"application\/ld+json\" class=\"yoast-schema-graph\">{\"@context\":\"https:\\\/\\\/schema.org\",\"@graph\":[{\"@type\":\"WebPage\",\"@id\":\"https:\\\/\\\/faismoifondrebyc.com\\\/index.php\\\/product\\\/poudre-parfumee\\\/\",\"url\":\"https:\\\/\\\/faismoifondrebyc.com\\\/index.php\\\/product\\\/poudre-parfumee\\\/\",\"name\":\"Poudre parfum\u00e9e - Fais moi fondre\",\"isPartOf\":{\"@id\":\"https:\\\/\\\/faismoifondrebyc.com\\\/#website\"},\"primaryImageOfPage\":{\"@id\":\"https:\\\/\\\/faismoifondrebyc.com\\\/index.php\\\/product\\\/poudre-parfumee\\\/#primaryimage\"},\"image\":{\"@id\":\"https:\\\/\\\/faismoifondrebyc.com\\\/index.php\\\/product\\\/poudre-parfumee\\\/#primaryimage\"},\"thumbnailUrl\":\"https:\\\/\\\/faismoifondrebyc.com\\\/wp-content\\\/uploads\\\/2023\\\/04\\\/IMG_9114-scaled-e1685092724609.jpeg\",\"datePublished\":\"2023-04-24T16:41:06+00:00\",\"dateModified\":\"2026-02-08T22:08:01+00:00\",\"description\":\"Poudre parfum\u00e9e pour assainir et parfumer son int\u00e9rieur sainement et de mani\u00e8re durable, saupoudrez sur tapis, placard, poubelle, aspirateur\",\"breadcrumb\":{\"@id\":\"https:\\\/\\\/faismoifondrebyc.com\\\/index.php\\\/product\\\/poudre-parfumee\\\/#breadcrumb\"},\"inLanguage\":\"fr-FR\",\"potentialAction\":[{\"@type\":\"ReadAction\",\"target\":[\"https:\\\/\\\/faismoifondrebyc.com\\\/index.php\\\/product\\\/poudre-parfumee\\\/\"]}]},{\"@type\":\"ImageObject\",\"inLanguage\":\"fr-FR\",\"@id\":\"https:\\\/\\\/faismoifondrebyc.com\\\/index.php\\\/product\\\/poudre-parfumee\\\/#primaryimage\",\"url\":\"https:\\\/\\\/faismoifondrebyc.com\\\/wp-content\\\/uploads\\\/2023\\\/04\\\/IMG_9114-scaled-e1685092724609.jpeg\",\"contentUrl\":\"https:\\\/\\\/faismoifondrebyc.com\\\/wp-content\\\/uploads\\\/2023\\\/04\\\/IMG_9114-scaled-e1685092724609.jpeg\",\"width\":1440,\"height\":1920},{\"@type\":\"BreadcrumbList\",\"@id\":\"https:\\\/\\\/faismoifondrebyc.com\\\/index.php\\\/product\\\/poudre-parfumee\\\/#breadcrumb\",\"itemListElement\":[{\"@type\":\"ListItem\",\"position\":1,\"name\":\"Accueil\",\"item\":\"https:\\\/\\\/faismoifondrebyc.com\\\/\"},{\"@type\":\"ListItem\",\"position\":2,\"name\":\"Boutique\",\"item\":\"https:\\\/\\\/faismoifondrebyc.com\\\/index.php\\\/boutique\\\/\"},{\"@type\":\"ListItem\",\"position\":3,\"name\":\"Poudre parfum\u00e9e\"}]},{\"@type\":\"WebSite\",\"@id\":\"https:\\\/\\\/faismoifondrebyc.com\\\/#website\",\"url\":\"https:\\\/\\\/faismoifondrebyc.com\\\/\",\"name\":\"Fais moi fondre by C\",\"description\":\"cr\u00e9atrice de senteurs\",\"publisher\":{\"@id\":\"https:\\\/\\\/faismoifondrebyc.com\\\/#organization\"},\"potentialAction\":[{\"@type\":\"SearchAction\",\"target\":{\"@type\":\"EntryPoint\",\"urlTemplate\":\"https:\\\/\\\/faismoifondrebyc.com\\\/?s={search_term_string}\"},\"query-input\":{\"@type\":\"PropertyValueSpecification\",\"valueRequired\":true,\"valueName\":\"search_term_string\"}}],\"inLanguage\":\"fr-FR\"},{\"@type\":\"Organization\",\"@id\":\"https:\\\/\\\/faismoifondrebyc.com\\\/#organization\",\"name\":\"Fais moi fondre by C\",\"url\":\"https:\\\/\\\/faismoifondrebyc.com\\\/\",\"logo\":{\"@type\":\"ImageObject\",\"inLanguage\":\"fr-FR\",\"@id\":\"https:\\\/\\\/faismoifondrebyc.com\\\/#\\\/schema\\\/logo\\\/image\\\/\",\"url\":\"https:\\\/\\\/faismoifondrebyc.com\\\/wp-content\\\/uploads\\\/2023\\\/03\\\/cropped-Sans-titre-1.png\",\"contentUrl\":\"https:\\\/\\\/faismoifondrebyc.com\\\/wp-content\\\/uploads\\\/2023\\\/03\\\/cropped-Sans-titre-1.png\",\"width\":1080,\"height\":1080,\"caption\":\"Fais moi fondre by C\"},\"image\":{\"@id\":\"https:\\\/\\\/faismoifondrebyc.com\\\/#\\\/schema\\\/logo\\\/image\\\/\"},\"sameAs\":[\"https:\\\/\\\/www.facebook.com\\\/faismoifondrebyC\",\"https:\\\/\\\/www.instagram.com\\\/faismoifondrebyc\\\/\"]}]}<\/script>\n<!-- \/ Yoast SEO plugin. -->","yoast_head_json":{"title":"Poudre parfum\u00e9e - Fais moi fondre","description":"Poudre parfum\u00e9e pour assainir et parfumer son int\u00e9rieur sainement et de mani\u00e8re durable, saupoudrez sur tapis, placard, poubelle, aspirateur","robots":{"index":"index","follow":"follow","max-snippet":"max-snippet:-1","max-image-preview":"max-image-preview:large","max-video-preview":"max-video-preview:-1"},"canonical":"https:\/\/faismoifondrebyc.com\/index.php\/product\/poudre-parfumee\/","og_locale":"fr_FR","og_type":"article","og_title":"Poudre parfum\u00e9e - Fais moi fondre","og_description":"Poudre parfum\u00e9e pour assainir et parfumer son int\u00e9rieur sainement et de mani\u00e8re durable, saupoudrez sur tapis, placard, poubelle, aspirateur","og_url":"https:\/\/faismoifondrebyc.com\/index.php\/product\/poudre-parfumee\/","og_site_name":"Fais moi fondre","article_publisher":"https:\/\/www.facebook.com\/faismoifondrebyC","article_modified_time":"2026-02-08T22:08:01+00:00","og_image":[{"width":1440,"height":1920,"url":"https:\/\/faismoifondrebyc.com\/wp-content\/uploads\/2023\/04\/IMG_9114-scaled-e1685092724609.jpeg","type":"image\/jpeg"}],"twitter_card":"summary_large_image","twitter_misc":{"Dur\u00e9e de lecture estim\u00e9e":"2 minutes"},"schema":{"@context":"https:\/\/schema.org","@graph":[{"@type":"WebPage","@id":"https:\/\/faismoifondrebyc.com\/index.php\/product\/poudre-parfumee\/","url":"https:\/\/faismoifondrebyc.com\/index.php\/product\/poudre-parfumee\/","name":"Poudre parfum\u00e9e - Fais moi fondre","isPartOf":{"@id":"https:\/\/faismoifondrebyc.com\/#website"},"primaryImageOfPage":{"@id":"https:\/\/faismoifondrebyc.com\/index.php\/product\/poudre-parfumee\/#primaryimage"},"image":{"@id":"https:\/\/faismoifondrebyc.com\/index.php\/product\/poudre-parfumee\/#primaryimage"},"thumbnailUrl":"https:\/\/faismoifondrebyc.com\/wp-content\/uploads\/2023\/04\/IMG_9114-scaled-e1685092724609.jpeg","datePublished":"2023-04-24T16:41:06+00:00","dateModified":"2026-02-08T22:08:01+00:00","description":"Poudre parfum\u00e9e pour assainir et parfumer son int\u00e9rieur sainement et de mani\u00e8re durable, saupoudrez sur tapis, placard, poubelle, aspirateur","breadcrumb":{"@id":"https:\/\/faismoifondrebyc.com\/index.php\/product\/poudre-parfumee\/#breadcrumb"},"inLanguage":"fr-FR","potentialAction":[{"@type":"ReadAction","target":["https:\/\/faismoifondrebyc.com\/index.php\/product\/poudre-parfumee\/"]}]},{"@type":"ImageObject","inLanguage":"fr-FR","@id":"https:\/\/faismoifondrebyc.com\/index.php\/product\/poudre-parfumee\/#primaryimage","url":"https:\/\/faismoifondrebyc.com\/wp-content\/uploads\/2023\/04\/IMG_9114-scaled-e1685092724609.jpeg","contentUrl":"https:\/\/faismoifondrebyc.com\/wp-content\/uploads\/2023\/04\/IMG_9114-scaled-e1685092724609.jpeg","width":1440,"height":1920},{"@type":"BreadcrumbList","@id":"https:\/\/faismoifondrebyc.com\/index.php\/product\/poudre-parfumee\/#breadcrumb","itemListElement":[{"@type":"ListItem","position":1,"name":"Accueil","item":"https:\/\/faismoifondrebyc.com\/"},{"@type":"ListItem","position":2,"name":"Boutique","item":"https:\/\/faismoifondrebyc.com\/index.php\/boutique\/"},{"@type":"ListItem","position":3,"name":"Poudre parfum\u00e9e"}]},{"@type":"WebSite","@id":"https:\/\/faismoifondrebyc.com\/#website","url":"https:\/\/faismoifondrebyc.com\/","name":"Fais moi fondre by C","description":"cr\u00e9atrice de senteurs","publisher":{"@id":"https:\/\/faismoifondrebyc.com\/#organization"},"potentialAction":[{"@type":"SearchAction","target":{"@type":"EntryPoint","urlTemplate":"https:\/\/faismoifondrebyc.com\/?s={search_term_string}"},"query-input":{"@type":"PropertyValueSpecification","valueRequired":true,"valueName":"search_term_string"}}],"inLanguage":"fr-FR"},{"@type":"Organization","@id":"https:\/\/faismoifondrebyc.com\/#organization","name":"Fais moi fondre by C","url":"https:\/\/faismoifondrebyc.com\/","logo":{"@type":"ImageObject","inLanguage":"fr-FR","@id":"https:\/\/faismoifondrebyc.com\/#\/schema\/logo\/image\/","url":"https:\/\/faismoifondrebyc.com\/wp-content\/uploads\/2023\/03\/cropped-Sans-titre-1.png","contentUrl":"https:\/\/faismoifondrebyc.com\/wp-content\/uploads\/2023\/03\/cropped-Sans-titre-1.png","width":1080,"height":1080,"caption":"Fais moi fondre by C"},"image":{"@id":"https:\/\/faismoifondrebyc.com\/#\/schema\/logo\/image\/"},"sameAs":["https:\/\/www.facebook.com\/faismoifondrebyC","https:\/\/www.instagram.com\/faismoifondrebyc\/"]}]}},"_links":{"self":[{"href":"https:\/\/faismoifondrebyc.com\/index.php\/wp-json\/wp\/v2\/product\/3266","targetHints":{"allow":["GET"]}}],"collection":[{"href":"https:\/\/faismoifondrebyc.com\/index.php\/wp-json\/wp\/v2\/product"}],"about":[{"href":"https:\/\/faismoifondrebyc.com\/index.php\/wp-json\/wp\/v2\/types\/product"}],"version-history":[{"count":1,"href":"https:\/\/faismoifondrebyc.com\/index.php\/wp-json\/wp\/v2\/product\/3266\/revisions"}],"predecessor-version":[{"id":5976,"href":"https:\/\/faismoifondrebyc.com\/index.php\/wp-json\/wp\/v2\/product\/3266\/revisions\/5976"}],"wp:featuredmedia":[{"embeddable":true,"href":"https:\/\/faismoifondrebyc.com\/index.php\/wp-json\/wp\/v2\/media\/3298"}],"wp:attachment":[{"href":"https:\/\/faismoifondrebyc.com\/index.php\/wp-json\/wp\/v2\/media?parent=3266"}],"wp:term":[{"taxonomy":"product_brand","embeddable":true,"href":"https:\/\/faismoifondrebyc.com\/index.php\/wp-json\/wp\/v2\/product_brand?post=3266"},{"taxonomy":"product_cat","embeddable":true,"href":"https:\/\/faismoifondrebyc.com\/index.php\/wp-json\/wp\/v2\/product_cat?post=3266"},{"taxonomy":"product_tag","embeddable":true,"href":"https:\/\/faismoifondrebyc.com\/index.php\/wp-json\/wp\/v2\/product_tag?post=3266"}],"curies":[{"name":"wp","href":"https:\/\/api.w.org\/{rel}","templated":true}]}}