{"id":234,"date":"2021-08-18T03:21:54","date_gmt":"2021-08-18T01:21:54","guid":{"rendered":"https:\/\/faismoifondrebyc.com\/index.php\/product\/peperomia-lemon-lime\/"},"modified":"2025-12-05T10:42:11","modified_gmt":"2025-12-05T09:42:11","slug":"monoi-peche","status":"publish","type":"product","link":"https:\/\/faismoifondrebyc.com\/index.php\/product\/monoi-peche\/","title":{"rendered":"Mono\u00ef p\u00eache"},"content":{"rendered":"<p>Fondant parfum\u00e9 Mono\u00ef p\u00eache \u00e0 utiliser dans <a href=\"https:\/\/faismoifondrebyc.com\/index.php\/product-category\/brules-parfum\/\">un br\u00fbleur<\/a> avec une bougie<a href=\"https:\/\/faismoifondrebyc.com\/index.php\/product\/bougie-chauffe-plat\/\"> chauffe-plat<\/a>. Le fondant parfum\u00e9 Mono\u00ef p\u00eache vous fera voyager avec ses notes gourmandes et estivales.<\/p>\n<h6><\/h6>\n<h6>Maxi : Pour Les Grandes Pi\u00e8ces \u00c0 Vivre Ou Les Pi\u00e8ces Ouvertes, Vous Pouvez Couper Le Fondant En 2 Pour Diminuer L\u2019intensit\u00e9, Dur\u00e9e De Diffusion +\/- 20h<\/h6>\n<h6>XL : Quand On Aime Une Senteur. La Tablette Est S\u00e9cable Tr\u00e8s Facilement En 5. Ajustez Le Grammage En Fonction De L\u2019intensit\u00e9 Souhait\u00e9e. B\u00e9n\u00e9ficiez De +\/- 45 Heures De Diffusion.<\/h6>\n<h6>XXL : Le Format Le Plus \u00c9conomique Pour Votre Senteur Pr\u00e9f\u00e9r\u00e9e.\u00a0La Tablette Est S\u00e9cable En 6. Ajustez Le Grammage En Fonction De L\u2019intensit\u00e9 Souhait\u00e9e. B\u00e9n\u00e9ficiez De +\/- 85 Heures De Diffusion.<\/h6>\n<h6>A Utiliser Maximum 2-3 Heures Par Diffusion.<\/h6>\n<p>Ingr\u00e9dients: cire de colza, mica, fragrance.<\/p>\n<p>Cire de colza: cire 100 % naturelle sans OGM ni pesticide et biod\u00e9gradable, de qualit\u00e9 premium et \u00e9co-responsable. La totalit\u00e9 des produits est coul\u00e9e \u00e0 la main dans notre atelier messin. Les parfums sont sans CMR (Canc\u00e9rig\u00e8ne, Mutag\u00e8ne, Reprotoxique), sans phtalate et r\u00e9pondent aux normes IFRA (international fragrance association).<\/p>\n<p><strong>La couleur et forme des fondants peuvent varier suivant les lots de fabrication.<\/strong><\/p>\n<p>Pr\u00e9cautions et mode d\u2019utilisation:<\/p>\n<ul>\n<li>Les bougies allum\u00e9es doivent rester hors de port\u00e9e des enfants et des animaux.<\/li>\n<li>Ne pas laisser une bougie sans surveillance.<\/li>\n<li>\u00c9teignez vos bougies avant de sortir ou avant d\u2019aller dormir.<\/li>\n<li>\u00c9loignez vos bougies allum\u00e9es des objets inflammables.<\/li>\n<li>Placez vos bougies parfum\u00e9es allum\u00e9es sur une surface stable.<\/li>\n<li>Disposez vos bougies \u00e0 l\u2019abri des courants d\u2019air pour \u00e9viter tout risque d\u2019incendie.<\/li>\n<\/ul>\n<p>Conservez vos bougies \u00e0 l\u2019abri de la lumi\u00e8re, de la chaleur et de l\u2019humidit\u00e9. Vous retrouverez \u00e0 l\u2019arri\u00e8re de chaque fondant et coffret une CLP, \u00e9tiquetage pour vous garantir la transparence des senteurs utilis\u00e9es et \u00eatre aux normes obligatoires<\/p>\n<p><img fetchpriority=\"high\" decoding=\"async\" class=\"alignnone size-medium wp-image-3865\" src=\"https:\/\/faismoifondrebyc.com\/wp-content\/uploads\/2023\/08\/A31E3232-F13D-4C71-9C9A-395A332B5E37-300x300.png\" alt=\"\" width=\"300\" height=\"300\" srcset=\"https:\/\/faismoifondrebyc.com\/wp-content\/uploads\/2023\/08\/A31E3232-F13D-4C71-9C9A-395A332B5E37-300x300.png 300w, https:\/\/faismoifondrebyc.com\/wp-content\/uploads\/2023\/08\/A31E3232-F13D-4C71-9C9A-395A332B5E37-1024x1024.png 1024w, https:\/\/faismoifondrebyc.com\/wp-content\/uploads\/2023\/08\/A31E3232-F13D-4C71-9C9A-395A332B5E37-150x150.png 150w, https:\/\/faismoifondrebyc.com\/wp-content\/uploads\/2023\/08\/A31E3232-F13D-4C71-9C9A-395A332B5E37-768x768.png 768w, https:\/\/faismoifondrebyc.com\/wp-content\/uploads\/2023\/08\/A31E3232-F13D-4C71-9C9A-395A332B5E37-96x96.png 96w, https:\/\/faismoifondrebyc.com\/wp-content\/uploads\/2023\/08\/A31E3232-F13D-4C71-9C9A-395A332B5E37-42x42.png 42w, https:\/\/faismoifondrebyc.com\/wp-content\/uploads\/2023\/08\/A31E3232-F13D-4C71-9C9A-395A332B5E37-500x500.png 500w, https:\/\/faismoifondrebyc.com\/wp-content\/uploads\/2023\/08\/A31E3232-F13D-4C71-9C9A-395A332B5E37-700x700.png 700w, https:\/\/faismoifondrebyc.com\/wp-content\/uploads\/2023\/08\/A31E3232-F13D-4C71-9C9A-395A332B5E37-100x100.png 100w, https:\/\/faismoifondrebyc.com\/wp-content\/uploads\/2023\/08\/A31E3232-F13D-4C71-9C9A-395A332B5E37.png 1181w\" sizes=\"(max-width: 300px) 100vw, 300px\" \/><\/p>\n","protected":false},"excerpt":{"rendered":"<p>Le fondant parfum\u00e9 Mono\u00ef p\u00eache vous fera voyager avec ses notes gourmandes et estivales<\/p>\n","protected":false},"featured_media":3320,"template":"","meta":{"site-sidebar-layout":"default","site-content-layout":"content-boxed-container","ast-site-content-layout":"normal-width-container","site-content-style":"boxed","site-sidebar-style":"unboxed","ast-global-header-display":"","ast-banner-title-visibility":"","ast-main-header-display":"","ast-hfb-above-header-display":"","ast-hfb-below-header-display":"","ast-hfb-mobile-header-display":"","site-post-title":"","ast-breadcrumbs-content":"","ast-featured-img":"","footer-sml-layout":"","ast-disable-related-posts":"","theme-transparent-header-meta":"default","adv-header-id-meta":"","stick-header-meta":"","header-above-stick-meta":"","header-main-stick-meta":"","header-below-stick-meta":"","astra-migrate-meta-layouts":"set","ast-page-background-enabled":"default","ast-page-background-meta":{"desktop":{"background-color":"var(--ast-global-color-4)","background-image":"","background-repeat":"repeat","background-position":"center center","background-size":"auto","background-attachment":"scroll","background-type":"","background-media":"","overlay-type":"","overlay-color":"","overlay-opacity":"","overlay-gradient":""},"tablet":{"background-color":"","background-image":"","background-repeat":"repeat","background-position":"center center","background-size":"auto","background-attachment":"scroll","background-type":"","background-media":"","overlay-type":"","overlay-color":"","overlay-opacity":"","overlay-gradient":""},"mobile":{"background-color":"","background-image":"","background-repeat":"repeat","background-position":"center center","background-size":"auto","background-attachment":"scroll","background-type":"","background-media":"","overlay-type":"","overlay-color":"","overlay-opacity":"","overlay-gradient":""}},"ast-content-background-meta":{"desktop":{"background-color":"var(--ast-global-color-5)","background-image":"","background-repeat":"repeat","background-position":"center center","background-size":"auto","background-attachment":"scroll","background-type":"","background-media":"","overlay-type":"","overlay-color":"","overlay-opacity":"","overlay-gradient":""},"tablet":{"background-color":"var(--ast-global-color-5)","background-image":"","background-repeat":"repeat","background-position":"center center","background-size":"auto","background-attachment":"scroll","background-type":"","background-media":"","overlay-type":"","overlay-color":"","overlay-opacity":"","overlay-gradient":""},"mobile":{"background-color":"var(--ast-global-color-5)","background-image":"","background-repeat":"repeat","background-position":"center center","background-size":"auto","background-attachment":"scroll","background-type":"","background-media":"","overlay-type":"","overlay-color":"","overlay-opacity":"","overlay-gradient":""}}},"product_brand":[],"product_cat":[24,38],"product_tag":[],"class_list":{"0":"post-234","1":"product","2":"type-product","3":"status-publish","4":"has-post-thumbnail","6":"product_cat-fondants-parfumes","7":"product_cat-un-air-de-vacances","8":"desktop-align-left","9":"tablet-align-left","10":"mobile-align-left","11":"ast-product-gallery-layout-horizontal-slider","12":"ast-product-single-variable","13":"ast-product-tabs-layout-horizontal","15":"first","16":"instock","17":"shipping-taxable","18":"purchasable","19":"product-type-variable"},"yoast_head":"<!-- This site is optimized with the Yoast SEO plugin v27.4 - https:\/\/yoast.com\/product\/yoast-seo-wordpress\/ -->\n<title>Mono\u00ef p\u00eache - Fais moi fondre<\/title>\n<meta name=\"description\" content=\"Le fondant parfum\u00e9 Mono\u00ef p\u00eache vous fera voyager avec ses notes gourmandes et estivales tout au long de l&#039;ann\u00e9e. Voyager en restant chez soi.\" \/>\n<meta name=\"robots\" content=\"index, follow, max-snippet:-1, max-image-preview:large, max-video-preview:-1\" \/>\n<link rel=\"canonical\" href=\"https:\/\/faismoifondrebyc.com\/index.php\/product\/monoi-peche\/\" \/>\n<meta property=\"og:locale\" content=\"fr_FR\" \/>\n<meta property=\"og:type\" content=\"article\" \/>\n<meta property=\"og:title\" content=\"Mono\u00ef p\u00eache - Fais moi fondre\" \/>\n<meta property=\"og:description\" content=\"Le fondant parfum\u00e9 Mono\u00ef p\u00eache vous fera voyager avec ses notes gourmandes et estivales tout au long de l&#039;ann\u00e9e. Voyager en restant chez soi.\" \/>\n<meta property=\"og:url\" content=\"https:\/\/faismoifondrebyc.com\/index.php\/product\/monoi-peche\/\" \/>\n<meta property=\"og:site_name\" content=\"Fais moi fondre\" \/>\n<meta property=\"article:publisher\" content=\"https:\/\/www.facebook.com\/faismoifondrebyC\" \/>\n<meta property=\"article:modified_time\" content=\"2025-12-05T09:42:11+00:00\" \/>\n<meta property=\"og:image\" content=\"https:\/\/faismoifondrebyc.com\/wp-content\/uploads\/2023\/04\/27-e1685092633625.jpg\" \/>\n\t<meta property=\"og:image:width\" content=\"1440\" \/>\n\t<meta property=\"og:image:height\" content=\"1440\" \/>\n\t<meta property=\"og:image:type\" content=\"image\/jpeg\" \/>\n<meta name=\"twitter:card\" content=\"summary_large_image\" \/>\n<meta name=\"twitter:label1\" content=\"Dur\u00e9e de lecture estim\u00e9e\" \/>\n\t<meta name=\"twitter:data1\" content=\"2 minutes\" \/>\n<script type=\"application\/ld+json\" class=\"yoast-schema-graph\">{\"@context\":\"https:\\\/\\\/schema.org\",\"@graph\":[{\"@type\":\"WebPage\",\"@id\":\"https:\\\/\\\/faismoifondrebyc.com\\\/index.php\\\/product\\\/monoi-peche\\\/\",\"url\":\"https:\\\/\\\/faismoifondrebyc.com\\\/index.php\\\/product\\\/monoi-peche\\\/\",\"name\":\"Mono\u00ef p\u00eache - Fais moi fondre\",\"isPartOf\":{\"@id\":\"https:\\\/\\\/faismoifondrebyc.com\\\/#website\"},\"primaryImageOfPage\":{\"@id\":\"https:\\\/\\\/faismoifondrebyc.com\\\/index.php\\\/product\\\/monoi-peche\\\/#primaryimage\"},\"image\":{\"@id\":\"https:\\\/\\\/faismoifondrebyc.com\\\/index.php\\\/product\\\/monoi-peche\\\/#primaryimage\"},\"thumbnailUrl\":\"https:\\\/\\\/faismoifondrebyc.com\\\/wp-content\\\/uploads\\\/2023\\\/04\\\/27-e1685092633625.jpg\",\"datePublished\":\"2021-08-18T01:21:54+00:00\",\"dateModified\":\"2025-12-05T09:42:11+00:00\",\"description\":\"Le fondant parfum\u00e9 Mono\u00ef p\u00eache vous fera voyager avec ses notes gourmandes et estivales tout au long de l'ann\u00e9e. Voyager en restant chez soi.\",\"breadcrumb\":{\"@id\":\"https:\\\/\\\/faismoifondrebyc.com\\\/index.php\\\/product\\\/monoi-peche\\\/#breadcrumb\"},\"inLanguage\":\"fr-FR\",\"potentialAction\":[{\"@type\":\"ReadAction\",\"target\":[\"https:\\\/\\\/faismoifondrebyc.com\\\/index.php\\\/product\\\/monoi-peche\\\/\"]}]},{\"@type\":\"ImageObject\",\"inLanguage\":\"fr-FR\",\"@id\":\"https:\\\/\\\/faismoifondrebyc.com\\\/index.php\\\/product\\\/monoi-peche\\\/#primaryimage\",\"url\":\"https:\\\/\\\/faismoifondrebyc.com\\\/wp-content\\\/uploads\\\/2023\\\/04\\\/27-e1685092633625.jpg\",\"contentUrl\":\"https:\\\/\\\/faismoifondrebyc.com\\\/wp-content\\\/uploads\\\/2023\\\/04\\\/27-e1685092633625.jpg\",\"width\":1440,\"height\":1440},{\"@type\":\"BreadcrumbList\",\"@id\":\"https:\\\/\\\/faismoifondrebyc.com\\\/index.php\\\/product\\\/monoi-peche\\\/#breadcrumb\",\"itemListElement\":[{\"@type\":\"ListItem\",\"position\":1,\"name\":\"Accueil\",\"item\":\"https:\\\/\\\/faismoifondrebyc.com\\\/\"},{\"@type\":\"ListItem\",\"position\":2,\"name\":\"Boutique\",\"item\":\"https:\\\/\\\/faismoifondrebyc.com\\\/index.php\\\/boutique\\\/\"},{\"@type\":\"ListItem\",\"position\":3,\"name\":\"Mono\u00ef p\u00eache\"}]},{\"@type\":\"WebSite\",\"@id\":\"https:\\\/\\\/faismoifondrebyc.com\\\/#website\",\"url\":\"https:\\\/\\\/faismoifondrebyc.com\\\/\",\"name\":\"Fais moi fondre by C\",\"description\":\"cr\u00e9atrice de senteurs\",\"publisher\":{\"@id\":\"https:\\\/\\\/faismoifondrebyc.com\\\/#organization\"},\"potentialAction\":[{\"@type\":\"SearchAction\",\"target\":{\"@type\":\"EntryPoint\",\"urlTemplate\":\"https:\\\/\\\/faismoifondrebyc.com\\\/?s={search_term_string}\"},\"query-input\":{\"@type\":\"PropertyValueSpecification\",\"valueRequired\":true,\"valueName\":\"search_term_string\"}}],\"inLanguage\":\"fr-FR\"},{\"@type\":\"Organization\",\"@id\":\"https:\\\/\\\/faismoifondrebyc.com\\\/#organization\",\"name\":\"Fais moi fondre by C\",\"url\":\"https:\\\/\\\/faismoifondrebyc.com\\\/\",\"logo\":{\"@type\":\"ImageObject\",\"inLanguage\":\"fr-FR\",\"@id\":\"https:\\\/\\\/faismoifondrebyc.com\\\/#\\\/schema\\\/logo\\\/image\\\/\",\"url\":\"https:\\\/\\\/faismoifondrebyc.com\\\/wp-content\\\/uploads\\\/2023\\\/03\\\/cropped-Sans-titre-1.png\",\"contentUrl\":\"https:\\\/\\\/faismoifondrebyc.com\\\/wp-content\\\/uploads\\\/2023\\\/03\\\/cropped-Sans-titre-1.png\",\"width\":1080,\"height\":1080,\"caption\":\"Fais moi fondre by C\"},\"image\":{\"@id\":\"https:\\\/\\\/faismoifondrebyc.com\\\/#\\\/schema\\\/logo\\\/image\\\/\"},\"sameAs\":[\"https:\\\/\\\/www.facebook.com\\\/faismoifondrebyC\",\"https:\\\/\\\/www.instagram.com\\\/faismoifondrebyc\\\/\"]}]}<\/script>\n<!-- \/ Yoast SEO plugin. -->","yoast_head_json":{"title":"Mono\u00ef p\u00eache - Fais moi fondre","description":"Le fondant parfum\u00e9 Mono\u00ef p\u00eache vous fera voyager avec ses notes gourmandes et estivales tout au long de l'ann\u00e9e. Voyager en restant chez soi.","robots":{"index":"index","follow":"follow","max-snippet":"max-snippet:-1","max-image-preview":"max-image-preview:large","max-video-preview":"max-video-preview:-1"},"canonical":"https:\/\/faismoifondrebyc.com\/index.php\/product\/monoi-peche\/","og_locale":"fr_FR","og_type":"article","og_title":"Mono\u00ef p\u00eache - Fais moi fondre","og_description":"Le fondant parfum\u00e9 Mono\u00ef p\u00eache vous fera voyager avec ses notes gourmandes et estivales tout au long de l'ann\u00e9e. Voyager en restant chez soi.","og_url":"https:\/\/faismoifondrebyc.com\/index.php\/product\/monoi-peche\/","og_site_name":"Fais moi fondre","article_publisher":"https:\/\/www.facebook.com\/faismoifondrebyC","article_modified_time":"2025-12-05T09:42:11+00:00","og_image":[{"width":1440,"height":1440,"url":"https:\/\/faismoifondrebyc.com\/wp-content\/uploads\/2023\/04\/27-e1685092633625.jpg","type":"image\/jpeg"}],"twitter_card":"summary_large_image","twitter_misc":{"Dur\u00e9e de lecture estim\u00e9e":"2 minutes"},"schema":{"@context":"https:\/\/schema.org","@graph":[{"@type":"WebPage","@id":"https:\/\/faismoifondrebyc.com\/index.php\/product\/monoi-peche\/","url":"https:\/\/faismoifondrebyc.com\/index.php\/product\/monoi-peche\/","name":"Mono\u00ef p\u00eache - Fais moi fondre","isPartOf":{"@id":"https:\/\/faismoifondrebyc.com\/#website"},"primaryImageOfPage":{"@id":"https:\/\/faismoifondrebyc.com\/index.php\/product\/monoi-peche\/#primaryimage"},"image":{"@id":"https:\/\/faismoifondrebyc.com\/index.php\/product\/monoi-peche\/#primaryimage"},"thumbnailUrl":"https:\/\/faismoifondrebyc.com\/wp-content\/uploads\/2023\/04\/27-e1685092633625.jpg","datePublished":"2021-08-18T01:21:54+00:00","dateModified":"2025-12-05T09:42:11+00:00","description":"Le fondant parfum\u00e9 Mono\u00ef p\u00eache vous fera voyager avec ses notes gourmandes et estivales tout au long de l'ann\u00e9e. Voyager en restant chez soi.","breadcrumb":{"@id":"https:\/\/faismoifondrebyc.com\/index.php\/product\/monoi-peche\/#breadcrumb"},"inLanguage":"fr-FR","potentialAction":[{"@type":"ReadAction","target":["https:\/\/faismoifondrebyc.com\/index.php\/product\/monoi-peche\/"]}]},{"@type":"ImageObject","inLanguage":"fr-FR","@id":"https:\/\/faismoifondrebyc.com\/index.php\/product\/monoi-peche\/#primaryimage","url":"https:\/\/faismoifondrebyc.com\/wp-content\/uploads\/2023\/04\/27-e1685092633625.jpg","contentUrl":"https:\/\/faismoifondrebyc.com\/wp-content\/uploads\/2023\/04\/27-e1685092633625.jpg","width":1440,"height":1440},{"@type":"BreadcrumbList","@id":"https:\/\/faismoifondrebyc.com\/index.php\/product\/monoi-peche\/#breadcrumb","itemListElement":[{"@type":"ListItem","position":1,"name":"Accueil","item":"https:\/\/faismoifondrebyc.com\/"},{"@type":"ListItem","position":2,"name":"Boutique","item":"https:\/\/faismoifondrebyc.com\/index.php\/boutique\/"},{"@type":"ListItem","position":3,"name":"Mono\u00ef p\u00eache"}]},{"@type":"WebSite","@id":"https:\/\/faismoifondrebyc.com\/#website","url":"https:\/\/faismoifondrebyc.com\/","name":"Fais moi fondre by C","description":"cr\u00e9atrice de senteurs","publisher":{"@id":"https:\/\/faismoifondrebyc.com\/#organization"},"potentialAction":[{"@type":"SearchAction","target":{"@type":"EntryPoint","urlTemplate":"https:\/\/faismoifondrebyc.com\/?s={search_term_string}"},"query-input":{"@type":"PropertyValueSpecification","valueRequired":true,"valueName":"search_term_string"}}],"inLanguage":"fr-FR"},{"@type":"Organization","@id":"https:\/\/faismoifondrebyc.com\/#organization","name":"Fais moi fondre by C","url":"https:\/\/faismoifondrebyc.com\/","logo":{"@type":"ImageObject","inLanguage":"fr-FR","@id":"https:\/\/faismoifondrebyc.com\/#\/schema\/logo\/image\/","url":"https:\/\/faismoifondrebyc.com\/wp-content\/uploads\/2023\/03\/cropped-Sans-titre-1.png","contentUrl":"https:\/\/faismoifondrebyc.com\/wp-content\/uploads\/2023\/03\/cropped-Sans-titre-1.png","width":1080,"height":1080,"caption":"Fais moi fondre by C"},"image":{"@id":"https:\/\/faismoifondrebyc.com\/#\/schema\/logo\/image\/"},"sameAs":["https:\/\/www.facebook.com\/faismoifondrebyC","https:\/\/www.instagram.com\/faismoifondrebyc\/"]}]}},"_links":{"self":[{"href":"https:\/\/faismoifondrebyc.com\/index.php\/wp-json\/wp\/v2\/product\/234","targetHints":{"allow":["GET"]}}],"collection":[{"href":"https:\/\/faismoifondrebyc.com\/index.php\/wp-json\/wp\/v2\/product"}],"about":[{"href":"https:\/\/faismoifondrebyc.com\/index.php\/wp-json\/wp\/v2\/types\/product"}],"version-history":[{"count":0,"href":"https:\/\/faismoifondrebyc.com\/index.php\/wp-json\/wp\/v2\/product\/234\/revisions"}],"wp:featuredmedia":[{"embeddable":true,"href":"https:\/\/faismoifondrebyc.com\/index.php\/wp-json\/wp\/v2\/media\/3320"}],"wp:attachment":[{"href":"https:\/\/faismoifondrebyc.com\/index.php\/wp-json\/wp\/v2\/media?parent=234"}],"wp:term":[{"taxonomy":"product_brand","embeddable":true,"href":"https:\/\/faismoifondrebyc.com\/index.php\/wp-json\/wp\/v2\/product_brand?post=234"},{"taxonomy":"product_cat","embeddable":true,"href":"https:\/\/faismoifondrebyc.com\/index.php\/wp-json\/wp\/v2\/product_cat?post=234"},{"taxonomy":"product_tag","embeddable":true,"href":"https:\/\/faismoifondrebyc.com\/index.php\/wp-json\/wp\/v2\/product_tag?post=234"}],"curies":[{"name":"wp","href":"https:\/\/api.w.org\/{rel}","templated":true}]}}